{"id":6527,"date":"2015-08-05T11:16:55","date_gmt":"2015-08-05T09:16:55","guid":{"rendered":"https:\/\/adequat.eu\/dk\/product\/fransk-kastanjehegn-200-cm-hojt\/"},"modified":"2026-03-10T09:25:20","modified_gmt":"2026-03-10T08:25:20","slug":"fransk-kastanjehegn-200-cm-hojt","status":"publish","type":"product","link":"https:\/\/adequat.eu\/dk\/product\/hegn\/kastanjehegn\/fransk-kastanjehegn-200-cm-hojt\/","title":{"rendered":"Fransk kastanjehegn 200 cm h\u00f8jt"},"content":{"rendered":"<ul>\n<li>Fransk kastanjehegn 200 cm h\u00f8jt er som navnet siger lavet af kastanjetr\u00e6. Afstanden mellem stavene er 2 cm, 4 cm, 6 cm, 8 cm eller 10 cm. Dette kastanjehegn leveres i ruller p\u00e5 3 meter (staveafstand 2 cm), 5 meter eller 10 meter (afh\u00e6ngigt af fabrikanten eller hegnets v\u00e6gt)<em>.<\/em><\/li>\n<li>Leveringstiden p\u00e5 dette produkt kan v\u00e6re lidt l\u00e6ngere end ved de kortere hegnsm\u00e5l. Kun 10% af tr\u00e6et er nemlig egnet til at lave l\u00e6ngere stave af. Vi oplyser dig gerne om de aktuelle leveringstider.<\/li>\n<li>Til Fransk kastanjehegn 200 cm h\u00f8jt bruger vi <a href=\"https:\/\/adequat.eu\/dk\/product\/stolper-dk\/kastanjestolper\/kastanjestolpe-oe-7-9-cm\/\">stolper \u00f8 7\/9 med en l\u00e6ngde p\u00e5 300\u00a0cm<\/a>. Vi anbefaler at der anbringes en stolpe per 100 cm. Til start- og slutpunkterne og hj\u00f8rnerne kan du bruge <a href=\"https:\/\/adequat.eu\/dk\/product\/stolper-dk\/kastanjestolper\/kastanjestolpe-oe-10-12-cm\/\">\u00f8 10\/12 300\u00a0cm<\/a>. Skal du anbringe dem i meget l\u00f8s jord, s\u00e5 kan du overveje at st\u00f8tte start- og slutpunkterne og hj\u00f8rnestolperne. I det tilf\u00e6lde har du for hver stolpe \u00f8 10\/12 300\u00a0cm brug for to ekstra stolper \u00f8 7\/9 300\u00a0cm. Naturligvis afh\u00e6nger det ogs\u00e5 af dine egne \u00f8nsker og omst\u00e6ndighederne.<\/li>\n<\/ul>\n<h2>Godt at vide om Fransk kastanjehegn 200 cm<\/h2>\n<ul>\n<li>Den anvendte st\u00e5ltr\u00e5d (1,8 mm) er af h\u00f8j kvalitet og galvaniseret. Den ruster ikke.<\/li>\n<li><a href=\"https:\/\/adequat.eu\/dk\/nyheder\/installationsvideo-fransk-kastanjehegn\/\">Det er let at forbinde rullerne med hinanden!<\/a>\u00a0Ved minut 1:20 i filmen f\u00e5r du pr\u00e6cist at vide, hvordan du skal gribe det an.<\/li>\n<li>Skulle en stav g\u00e5 i stykker, s\u00e5 kan du nemt <a href=\"https:\/\/adequat.eu\/dk\/nyheder\/hvordan-udskifter-jeg-selv-en-stav-i-kastanjehegnet\/\">selv udskifte<\/a> den.<\/li>\n<li>Dette h\u00f8jdem\u00e5l for Fransk kastanjehegn bruges ofte som hegn mellem haver. Jo mindre afstand mellem stavene, jo mindre\u00a0 &#8216;indkig&#8217;. Hegnet egner sig ogs\u00e5 glimrende til gavle og pergolaer samt til at lade bevokse.<\/li>\n<li>Fransk kastanjehegn 200 cm h\u00f8jt er fleksibelt og f\u00f8lger let jordens konturer.<\/li>\n<li>Vi anbefaler at du fastg\u00f8r kastanjehegnet p\u00e5 stolpen med <a href=\"https:\/\/adequat.eu\/dk\/product\/oevrigt\/installation\/fastgorelsesmaterialer\/rustfri-stalskruer-diverse-storrelser-inklusive-bit\/\">rustfri st\u00e5lskruer 4,5 x 60 mm<\/a>. P\u00e5 den m\u00e5de fikserer du hegnet mod stolpen uden at l\u00f8be risiko for at hegnet kommer til at \u2018h\u00e6nge\u2019. Med kramper er der hele tiden et vist spillerum. Skulle du alligevel foretr\u00e6kke kramper, s\u00e5 brug st\u00e5lfri eller forzinkede kramper. Garvesyren i tr\u00e6et antaster metallet og kan give sorte pletter. Hvis du bruger skruer, kan du ogs\u00e5 lettere l\u00f8sne hegnet, hvis du vil flytte det.<\/li>\n<li>Ved dette h\u00f8jdem\u00e5l kan du v\u00e6lge mellem forskellige staveafstande. Hermed mener vi afstanden mellem stavene i hegnet, m\u00e5lt fra den f\u00f8rste vikling i st\u00e5ltr\u00e5den til den sidste vikling. Afstanden mellem to stave vil alts\u00e5 altid v\u00e6re noget st\u00f8rre (ca. 1,5 til 2 cm st\u00f8rre end stave- afstanden). Eftersom det drejer sig om naturligt formede stave, vil staveafstanden ikke altid v\u00e6re pr\u00e6cis den samme.<div id='gallery-1' class='gallery galleryid-6527 gallery-columns-3 gallery-size-thumbnail'><figure class='gallery-item'>\n\t\t\t<div class='gallery-icon portrait'>\n\t\t\t\t<a href='https:\/\/adequat.eu\/dk\/wp-content\/uploads\/sites\/5\/2020\/10\/lat-afstand-e1530193761112.jpg'><img decoding=\"async\" width=\"150\" height=\"150\" src=\"https:\/\/adequat.eu\/dk\/wp-content\/uploads\/sites\/5\/2020\/10\/lat-afstand-e1530193761112-150x150.jpg\" class=\"attachment-thumbnail size-thumbnail\" alt=\"\" aria-describedby=\"gallery-1-6528\" srcset=\"https:\/\/adequat.eu\/dk\/wp-content\/uploads\/sites\/5\/2020\/10\/lat-afstand-e1530193761112-150x150.jpg 150w, https:\/\/adequat.eu\/dk\/wp-content\/uploads\/sites\/5\/2020\/10\/lat-afstand-e1530193761112-100x100.jpg 100w\" sizes=\"(max-width: 150px) 100vw, 150px\" \/><\/a>\n\t\t\t<\/div>\n\t\t\t\t<figcaption class='wp-caption-text gallery-caption' id='gallery-1-6528'>\n\t\t\t\tTr\u00e5dens vikling er ca. 4 cm (staveafstand 4 cm)\n\t\t\t\t<\/figcaption><\/figure><figure class='gallery-item'>\n\t\t\t<div class='gallery-icon portrait'>\n\t\t\t\t<a href='https:\/\/adequat.eu\/dk\/wp-content\/uploads\/sites\/5\/2020\/10\/lat-afstand-wikkeling-e1530193631697.jpg'><img decoding=\"async\" width=\"150\" height=\"150\" src=\"https:\/\/adequat.eu\/dk\/wp-content\/uploads\/sites\/5\/2020\/10\/lat-afstand-wikkeling-e1530193631697-150x150.jpg\" class=\"attachment-thumbnail size-thumbnail\" alt=\"\" aria-describedby=\"gallery-1-6529\" srcset=\"https:\/\/adequat.eu\/dk\/wp-content\/uploads\/sites\/5\/2020\/10\/lat-afstand-wikkeling-e1530193631697-150x150.jpg 150w, https:\/\/adequat.eu\/dk\/wp-content\/uploads\/sites\/5\/2020\/10\/lat-afstand-wikkeling-e1530193631697-100x100.jpg 100w\" sizes=\"(max-width: 150px) 100vw, 150px\" \/><\/a>\n\t\t\t<\/div>\n\t\t\t\t<figcaption class='wp-caption-text gallery-caption' id='gallery-1-6529'>\n\t\t\t\tAfstanden mellem stavene er ca. 5,5 cm\n\t\t\t\t<\/figcaption><\/figure>\n\t\t<\/div>\n<\/li>\n<\/ul>\n<h3>Fransk kastanjehegn opsat<\/h3>\n<ul>\n<li>Ved disse <a href=\"https:\/\/adequat.eu\/dk\/nyheder\/projekter-kastanjehegn-200-cm-hojt-forskellige-afstande-mellem-stavene\/\">projekter<\/a> er der brugt kastanjehegn 200 cm h\u00f8jt.<\/li>\n<li>Hvis du vil lade beregne, hvor meget kastanjehegn du har brug for, s\u00e5 udfyld helt uforpligtende vores\u00a0 <a href=\"https:\/\/adequat.eu\/dk\/sammensaet-dit-hegn\/\">hegnsberegner<\/a>.<\/li>\n<\/ul>\n","protected":false},"excerpt":{"rendered":"<p>Fransk kastanjehegn 200 cm h\u00f8jt er som navnet siger lavet af kastanjetr\u00e6. Afstanden mellem stavene er 2 cm, 4 cm, 6 cm, 8 cm eller&#8230;<\/p>\n","protected":false},"featured_media":6530,"comment_status":"closed","ping_status":"closed","template":"","meta":{"_acf_changed":false,"inline_featured_image":false,"_trash_the_other_posts":false,"iawp_total_views":188,"editor_notices":[]},"product_brand":[],"product_cat":[111,109,333],"product_tag":[],"class_list":{"0":"post-6527","1":"product","2":"type-product","3":"status-publish","4":"has-post-thumbnail","6":"product_cat-kastanjehegn","7":"product_cat-hegn","8":"product_cat-stakit-hegn","10":"first","11":"instock","12":"shipping-taxable","13":"purchasable","14":"product-type-variable","15":"has-default-attributes"},"composite_virtual":false,"composite_layout":"","composite_add_to_cart_form_location":"","composite_editable_in_cart":false,"composite_sold_individually_context":"","composite_shop_price_calc":"","composite_components":[],"composite_scenarios":[],"acf":[],"_links":{"self":[{"href":"https:\/\/adequat.eu\/dk\/wp-json\/wp\/v2\/product\/6527","targetHints":{"allow":["GET"]}}],"collection":[{"href":"https:\/\/adequat.eu\/dk\/wp-json\/wp\/v2\/product"}],"about":[{"href":"https:\/\/adequat.eu\/dk\/wp-json\/wp\/v2\/types\/product"}],"replies":[{"embeddable":true,"href":"https:\/\/adequat.eu\/dk\/wp-json\/wp\/v2\/comments?post=6527"}],"wp:featuredmedia":[{"embeddable":true,"href":"https:\/\/adequat.eu\/dk\/wp-json\/wp\/v2\/media\/6530"}],"wp:attachment":[{"href":"https:\/\/adequat.eu\/dk\/wp-json\/wp\/v2\/media?parent=6527"}],"wp:term":[{"taxonomy":"product_brand","embeddable":true,"href":"https:\/\/adequat.eu\/dk\/wp-json\/wp\/v2\/product_brand?post=6527"},{"taxonomy":"product_cat","embeddable":true,"href":"https:\/\/adequat.eu\/dk\/wp-json\/wp\/v2\/product_cat?post=6527"},{"taxonomy":"product_tag","embeddable":true,"href":"https:\/\/adequat.eu\/dk\/wp-json\/wp\/v2\/product_tag?post=6527"}],"curies":[{"name":"wp","href":"https:\/\/api.w.org\/{rel}","templated":true}]}}