{"id":6576,"date":"2015-08-03T13:28:08","date_gmt":"2015-08-03T11:28:08","guid":{"rendered":"https:\/\/adequat.eu\/dk\/product\/frans-kastanjehegn-120-cm-hojt\/"},"modified":"2026-03-10T09:22:39","modified_gmt":"2026-03-10T08:22:39","slug":"fransk-kastanjehegn-120-cm-hojt","status":"publish","type":"product","link":"https:\/\/adequat.eu\/dk\/product\/hegn\/kastanjehegn\/fransk-kastanjehegn-120-cm-hojt\/","title":{"rendered":"Fransk kastanjehegn 120 cm h\u00f8jt"},"content":{"rendered":"<ul>\n<li>Mest valgte h\u00f8jdem\u00e5l (med en lille staveafstand) for at beskytte b\u00f8rn<\/li>\n<li>Popul\u00e6r adskillelse til byhaver<\/li>\n<li>Bruges ofte til indhegning af dyrs opholdssteder<\/li>\n<li>Lavet af 100% b\u00e6redygtigt fransk kastanjetr\u00e6<\/li>\n<\/ul>\n<p>Fransk kastanjehegn 120 cm h\u00f8jt er som navnet siger lavet af kastanjetr\u00e6. Afstanden mellem stavene er 2 cm, 4 cm, 6 cm, 8 cm eller 10 cm. Dette kastanjehegn leveres i ruller p\u00e5 5 meter eller 10 meter (afh\u00e6ngigt af fabrikanten eller hegnets v\u00e6gt)<em>.<\/em><\/p>\n<p>Til Fransk Kastanjehegn 120\u00a0cm h\u00f8jt bruger vi <a href=\"https:\/\/adequat.eu\/dk\/product\/stolper-dk\/kastanjestolper\/kastanjestolpe-oe-7-9-cm\/\">stolper \u00f8 7\/9 med en l\u00e6ngde p\u00e5 175 cm<\/a>. Vi anbefaler at der anbringes en stolpe per 166 cm.\u00a0 Til start- og slutpunkterne og hj\u00f8rnerne kan du bruge <a href=\"https:\/\/adequat.eu\/dk\/product\/stolper-dk\/kastanjestolper\/kastanjestolpe-oe-10-12-cm\/\">\u00f8 10\/12 200\u00a0cm<\/a>. Skal du anbringe dem i meget l\u00f8s jord, s\u00e5 kan du overveje at st\u00f8tte start- og slutpunkterne og hj\u00f8rnestolperne. I det tilf\u00e6lde har du for hver stolpe \u00f8 10\/12 200\u00a0cm brug for to ekstra stolper \u00f8 7\/9 175 cm. Naturligvis afh\u00e6nger det ogs\u00e5 af dine egne \u00f8nsker og omst\u00e6ndighederne.<\/p>\n<h2>Godt at vide om Fransk kastanjehegn 120 cm<\/h2>\n<ul>\n<li>Den anvendte st\u00e5ltr\u00e5d (1,8 mm) er af h\u00f8j kvalitet og galvaniseret. Den ruster ikke.<\/li>\n<li><a href=\"https:\/\/adequat.eu\/dk\/nyheder\/installationsvideo-fransk-kastanjehegn\/\">Det er let at forbinde rullerne med hinanden!<\/a>\u00a0Ved minut 1:20 i filmen f\u00e5r du pr\u00e6cist at vide, hvordan du skal gribe det an.<\/li>\n<li>Skulle en stav g\u00e5 i stykker, s\u00e5 kan du <a href=\"https:\/\/adequat.eu\/dk\/nyheder\/hvordan-udskifter-jeg-selv-en-stav-i-kastanjehegnet\/\">nemt selv udskifte<\/a> den.<\/li>\n<li>Dette h\u00f8jdem\u00e5l for Fransk kastanjehegn bruges ofte til omhegning af gr\u00e6smarker eller til indhegning af et opholdssted til dyr. Tag h\u00f8jde for at der er plads mellem stavene, s\u00e5 afh\u00e6ngigt af det dyr som du vil holde bag indhegningen, kan du v\u00e6lge at s\u00e6tte tr\u00e5dnet bag hegnet.<\/li>\n<li>Dette h\u00f8jdem\u00e5l bruges ofte til at afgr\u00e6nse farligt terr\u00e6n (vand, vej) for b\u00f8rn. S\u00f8rg derfor for at du holder afstanden mellem stavene s\u00e5 lille som muligt (2 eller 4 centimeter), s\u00e5dan at b\u00f8rn ikke kan bruge hegnet som &#8216;trappe&#8217;!<\/li>\n<li>Dette h\u00f8jdem\u00e5l bruges ofte til at im\u00f8deg\u00e5 kliterosion.<\/li>\n<li>Dette h\u00f8jdem\u00e5l bruges ofte til omhegning ved events.<\/li>\n<li>Fransk kastanjehegn 120 cm h\u00f8jt er fleksibelt og f\u00f8lger let konturerne i din jord.<\/li>\n<li>Vi anbefaler at du fastg\u00f8r kastanjehegnet p\u00e5 stolpen med <a href=\"https:\/\/adequat.eu\/dk\/product\/oevrigt\/installation\/fastgorelsesmaterialer\/rustfri-stalskruer-diverse-storrelser-inklusive-bit\/\">rustfri st\u00e5lskruer 4,5 x 60 mm<\/a>. P\u00e5 den m\u00e5de fikserer du hegnet mod stolpen uden at l\u00f8be risiko for at hegnet kommer til at \u2018h\u00e6nge\u2019. Med kramper er der hele tiden et vist spillerum. Skulle du alligevel foretr\u00e6kke kramper, s\u00e5 brug st\u00e5lfri eller forzinkede kramper. Garvesyren i tr\u00e6et antaster metallet og kan give sorte pletter. Hvis du bruger skruer, kan du ogs\u00e5 lettere l\u00f8sne hegnet, hvis du vil flytte det.<\/li>\n<li>Ved dette h\u00f8jdem\u00e5l kan du v\u00e6lge mellem forskellige staveafstande. Hermed mener vi afstanden mellem stavene i hegnet, m\u00e5lt fra den f\u00f8rste vikling i st\u00e5ltr\u00e5den til den sidste vikling. Afstanden mellem to stave vil alts\u00e5 altid v\u00e6re noget st\u00f8rre (ca. 1,5 til 2 cm st\u00f8rre end stave- afstanden). Eftersom det drejer sig om naturligt formede stave, vil staveafstanden ikke altid v\u00e6re pr\u00e6cis den samme.<div id='gallery-1' class='gallery galleryid-6576 gallery-columns-3 gallery-size-thumbnail'><figure class='gallery-item'>\n\t\t\t<div class='gallery-icon portrait'>\n\t\t\t\t<a href='https:\/\/adequat.eu\/dk\/wp-content\/uploads\/sites\/5\/2020\/10\/lat-afstand-e1530193761112.jpg'><img decoding=\"async\" width=\"150\" height=\"150\" src=\"https:\/\/adequat.eu\/dk\/wp-content\/uploads\/sites\/5\/2020\/10\/lat-afstand-e1530193761112-150x150.jpg\" class=\"attachment-thumbnail size-thumbnail\" alt=\"\" aria-describedby=\"gallery-1-6528\" srcset=\"https:\/\/adequat.eu\/dk\/wp-content\/uploads\/sites\/5\/2020\/10\/lat-afstand-e1530193761112-150x150.jpg 150w, https:\/\/adequat.eu\/dk\/wp-content\/uploads\/sites\/5\/2020\/10\/lat-afstand-e1530193761112-100x100.jpg 100w\" sizes=\"(max-width: 150px) 100vw, 150px\" \/><\/a>\n\t\t\t<\/div>\n\t\t\t\t<figcaption class='wp-caption-text gallery-caption' id='gallery-1-6528'>\n\t\t\t\tTr\u00e5dens vikling er ca. 4 cm (staveafstand 4 cm)\n\t\t\t\t<\/figcaption><\/figure><figure class='gallery-item'>\n\t\t\t<div class='gallery-icon portrait'>\n\t\t\t\t<a href='https:\/\/adequat.eu\/dk\/wp-content\/uploads\/sites\/5\/2020\/10\/lat-afstand-wikkeling-e1530193631697.jpg'><img decoding=\"async\" width=\"150\" height=\"150\" src=\"https:\/\/adequat.eu\/dk\/wp-content\/uploads\/sites\/5\/2020\/10\/lat-afstand-wikkeling-e1530193631697-150x150.jpg\" class=\"attachment-thumbnail size-thumbnail\" alt=\"\" aria-describedby=\"gallery-1-6529\" srcset=\"https:\/\/adequat.eu\/dk\/wp-content\/uploads\/sites\/5\/2020\/10\/lat-afstand-wikkeling-e1530193631697-150x150.jpg 150w, https:\/\/adequat.eu\/dk\/wp-content\/uploads\/sites\/5\/2020\/10\/lat-afstand-wikkeling-e1530193631697-100x100.jpg 100w\" sizes=\"(max-width: 150px) 100vw, 150px\" \/><\/a>\n\t\t\t<\/div>\n\t\t\t\t<figcaption class='wp-caption-text gallery-caption' id='gallery-1-6529'>\n\t\t\t\tAfstanden mellem stavene er ca. 5,5 cm\n\t\t\t\t<\/figcaption><\/figure>\n\t\t<\/div>\n<\/li>\n<\/ul>\n<h3>K\u00f8be fransk kastanjehegn?<\/h3>\n<ul>\n<li>Ved disse <a href=\"https:\/\/adequat.eu\/dk\/nyheder\/projekter-kastanjehegn-120-cm-hojt-forskellige-afstande-mellem-stavene\/\">projekter<\/a> er der brugt fransk kastanjehegn 120 cm h\u00f8jt.<\/li>\n<li>Hvis du vil lade beregne, hvor meget kastanjehegn du har brug for, s\u00e5 udfyld helt uforpligtende vores <a href=\"https:\/\/adequat.eu\/dk\/sammensaet-dit-hegn\/\">hegnsberegner<\/a>.<\/li>\n<\/ul>\n","protected":false},"excerpt":{"rendered":"<p>Mest valgte h\u00f8jdem\u00e5l (med en lille staveafstand) for at beskytte b\u00f8rn Popul\u00e6r adskillelse til byhaver Bruges ofte til indhegning af dyrs opholdssteder Lavet af 100%&#8230;<\/p>\n","protected":false},"featured_media":6577,"comment_status":"closed","ping_status":"closed","template":"","meta":{"_acf_changed":false,"inline_featured_image":false,"_trash_the_other_posts":false,"iawp_total_views":492,"editor_notices":[]},"product_brand":[],"product_cat":[111,109,333],"product_tag":[],"class_list":{"0":"post-6576","1":"product","2":"type-product","3":"status-publish","4":"has-post-thumbnail","6":"product_cat-kastanjehegn","7":"product_cat-hegn","8":"product_cat-stakit-hegn","10":"first","11":"instock","12":"shipping-taxable","13":"purchasable","14":"product-type-variable","15":"has-default-attributes"},"composite_virtual":false,"composite_layout":"","composite_add_to_cart_form_location":"","composite_editable_in_cart":false,"composite_sold_individually_context":"","composite_shop_price_calc":"","composite_components":[],"composite_scenarios":[],"acf":[],"_links":{"self":[{"href":"https:\/\/adequat.eu\/dk\/wp-json\/wp\/v2\/product\/6576","targetHints":{"allow":["GET"]}}],"collection":[{"href":"https:\/\/adequat.eu\/dk\/wp-json\/wp\/v2\/product"}],"about":[{"href":"https:\/\/adequat.eu\/dk\/wp-json\/wp\/v2\/types\/product"}],"replies":[{"embeddable":true,"href":"https:\/\/adequat.eu\/dk\/wp-json\/wp\/v2\/comments?post=6576"}],"wp:featuredmedia":[{"embeddable":true,"href":"https:\/\/adequat.eu\/dk\/wp-json\/wp\/v2\/media\/6577"}],"wp:attachment":[{"href":"https:\/\/adequat.eu\/dk\/wp-json\/wp\/v2\/media?parent=6576"}],"wp:term":[{"taxonomy":"product_brand","embeddable":true,"href":"https:\/\/adequat.eu\/dk\/wp-json\/wp\/v2\/product_brand?post=6576"},{"taxonomy":"product_cat","embeddable":true,"href":"https:\/\/adequat.eu\/dk\/wp-json\/wp\/v2\/product_cat?post=6576"},{"taxonomy":"product_tag","embeddable":true,"href":"https:\/\/adequat.eu\/dk\/wp-json\/wp\/v2\/product_tag?post=6576"}],"curies":[{"name":"wp","href":"https:\/\/api.w.org\/{rel}","templated":true}]}}