{"id":6650,"date":"2015-08-03T05:41:07","date_gmt":"2015-08-03T03:41:07","guid":{"rendered":"https:\/\/adequat.eu\/dk\/product\/fransk-kastanjehegn-50-cm-hojt\/"},"modified":"2026-03-10T09:19:10","modified_gmt":"2026-03-10T08:19:10","slug":"fransk-stakithegn-50-cm-hojt","status":"publish","type":"product","link":"https:\/\/adequat.eu\/dk\/product\/hegn\/kastanjehegn\/fransk-stakithegn-50-cm-hojt\/","title":{"rendered":"Fransk kastanjehegn 50 cm h\u00f8jt"},"content":{"rendered":"<ul>\n<li style=\"font-weight: 400\"><span style=\"font-weight: 400\">Mest k\u00f8bte til blomsterbed (staveafstand 8 eller 10 cm)<\/span><\/li>\n<li style=\"font-weight: 400\"><span style=\"font-weight: 400\">Fleksibelt hegn; tilpasser sig konturer og h\u00f8jdeforskelle<\/span><\/li>\n<li style=\"font-weight: 400\"><span style=\"font-weight: 400\">Overkommelig pris og b\u00e6redygtig<\/span><\/li>\n<\/ul>\n<p>Fransk kastanjehegn 50 cm h\u00f8jt er som navnet siger lavet af kastanjetr\u00e6. Afstanden mellem stavene er 2 cm, 4 cm, 6 cm, 8 cm eller 10 cm. Dette kastanjehegn leveres i ruller p\u00e5 5 meter eller 10 meter (afh\u00e6ngigt af fabrikanten eller hegnets v\u00e6gt)<em>.<\/em><\/p>\n<p>Til Fransk kastanjehegn 50 cm h\u00f8jt bruger vi <a href=\"https:\/\/adequat.eu\/dk\/product\/stolper-dk\/kastanjestolper\/kastanjestolpe-oe-7-9-cm\/\">stolper \u00f8 7\/9 med en l\u00e6ngde p\u00e5 125 cm<\/a>. Vi anbefaler at der anbringes en stolpe hver anden meter. Til start- og slutpunkterne og hj\u00f8rnerne kan du ogs\u00e5 bruge \u00f8 7\/9 125 cm. For soliditetens skyld udv\u00e6lger du da de tykkeste eksemplarer til hj\u00f8rnerne og start- og slutpunkterne. Skal du anbringe dem i meget l\u00f8s jord, s\u00e5 kan du overveje at st\u00f8tte start- og slutpunkterne og hj\u00f8rnestolperne. I det tilf\u00e6lde har du for hver hj\u00f8rne-, start- eller slutstolpe brug for to ekstra stolper \u00f8 7\/9 125 cm. Naturligvis afh\u00e6nger det ogs\u00e5 af dine egne \u00f8nsker og omst\u00e6ndighederne.<\/p>\n<h2>Godt at vide om Fransk kastanjehegn 50 cm<\/h2>\n<ul>\n<li>Den anvendte st\u00e5ltr\u00e5d (1,8 mm) er af h\u00f8j kvalitet og galvaniseret. Den ruster ikke.<\/li>\n<li><a href=\"https:\/\/adequat.eu\/dk\/nyheder\/installationsvideo-fransk-kastanjehegn\/\">Det er let at forbinde rullerne med hinanden!<\/a>\u00a0Ved minut 1:20 i filmen f\u00e5r du pr\u00e6cist at vide, hvordan du skal gribe det an.<\/li>\n<li>Skulle en stav g\u00e5 i stykker, s\u00e5 kan du nemt <a href=\"https:\/\/adequat.eu\/dk\/nyheder\/hvordan-udskifter-jeg-selv-en-stav-i-kastanjehegnet\/\">selv udskifte<\/a> den.<\/li>\n<li>Kastanjehegn 50 cm bruges ofte til indhegning af bede og blomsterbede. Kastanjetr\u00e6 er fra naturens side beskyttet mod fugt og skimmelsvampe. Du beh\u00f8ver alts\u00e5 derfor ikke at behandle det og du risikerer derfor heller ikke at giftige stoffer skal forurene din jord.<\/li>\n<li>Fransk kastanjehegn 50 cm h\u00f8jt er fleksibelt og f\u00f8lger let konturerne i din jord.<\/li>\n<li>Vi anbefaler at du fastg\u00f8r kastanjehegnet p\u00e5 stolpen <a href=\"https:\/\/adequat.eu\/dk\/product\/oevrigt\/installation\/fastgorelsesmaterialer\/rustfri-stalskruer-diverse-storrelser-inklusive-bit\/\">med rustfri st\u00e5lskruer 4,5 x 60 mm<\/a>. P\u00e5 den m\u00e5de fikserer du hegnet mod stolpen uden at l\u00f8be risiko for at hegnet kommer til at \u2018h\u00e6nge\u2019. Med kramper er der hele tiden et vist spillerum. Skulle du alligevel foretr\u00e6kke kramper, s\u00e5 brug st\u00e5lfri eller forzinkede kramper. Garvesyren i tr\u00e6et antaster metallet og kan give sorte pletter. Hvis du bruger skruer, kan du ogs\u00e5 lettere l\u00f8sne hegnet, hvis du vil flytte det.<\/li>\n<li>Ved dette h\u00f8jdem\u00e5l kan du v\u00e6lge mellem forskellige staveafstande. Hermed mener vi afstanden mellem stavene i hegnet, m\u00e5lt fra den f\u00f8rste vikling i st\u00e5ltr\u00e5den til den sidste vikling. Afstanden mellem to stave vil alts\u00e5 altid v\u00e6re noget st\u00f8rre (ca. 1,5 til 2 cm st\u00f8rre end stave- afstanden). Eftersom det drejer sig om naturligt formede stave, vil staveafstanden ikke altid v\u00e6re pr\u00e6cis den samme.<\/li>\n<\/ul>\n<div id='gallery-1' class='gallery galleryid-6650 gallery-columns-3 gallery-size-thumbnail'><figure class='gallery-item'>\n\t\t\t<div class='gallery-icon portrait'>\n\t\t\t\t<a href='https:\/\/adequat.eu\/dk\/wp-content\/uploads\/sites\/5\/2020\/10\/lat-afstand-e1530193761112.jpg'><img decoding=\"async\" width=\"150\" height=\"150\" src=\"https:\/\/adequat.eu\/dk\/wp-content\/uploads\/sites\/5\/2020\/10\/lat-afstand-e1530193761112-150x150.jpg\" class=\"attachment-thumbnail size-thumbnail\" alt=\"\" aria-describedby=\"gallery-1-6528\" srcset=\"https:\/\/adequat.eu\/dk\/wp-content\/uploads\/sites\/5\/2020\/10\/lat-afstand-e1530193761112-150x150.jpg 150w, https:\/\/adequat.eu\/dk\/wp-content\/uploads\/sites\/5\/2020\/10\/lat-afstand-e1530193761112-100x100.jpg 100w\" sizes=\"(max-width: 150px) 100vw, 150px\" \/><\/a>\n\t\t\t<\/div>\n\t\t\t\t<figcaption class='wp-caption-text gallery-caption' id='gallery-1-6528'>\n\t\t\t\tTr\u00e5dens vikling er ca. 4 cm (staveafstand 4 cm)\n\t\t\t\t<\/figcaption><\/figure><figure class='gallery-item'>\n\t\t\t<div class='gallery-icon portrait'>\n\t\t\t\t<a href='https:\/\/adequat.eu\/dk\/wp-content\/uploads\/sites\/5\/2020\/10\/lat-afstand-wikkeling-e1530193631697.jpg'><img decoding=\"async\" width=\"150\" height=\"150\" src=\"https:\/\/adequat.eu\/dk\/wp-content\/uploads\/sites\/5\/2020\/10\/lat-afstand-wikkeling-e1530193631697-150x150.jpg\" class=\"attachment-thumbnail size-thumbnail\" alt=\"\" aria-describedby=\"gallery-1-6529\" srcset=\"https:\/\/adequat.eu\/dk\/wp-content\/uploads\/sites\/5\/2020\/10\/lat-afstand-wikkeling-e1530193631697-150x150.jpg 150w, https:\/\/adequat.eu\/dk\/wp-content\/uploads\/sites\/5\/2020\/10\/lat-afstand-wikkeling-e1530193631697-100x100.jpg 100w\" sizes=\"(max-width: 150px) 100vw, 150px\" \/><\/a>\n\t\t\t<\/div>\n\t\t\t\t<figcaption class='wp-caption-text gallery-caption' id='gallery-1-6529'>\n\t\t\t\tAfstanden mellem stavene er ca. 5,5 cm\n\t\t\t\t<\/figcaption><\/figure>\n\t\t<\/div>\n\n<h2>Kastanjehegn opsat<\/h2>\n<ul>\n<li>Ved disse <a href=\"https:\/\/adequat.eu\/dk\/nyheder\/projekter-kastanjehegn-50-cm-hojt-forskellige-afstande-mellem-stavene\/\">projekter<\/a> er der brugt kastanjehegn 50 cm h\u00f8jt.<\/li>\n<li>Hvis du vil lade beregne, hvor meget kastanjehegn du har brug for, s\u00e5 udfyld helt uforpligtende vores <a href=\"https:\/\/adequat.eu\/dk\/sammensaet-dit-hegn\/\">hegnsberegner<\/a>.<\/li>\n<\/ul>\n","protected":false},"excerpt":{"rendered":"<p>Mest k\u00f8bte til blomsterbed (staveafstand 8 eller 10 cm) Fleksibelt hegn; tilpasser sig konturer og h\u00f8jdeforskelle Overkommelig pris og b\u00e6redygtig Fransk kastanjehegn 50 cm h\u00f8jt&#8230;<\/p>\n","protected":false},"featured_media":6651,"comment_status":"closed","ping_status":"closed","template":"","meta":{"_acf_changed":false,"inline_featured_image":false,"_trash_the_other_posts":false,"iawp_total_views":288,"editor_notices":[]},"product_brand":[],"product_cat":[111,109,333],"product_tag":[],"class_list":{"0":"post-6650","1":"product","2":"type-product","3":"status-publish","4":"has-post-thumbnail","6":"product_cat-kastanjehegn","7":"product_cat-hegn","8":"product_cat-stakit-hegn","10":"first","11":"instock","12":"shipping-taxable","13":"purchasable","14":"product-type-variable","15":"has-default-attributes"},"composite_virtual":false,"composite_layout":"","composite_add_to_cart_form_location":"","composite_editable_in_cart":false,"composite_sold_individually_context":"","composite_shop_price_calc":"","composite_components":[],"composite_scenarios":[],"acf":[],"_links":{"self":[{"href":"https:\/\/adequat.eu\/dk\/wp-json\/wp\/v2\/product\/6650","targetHints":{"allow":["GET"]}}],"collection":[{"href":"https:\/\/adequat.eu\/dk\/wp-json\/wp\/v2\/product"}],"about":[{"href":"https:\/\/adequat.eu\/dk\/wp-json\/wp\/v2\/types\/product"}],"replies":[{"embeddable":true,"href":"https:\/\/adequat.eu\/dk\/wp-json\/wp\/v2\/comments?post=6650"}],"wp:featuredmedia":[{"embeddable":true,"href":"https:\/\/adequat.eu\/dk\/wp-json\/wp\/v2\/media\/6651"}],"wp:attachment":[{"href":"https:\/\/adequat.eu\/dk\/wp-json\/wp\/v2\/media?parent=6650"}],"wp:term":[{"taxonomy":"product_brand","embeddable":true,"href":"https:\/\/adequat.eu\/dk\/wp-json\/wp\/v2\/product_brand?post=6650"},{"taxonomy":"product_cat","embeddable":true,"href":"https:\/\/adequat.eu\/dk\/wp-json\/wp\/v2\/product_cat?post=6650"},{"taxonomy":"product_tag","embeddable":true,"href":"https:\/\/adequat.eu\/dk\/wp-json\/wp\/v2\/product_tag?post=6650"}],"curies":[{"name":"wp","href":"https:\/\/api.w.org\/{rel}","templated":true}]}}