{"id":6694,"date":"2015-06-16T12:29:17","date_gmt":"2015-06-16T10:29:17","guid":{"rendered":"https:\/\/adequat.eu\/dk\/product\/egestolpe-15x15x280-cm-med-diamanthoved\/"},"modified":"2026-02-06T16:59:50","modified_gmt":"2026-02-06T15:59:50","slug":"egestolpe-med-diamanthoved-i-forskellige-stoerrelser","status":"publish","type":"product","link":"https:\/\/adequat.eu\/dk\/product\/oevrigt\/installation\/beslag-og-lase\/egestolpe-med-diamanthoved-i-forskellige-stoerrelser\/","title":{"rendered":"Egestolpe med diamanthoved i forskellige st\u00f8rrelser"},"content":{"rendered":"<p>Egestolpe med s\u00e5kaldt dimanthoved i forskellige st\u00f8rrelser. Disse stolper bruges som stolpe til <a href=\"https:\/\/adequat.eu\/dk\/products\/traelager\/\">Hollandske l\u00e5ger<\/a>\u00a0og\u00a0<a href=\"https:\/\/adequat.eu\/dk\/products\/traelager\/\">Engelske l\u00e5ger<\/a>.<\/p>\n","protected":false},"excerpt":{"rendered":"<p>Egestolpe med s\u00e5kaldt dimanthoved i forskellige st\u00f8rrelser. Disse stolper bruges som stolpe til Hollandske l\u00e5ger\u00a0og\u00a0Engelske l\u00e5ger.<\/p>\n","protected":false},"featured_media":6695,"comment_status":"closed","ping_status":"closed","template":"","meta":{"_acf_changed":false,"inline_featured_image":false,"_trash_the_other_posts":false,"iawp_total_views":1,"editor_notices":[]},"product_brand":[],"product_cat":[89,88,87],"product_tag":[],"class_list":{"0":"post-6694","1":"product","2":"type-product","3":"status-publish","4":"has-post-thumbnail","6":"product_cat-beslag-og-lase","7":"product_cat-installation","8":"product_cat-oevrigt","10":"first","11":"instock","12":"shipping-taxable","13":"purchasable","14":"product-type-variable"},"composite_virtual":false,"composite_layout":"","composite_add_to_cart_form_location":"","composite_editable_in_cart":false,"composite_sold_individually_context":"","composite_shop_price_calc":"","composite_components":[],"composite_scenarios":[],"acf":[],"_links":{"self":[{"href":"https:\/\/adequat.eu\/dk\/wp-json\/wp\/v2\/product\/6694","targetHints":{"allow":["GET"]}}],"collection":[{"href":"https:\/\/adequat.eu\/dk\/wp-json\/wp\/v2\/product"}],"about":[{"href":"https:\/\/adequat.eu\/dk\/wp-json\/wp\/v2\/types\/product"}],"replies":[{"embeddable":true,"href":"https:\/\/adequat.eu\/dk\/wp-json\/wp\/v2\/comments?post=6694"}],"wp:featuredmedia":[{"embeddable":true,"href":"https:\/\/adequat.eu\/dk\/wp-json\/wp\/v2\/media\/6695"}],"wp:attachment":[{"href":"https:\/\/adequat.eu\/dk\/wp-json\/wp\/v2\/media?parent=6694"}],"wp:term":[{"taxonomy":"product_brand","embeddable":true,"href":"https:\/\/adequat.eu\/dk\/wp-json\/wp\/v2\/product_brand?post=6694"},{"taxonomy":"product_cat","embeddable":true,"href":"https:\/\/adequat.eu\/dk\/wp-json\/wp\/v2\/product_cat?post=6694"},{"taxonomy":"product_tag","embeddable":true,"href":"https:\/\/adequat.eu\/dk\/wp-json\/wp\/v2\/product_tag?post=6694"}],"curies":[{"name":"wp","href":"https:\/\/api.w.org\/{rel}","templated":true}]}}