{"id":6703,"date":"2015-06-16T12:21:43","date_gmt":"2015-06-16T10:21:43","guid":{"rendered":"https:\/\/adequat.eu\/dk\/product\/lagelas-simpel\/"},"modified":"2026-03-05T14:31:19","modified_gmt":"2026-03-05T13:31:19","slug":"lagelas-simpel","status":"publish","type":"product","link":"https:\/\/adequat.eu\/dk\/product\/oevrigt\/installation\/beslag-og-lase\/lagelas-simpel\/","title":{"rendered":"L\u00e5gel\u00e5s simpel"},"content":{"rendered":"<p>L\u00e5gel\u00e5s simpel er en galvaniseret l\u00e5gel\u00e5s som vi standard monterer p\u00e5 vores Franse rundtr\u00e6sl\u00e5ger og <a href=\"https:\/\/adequat.eu\/dk\/products\/traelager\/kastanjehegn-laager\/\">Franske rammel\u00e5ger<\/a>. Det er en l\u00e5gel\u00e5s af st\u00e5l og af h\u00f8j kvalitet.<\/p>\n","protected":false},"excerpt":{"rendered":"<p>L\u00e5gel\u00e5s simpel er en galvaniseret l\u00e5gel\u00e5s som vi standard monterer p\u00e5 vores Franse rundtr\u00e6sl\u00e5ger og Franske rammel\u00e5ger. Det er en l\u00e5gel\u00e5s af st\u00e5l og af&#8230;<\/p>\n","protected":false},"featured_media":6704,"comment_status":"closed","ping_status":"closed","template":"","meta":{"_acf_changed":false,"inline_featured_image":false,"_trash_the_other_posts":false,"iawp_total_views":52,"editor_notices":[]},"product_brand":[],"product_cat":[89,88,87],"product_tag":[],"class_list":{"0":"post-6703","1":"product","2":"type-product","3":"status-publish","4":"has-post-thumbnail","6":"product_cat-beslag-og-lase","7":"product_cat-installation","8":"product_cat-oevrigt","9":"product_shipping_class-pakkepost","11":"first","12":"instock","13":"shipping-taxable","14":"purchasable","15":"product-type-simple"},"composite_virtual":false,"composite_layout":"","composite_add_to_cart_form_location":"","composite_editable_in_cart":false,"composite_sold_individually_context":"","composite_shop_price_calc":"","composite_components":[],"composite_scenarios":[],"acf":[],"_links":{"self":[{"href":"https:\/\/adequat.eu\/dk\/wp-json\/wp\/v2\/product\/6703","targetHints":{"allow":["GET"]}}],"collection":[{"href":"https:\/\/adequat.eu\/dk\/wp-json\/wp\/v2\/product"}],"about":[{"href":"https:\/\/adequat.eu\/dk\/wp-json\/wp\/v2\/types\/product"}],"replies":[{"embeddable":true,"href":"https:\/\/adequat.eu\/dk\/wp-json\/wp\/v2\/comments?post=6703"}],"wp:featuredmedia":[{"embeddable":true,"href":"https:\/\/adequat.eu\/dk\/wp-json\/wp\/v2\/media\/6704"}],"wp:attachment":[{"href":"https:\/\/adequat.eu\/dk\/wp-json\/wp\/v2\/media?parent=6703"}],"wp:term":[{"taxonomy":"product_brand","embeddable":true,"href":"https:\/\/adequat.eu\/dk\/wp-json\/wp\/v2\/product_brand?post=6703"},{"taxonomy":"product_cat","embeddable":true,"href":"https:\/\/adequat.eu\/dk\/wp-json\/wp\/v2\/product_cat?post=6703"},{"taxonomy":"product_tag","embeddable":true,"href":"https:\/\/adequat.eu\/dk\/wp-json\/wp\/v2\/product_tag?post=6703"}],"curies":[{"name":"wp","href":"https:\/\/api.w.org\/{rel}","templated":true}]}}