{"id":6709,"date":"2015-06-16T12:17:35","date_gmt":"2015-06-16T10:17:35","guid":{"rendered":"https:\/\/adequat.eu\/dk\/product\/tap\/"},"modified":"2023-10-04T13:57:22","modified_gmt":"2023-10-04T11:57:22","slug":"tap","status":"publish","type":"product","link":"https:\/\/adequat.eu\/dk\/product\/oevrigt\/installation\/beslag-og-lase\/tap\/","title":{"rendered":"Tap"},"content":{"rendered":"<p>Vi bruger disse tapper p\u00e5 vores l\u00e5ger. De galvaniserede tapper af st\u00e5l er af h\u00f8j kvalitet.<\/p>\n","protected":false},"excerpt":{"rendered":"<p>Vi bruger disse tapper p\u00e5 vores l\u00e5ger. De galvaniserede tapper af st\u00e5l er af h\u00f8j kvalitet.<\/p>\n","protected":false},"featured_media":6710,"comment_status":"closed","ping_status":"closed","template":"","meta":{"_acf_changed":false,"inline_featured_image":false,"_trash_the_other_posts":false,"iawp_total_views":5,"editor_notices":[]},"product_brand":[],"product_cat":[89,88,87],"product_tag":[],"class_list":{"0":"post-6709","1":"product","2":"type-product","3":"status-publish","4":"has-post-thumbnail","6":"product_cat-beslag-og-lase","7":"product_cat-installation","8":"product_cat-oevrigt","9":"product_shipping_class-pakkepost","11":"first","12":"instock","13":"shipping-taxable","14":"purchasable","15":"product-type-simple"},"composite_virtual":false,"composite_layout":"","composite_add_to_cart_form_location":"","composite_editable_in_cart":false,"composite_sold_individually_context":"","composite_shop_price_calc":"","composite_components":[],"composite_scenarios":[],"acf":[],"_links":{"self":[{"href":"https:\/\/adequat.eu\/dk\/wp-json\/wp\/v2\/product\/6709","targetHints":{"allow":["GET"]}}],"collection":[{"href":"https:\/\/adequat.eu\/dk\/wp-json\/wp\/v2\/product"}],"about":[{"href":"https:\/\/adequat.eu\/dk\/wp-json\/wp\/v2\/types\/product"}],"replies":[{"embeddable":true,"href":"https:\/\/adequat.eu\/dk\/wp-json\/wp\/v2\/comments?post=6709"}],"wp:featuredmedia":[{"embeddable":true,"href":"https:\/\/adequat.eu\/dk\/wp-json\/wp\/v2\/media\/6710"}],"wp:attachment":[{"href":"https:\/\/adequat.eu\/dk\/wp-json\/wp\/v2\/media?parent=6709"}],"wp:term":[{"taxonomy":"product_brand","embeddable":true,"href":"https:\/\/adequat.eu\/dk\/wp-json\/wp\/v2\/product_brand?post=6709"},{"taxonomy":"product_cat","embeddable":true,"href":"https:\/\/adequat.eu\/dk\/wp-json\/wp\/v2\/product_cat?post=6709"},{"taxonomy":"product_tag","embeddable":true,"href":"https:\/\/adequat.eu\/dk\/wp-json\/wp\/v2\/product_tag?post=6709"}],"curies":[{"name":"wp","href":"https:\/\/api.w.org\/{rel}","templated":true}]}}