{"id":6711,"date":"2015-05-30T10:05:21","date_gmt":"2015-05-30T08:05:21","guid":{"rendered":"https:\/\/adequat.eu\/dk\/product\/kastanjetrae-rail-tvaerbjaelke-rund\/"},"modified":"2026-02-20T15:03:05","modified_gmt":"2026-02-20T14:03:05","slug":"kastanjetrae-rail-tvaerbjaelke-rund","status":"publish","type":"product","link":"https:\/\/adequat.eu\/dk\/product\/hegn\/post-rail-dk\/kastanjetrae-rail-tvaerbjaelke-rund\/","title":{"rendered":"Kastanjetr\u00e6 rail (tv\u00e6rbj\u00e6lke) rund"},"content":{"rendered":"<p>Kastanjetr\u00e6 rail (tv\u00e6rbj\u00e6lke) rund, er en afbarket tv\u00e6rbj\u00e6lke med en diameter p\u00e5 7-10\u00a0centimeter.\u00a0Tv\u00e6rbj\u00e6lken er circa 295 centimeter lang, men fordi den til begge sider delvist stikkes ind i posten (stolpen), er den effektive l\u00e6ngde 265 centimeter.<\/p>\n<p>Denne kastanjetr\u00e6 tv\u00e6rbj\u00e6lke er en del af vores landlige hestehegn. Du finder det robuste hegn is\u00e6r til omhegning af dyreenge og gr\u00e6smarker. Tv\u00e6rbj\u00e6lken f\u00e5s i to udgaver: <a href=\"https:\/\/adequat.eu\/dk\/product\/hegn\/post-rail-dk\/kastanjetrae-rail-tvaerbjaelke-1-4-savet-traditionel\/\">kvart savet\u00a0(den traditionelle tv\u00e6rbj\u00e6lke)<\/a> og i denne runde variant. \u00d8verst til h\u00f8jre p\u00e5 hjemmesiden finder du et praktisk v\u00e6rkt\u00f8j, vores <a href=\"https:\/\/adequat.eu\/dk\/sammensaet-dit-hegn\/\">hegnsberegner<\/a>, som pr\u00e6cist beregner for dig hvad du i din situation har brug for af tv\u00e6rbj\u00e6lker.<\/p>\n<h2>Kastanjetr\u00e6 tv\u00e6rbj\u00e6lke opsat<\/h2>\n<p>Se et\u00a0<a href=\"https:\/\/adequat.eu\/dk\/nyheder\/projekt-post-rail-runde-bjaelker-af-kastanjetrae\/\">projekt<\/a>\u00a0hvor denne kastanjetr\u00e6 tv\u00e6rbj\u00e6lke rund er brugt.<\/p>\n","protected":false},"excerpt":{"rendered":"<p>Kastanjetr\u00e6 rail (tv\u00e6rbj\u00e6lke) rund, er en afbarket tv\u00e6rbj\u00e6lke med en diameter p\u00e5 7-10\u00a0centimeter.\u00a0Tv\u00e6rbj\u00e6lken er circa 295 centimeter lang, men fordi den til begge sider delvist&#8230;<\/p>\n","protected":false},"featured_media":6712,"comment_status":"closed","ping_status":"closed","template":"","meta":{"_acf_changed":false,"inline_featured_image":false,"_trash_the_other_posts":false,"iawp_total_views":6,"editor_notices":[]},"product_brand":[],"product_cat":[110,109],"product_tag":[],"class_list":{"0":"post-6711","1":"product","2":"type-product","3":"status-publish","4":"has-post-thumbnail","6":"product_cat-post-rail-dk","7":"product_cat-hegn","9":"first","10":"instock","11":"shipping-taxable","12":"purchasable","13":"product-type-simple"},"composite_virtual":false,"composite_layout":"","composite_add_to_cart_form_location":"","composite_editable_in_cart":false,"composite_sold_individually_context":"","composite_shop_price_calc":"","composite_components":[],"composite_scenarios":[],"acf":[],"_links":{"self":[{"href":"https:\/\/adequat.eu\/dk\/wp-json\/wp\/v2\/product\/6711","targetHints":{"allow":["GET"]}}],"collection":[{"href":"https:\/\/adequat.eu\/dk\/wp-json\/wp\/v2\/product"}],"about":[{"href":"https:\/\/adequat.eu\/dk\/wp-json\/wp\/v2\/types\/product"}],"replies":[{"embeddable":true,"href":"https:\/\/adequat.eu\/dk\/wp-json\/wp\/v2\/comments?post=6711"}],"wp:featuredmedia":[{"embeddable":true,"href":"https:\/\/adequat.eu\/dk\/wp-json\/wp\/v2\/media\/6712"}],"wp:attachment":[{"href":"https:\/\/adequat.eu\/dk\/wp-json\/wp\/v2\/media?parent=6711"}],"wp:term":[{"taxonomy":"product_brand","embeddable":true,"href":"https:\/\/adequat.eu\/dk\/wp-json\/wp\/v2\/product_brand?post=6711"},{"taxonomy":"product_cat","embeddable":true,"href":"https:\/\/adequat.eu\/dk\/wp-json\/wp\/v2\/product_cat?post=6711"},{"taxonomy":"product_tag","embeddable":true,"href":"https:\/\/adequat.eu\/dk\/wp-json\/wp\/v2\/product_tag?post=6711"}],"curies":[{"name":"wp","href":"https:\/\/api.w.org\/{rel}","templated":true}]}}