{"id":6721,"date":"2015-02-21T12:09:47","date_gmt":"2015-02-21T11:09:47","guid":{"rendered":"https:\/\/adequat.eu\/dk\/product\/kastanjetrae-rail-tvaerbjaelke-1-4-savet-traditionel\/"},"modified":"2026-03-05T14:27:01","modified_gmt":"2026-03-05T13:27:01","slug":"kastanjetrae-rail-tvaerbjaelke-1-4-savet-traditionel","status":"publish","type":"product","link":"https:\/\/adequat.eu\/dk\/product\/hegn\/post-rail-dk\/kastanjetrae-rail-tvaerbjaelke-1-4-savet-traditionel\/","title":{"rendered":"Kastanjetr\u00e6 rail (tv\u00e6rbj\u00e6lke) 1\/4 savet traditionel"},"content":{"rendered":"<p>Kastanjetr\u00e6 rail (tv\u00e6rbj\u00e6lke) 1\/4 savet traditionel er en afbarket tv\u00e6rbj\u00e6lke, 1\/4 savet af en stolpe med en diameter p\u00e5 14\/16 centimeter. Tv\u00e6rbj\u00e6lken har en slags trekantet form. Tv\u00e6rbj\u00e6lken er circa 295 centimeter lang, men fordi den til begge sider delvist stikkes ind i posten (stolpen), er den effektive l\u00e6ngde 265 centimeter.<\/p>\n<p>Denne tv\u00e6rbj\u00e6lke er en del af vores hestehegn. Hegnet kommer oprindeligt fra England og er kendt for sin landlige karakter (det kendes ogs\u00e5 som Post &amp; Rail). Vi s\u00e6lger det solide kvalitetshestehegn som laves p\u00e5 den traditionelle m\u00e5de af kastanjetr\u00e6. Tv\u00e6rbj\u00e6lken (railen) f\u00e5s i to udgaver: <a href=\"https:\/\/adequat.eu\/dk\/product\/hegn\/post-rail-dk\/kastanjetrae-rail-tvaerbjaelke-rund\/\">den runde variant<\/a> og denne traditionelle 1\/4 savede variant. \u00d8verst til h\u00f8jre p\u00e5 hjemmesiden finder du et praktisk v\u00e6rkt\u00f8j, vores <a href=\"https:\/\/adequat.eu\/dk\/sammensaet-dit-hegn\/\">hegnsberegner<\/a>\u00a0som pr\u00e6cist beregner for dig hvad du i din situation har brug for af tv\u00e6rbj\u00e6lker.<\/p>\n<h2>Kastanjetr\u00e6 tv\u00e6rbj\u00e6lke 1\/4 savet traditionel opsat<\/h2>\n<p>Klik her for at se et\u00a0<a href=\"https:\/\/adequat.eu\/dk\/projekter\/post-rail-projekter\/projekt-post-rail-1-4-savede-rustikke-tvaerbjaelker-af-kastanjetrae\/\">projekt<\/a>\u00a0hvor vi har brugt denne kastanjetr\u00e6 tv\u00e6rbj\u00e6lke 1\/4 savet traditionel.<\/p>\n","protected":false},"excerpt":{"rendered":"<p>Kastanjetr\u00e6 rail (tv\u00e6rbj\u00e6lke) 1\/4 savet traditionel er en afbarket tv\u00e6rbj\u00e6lke, 1\/4 savet af en stolpe med en diameter p\u00e5 14\/16 centimeter. Tv\u00e6rbj\u00e6lken har en slags&#8230;<\/p>\n","protected":false},"featured_media":6722,"comment_status":"closed","ping_status":"closed","template":"","meta":{"_acf_changed":false,"inline_featured_image":false,"_trash_the_other_posts":false,"iawp_total_views":19,"editor_notices":[]},"product_brand":[],"product_cat":[110,109],"product_tag":[214],"class_list":{"0":"post-6721","1":"product","2":"type-product","3":"status-publish","4":"has-post-thumbnail","6":"product_cat-post-rail-dk","7":"product_cat-hegn","8":"product_tag-post-rail-poort","10":"first","11":"instock","12":"shipping-taxable","13":"purchasable","14":"product-type-simple"},"composite_virtual":false,"composite_layout":"","composite_add_to_cart_form_location":"","composite_editable_in_cart":false,"composite_sold_individually_context":"","composite_shop_price_calc":"","composite_components":[],"composite_scenarios":[],"acf":[],"_links":{"self":[{"href":"https:\/\/adequat.eu\/dk\/wp-json\/wp\/v2\/product\/6721","targetHints":{"allow":["GET"]}}],"collection":[{"href":"https:\/\/adequat.eu\/dk\/wp-json\/wp\/v2\/product"}],"about":[{"href":"https:\/\/adequat.eu\/dk\/wp-json\/wp\/v2\/types\/product"}],"replies":[{"embeddable":true,"href":"https:\/\/adequat.eu\/dk\/wp-json\/wp\/v2\/comments?post=6721"}],"wp:featuredmedia":[{"embeddable":true,"href":"https:\/\/adequat.eu\/dk\/wp-json\/wp\/v2\/media\/6722"}],"wp:attachment":[{"href":"https:\/\/adequat.eu\/dk\/wp-json\/wp\/v2\/media?parent=6721"}],"wp:term":[{"taxonomy":"product_brand","embeddable":true,"href":"https:\/\/adequat.eu\/dk\/wp-json\/wp\/v2\/product_brand?post=6721"},{"taxonomy":"product_cat","embeddable":true,"href":"https:\/\/adequat.eu\/dk\/wp-json\/wp\/v2\/product_cat?post=6721"},{"taxonomy":"product_tag","embeddable":true,"href":"https:\/\/adequat.eu\/dk\/wp-json\/wp\/v2\/product_tag?post=6721"}],"curies":[{"name":"wp","href":"https:\/\/api.w.org\/{rel}","templated":true}]}}