{"id":6731,"date":"2015-02-16T09:08:08","date_gmt":"2015-02-16T08:08:08","guid":{"rendered":"https:\/\/adequat.eu\/dk\/product\/hjornestolpe-kastanje-3-niveau-rund\/"},"modified":"2026-02-20T16:56:44","modified_gmt":"2026-02-20T15:56:44","slug":"hjornestolpe-kastanje-3-niveau-rund","status":"publish","type":"product","link":"https:\/\/adequat.eu\/dk\/product\/hegn\/post-rail-dk\/hjornestolpe-kastanje-3-niveau-rund\/","title":{"rendered":"Hj\u00f8rnestolpe kastanje 3 niveau &#8211; rund"},"content":{"rendered":"<p>Hj\u00f8rnestolpe kastanje 3 niveau &#8211; rund er en rund hj\u00f8rnestolpe af kastanjetr\u00e6 med en l\u00e6ngde p\u00e5 ca. 200 centimeter. Firs centimeter g\u00e5r til anbringelsen i jorden og det betyder at den effektive l\u00e6ngde er 120 centimeter. Kastanjetr\u00e6 er holdbart og har ikke brug for vedligeholdelse. Hj\u00f8rnestolpen kastanje 3 niveau er en del af vores hestehegn. Dette hegn bruges ofte til indhegning af gr\u00e6smarker eller enge hvor der opholder sig heste. Disse stolper f\u00e5s ogs\u00e5 i <a href=\"https:\/\/adequat.eu\/dk\/product\/hegn\/post-rail-dk\/hjornestolpe-robinie-3-niveau-rund\/\">robinietr\u00e6<\/a>.<\/p>\n<h2>Hj\u00f8rnestolpe kastanje 3 niveau &#8211; rund opsat<\/h2>\n<p>Klik her for at se et\u00a0<a href=\"https:\/\/adequat.eu\/dk\/nyheder\/project-post-rail-3-niveau-kastanje-med-runde-stolper\/\">projekt<\/a>\u00a0hvor vi har brugt denne hj\u00f8rnestolpe kastanje 3 niveau.<\/p>\n<p>Hvis du vil lade beregne\u00a0 hvor mange stolper du har brug for, s\u00e5 udfyld helt uforpligtende\u00a0<a href=\"https:\/\/adequat.eu\/dk\/sammensaet-dit-hegn\/\">hegnsberegner<\/a>.<\/p>\n","protected":false},"excerpt":{"rendered":"<p>Hj\u00f8rnestolpe kastanje 3 niveau &#8211; rund er en rund hj\u00f8rnestolpe af kastanjetr\u00e6 med en l\u00e6ngde p\u00e5 ca. 200 centimeter. Firs centimeter g\u00e5r til anbringelsen i&#8230;<\/p>\n","protected":false},"featured_media":6732,"comment_status":"closed","ping_status":"closed","template":"","meta":{"_acf_changed":false,"inline_featured_image":false,"_trash_the_other_posts":false,"iawp_total_views":3,"editor_notices":[]},"product_brand":[],"product_cat":[110,109],"product_tag":[],"class_list":{"0":"post-6731","1":"product","2":"type-product","3":"status-publish","4":"has-post-thumbnail","6":"product_cat-post-rail-dk","7":"product_cat-hegn","9":"first","10":"instock","11":"shipping-taxable","12":"purchasable","13":"product-type-simple"},"composite_virtual":false,"composite_layout":"","composite_add_to_cart_form_location":"","composite_editable_in_cart":false,"composite_sold_individually_context":"","composite_shop_price_calc":"","composite_components":[],"composite_scenarios":[],"acf":[],"_links":{"self":[{"href":"https:\/\/adequat.eu\/dk\/wp-json\/wp\/v2\/product\/6731","targetHints":{"allow":["GET"]}}],"collection":[{"href":"https:\/\/adequat.eu\/dk\/wp-json\/wp\/v2\/product"}],"about":[{"href":"https:\/\/adequat.eu\/dk\/wp-json\/wp\/v2\/types\/product"}],"replies":[{"embeddable":true,"href":"https:\/\/adequat.eu\/dk\/wp-json\/wp\/v2\/comments?post=6731"}],"wp:featuredmedia":[{"embeddable":true,"href":"https:\/\/adequat.eu\/dk\/wp-json\/wp\/v2\/media\/6732"}],"wp:attachment":[{"href":"https:\/\/adequat.eu\/dk\/wp-json\/wp\/v2\/media?parent=6731"}],"wp:term":[{"taxonomy":"product_brand","embeddable":true,"href":"https:\/\/adequat.eu\/dk\/wp-json\/wp\/v2\/product_brand?post=6731"},{"taxonomy":"product_cat","embeddable":true,"href":"https:\/\/adequat.eu\/dk\/wp-json\/wp\/v2\/product_cat?post=6731"},{"taxonomy":"product_tag","embeddable":true,"href":"https:\/\/adequat.eu\/dk\/wp-json\/wp\/v2\/product_tag?post=6731"}],"curies":[{"name":"wp","href":"https:\/\/api.w.org\/{rel}","templated":true}]}}