{"id":6743,"date":"2015-02-16T09:06:40","date_gmt":"2015-02-16T08:06:40","guid":{"rendered":"https:\/\/adequat.eu\/dk\/product\/hjornestolpe-robinie-3-niveau-rund\/"},"modified":"2026-02-20T16:55:28","modified_gmt":"2026-02-20T15:55:28","slug":"hjornestolpe-robinie-3-niveau-rund","status":"publish","type":"product","link":"https:\/\/adequat.eu\/dk\/product\/hegn\/post-rail-dk\/hjornestolpe-robinie-3-niveau-rund\/","title":{"rendered":"Hj\u00f8rnestolpe robinie 3 niveau &#8211; rund"},"content":{"rendered":"<p>Hj\u00f8rnestolpe robinie 3 niveau &#8211; rund er en rund\u00a0hj\u00f8rnestolpe af robinietr\u00e6 med en l\u00e6ngde p\u00e5 ca. 200 centimeter. Firs centimeter g\u00e5r til anbringelsen i jorden og det betyder at den effektive l\u00e6ngde er 120 centimeter. Robinie er meget holdbart og har ikke brug for vedligeholdelse. Denne hj\u00f8rnestolpe robinie er en del af vores Post &amp; Rail hegn. Dette hegn bruges ofte til indhegning af gr\u00e6smarker. Barken kan v\u00e6re farlig for heste. Disse stolper f\u00e5s ogs\u00e5 i\u00a0<a href=\"https:\/\/adequat.eu\/dk\/product\/hegn\/post-rail-dk\/hjornestolpe-kastanje-3-niveau-rund\/\">kastanjetr\u00e6<\/a>. Robinie er mere holdbart end kastanjetr\u00e6, men tr\u00e6et er noget mere uj\u00e6vnt af form.<\/p>\n<h2>Hj\u00f8rnestolpe robinie 3 niveau &#8211; rund opsat<\/h2>\n<p>Klik her for at se et\u00a0projekt\u00a0hvor vi har brugt denne hj\u00f8rnestolpe robinie 3 niveau.<\/p>\n<p>Hvis du vil lade beregne\u00a0 hvor mange stolper du har brug for, s\u00e5 udfyld helt uforpligtende vores praktiske\u00a0<a href=\"https:\/\/adequat.eu\/dk\/sammensaet-dit-hegn\/\">regnehj\u00e6lp<\/a>. Den beregner pr\u00e6cist for dig hvad du har brug for i din\u00a0 situation. Eller bed om et\u00a0<a href=\"https:\/\/adequat.eu\/dk\/anmodning-om-tilbud\/\">tilbud<\/a>.<\/p>\n","protected":false},"excerpt":{"rendered":"<p>Hj\u00f8rnestolpe robinie 3 niveau &#8211; rund er en rund\u00a0hj\u00f8rnestolpe af robinietr\u00e6 med en l\u00e6ngde p\u00e5 ca. 200 centimeter. Firs centimeter g\u00e5r til anbringelsen i jorden&#8230;<\/p>\n","protected":false},"featured_media":6744,"comment_status":"closed","ping_status":"closed","template":"","meta":{"_acf_changed":false,"inline_featured_image":false,"_trash_the_other_posts":false,"iawp_total_views":13,"editor_notices":[]},"product_brand":[],"product_cat":[110,109],"product_tag":[],"class_list":{"0":"post-6743","1":"product","2":"type-product","3":"status-publish","4":"has-post-thumbnail","6":"product_cat-post-rail-dk","7":"product_cat-hegn","9":"first","10":"instock","11":"shipping-taxable","12":"purchasable","13":"product-type-simple"},"composite_virtual":false,"composite_layout":"","composite_add_to_cart_form_location":"","composite_editable_in_cart":false,"composite_sold_individually_context":"","composite_shop_price_calc":"","composite_components":[],"composite_scenarios":[],"acf":[],"_links":{"self":[{"href":"https:\/\/adequat.eu\/dk\/wp-json\/wp\/v2\/product\/6743","targetHints":{"allow":["GET"]}}],"collection":[{"href":"https:\/\/adequat.eu\/dk\/wp-json\/wp\/v2\/product"}],"about":[{"href":"https:\/\/adequat.eu\/dk\/wp-json\/wp\/v2\/types\/product"}],"replies":[{"embeddable":true,"href":"https:\/\/adequat.eu\/dk\/wp-json\/wp\/v2\/comments?post=6743"}],"wp:featuredmedia":[{"embeddable":true,"href":"https:\/\/adequat.eu\/dk\/wp-json\/wp\/v2\/media\/6744"}],"wp:attachment":[{"href":"https:\/\/adequat.eu\/dk\/wp-json\/wp\/v2\/media?parent=6743"}],"wp:term":[{"taxonomy":"product_brand","embeddable":true,"href":"https:\/\/adequat.eu\/dk\/wp-json\/wp\/v2\/product_brand?post=6743"},{"taxonomy":"product_cat","embeddable":true,"href":"https:\/\/adequat.eu\/dk\/wp-json\/wp\/v2\/product_cat?post=6743"},{"taxonomy":"product_tag","embeddable":true,"href":"https:\/\/adequat.eu\/dk\/wp-json\/wp\/v2\/product_tag?post=6743"}],"curies":[{"name":"wp","href":"https:\/\/api.w.org\/{rel}","templated":true}]}}