{"id":6762,"date":"2015-02-16T09:02:14","date_gmt":"2015-02-16T08:02:14","guid":{"rendered":"https:\/\/adequat.eu\/dk\/product\/stolpe-kastanje-3-niveau-rund\/"},"modified":"2026-03-31T18:14:15","modified_gmt":"2026-03-31T16:14:15","slug":"stolpe-kastanje-3-niveau-rund","status":"publish","type":"product","link":"https:\/\/adequat.eu\/dk\/product\/hegn\/post-rail-dk\/stolpe-kastanje-3-niveau-rund\/","title":{"rendered":"Stolpe kastanje 3 niveau &#8211; rund"},"content":{"rendered":"<p>Stolpe kastanje 3 niveau &#8211; rund er en rund stolpe af kastanjetr\u00e6 med en l\u00e6ngde p\u00e5 ca. 200 centimeter. Firs centimeter g\u00e5r til anbringelsen i jorden og det betyder at den effektive l\u00e6ngde er 120 centimeter. Kastanjetr\u00e6 er en holdbar tr\u00e6sort og har ikke brug for vedligeholdelse. Kastanjestolpen er en del af vores hestehegn. Dette hegn bruges ofte til indhegning af gr\u00e6smarker og dyreenge. Disse stolper f\u00e5s ogs\u00e5 i <a href=\"https:\/\/adequat.eu\/dk\/product\/hegn\/post-rail-dk\/stolpe-robinie-3-niveau-rund\/\">robinie<\/a>.<\/p>\n<h2>Stolpe kastanje 3 niveau &#8211; rund opsat<\/h2>\n<p>Klik her for at se et\u00a0<a href=\"https:\/\/adequat.eu\/dk\/nyheder\/projekt-post-rail-3-niveau-kastanjestolper-runde\/\">projekt<\/a>\u00a0hvor vi har brugt denne stolpe kastanje 3 niveau &#8211; rund.<\/p>\n<p>Hvis du vil lade beregne hvor mange stolper du har brug for, s\u00e5 udfyld helt uforpligtende vores praktiske\u00a0<a href=\"https:\/\/adequat.eu\/dk\/sammensaet-dit-hegn\/\">hegnsberegner<\/a>. Den beregner pr\u00e6cist for dig hvad du har brug for i din situation. Eller bed om et\u00a0<a href=\"https:\/\/adequat.eu\/dk\/anmodning-om-tilbud\/\">tilbud<\/a>.<\/p>\n","protected":false},"excerpt":{"rendered":"<p>Stolpe kastanje 3 niveau &#8211; rund er en rund stolpe af kastanjetr\u00e6 med en l\u00e6ngde p\u00e5 ca. 200 centimeter. Firs centimeter g\u00e5r til anbringelsen i&#8230;<\/p>\n","protected":false},"featured_media":6763,"comment_status":"closed","ping_status":"closed","template":"","meta":{"_acf_changed":false,"inline_featured_image":false,"_trash_the_other_posts":false,"iawp_total_views":13,"editor_notices":[]},"product_brand":[],"product_cat":[110,109],"product_tag":[],"class_list":{"0":"post-6762","1":"product","2":"type-product","3":"status-publish","4":"has-post-thumbnail","6":"product_cat-post-rail-dk","7":"product_cat-hegn","9":"first","10":"instock","11":"shipping-taxable","12":"purchasable","13":"product-type-simple"},"composite_virtual":false,"composite_layout":"","composite_add_to_cart_form_location":"","composite_editable_in_cart":false,"composite_sold_individually_context":"","composite_shop_price_calc":"","composite_components":[],"composite_scenarios":[],"acf":[],"_links":{"self":[{"href":"https:\/\/adequat.eu\/dk\/wp-json\/wp\/v2\/product\/6762","targetHints":{"allow":["GET"]}}],"collection":[{"href":"https:\/\/adequat.eu\/dk\/wp-json\/wp\/v2\/product"}],"about":[{"href":"https:\/\/adequat.eu\/dk\/wp-json\/wp\/v2\/types\/product"}],"replies":[{"embeddable":true,"href":"https:\/\/adequat.eu\/dk\/wp-json\/wp\/v2\/comments?post=6762"}],"wp:featuredmedia":[{"embeddable":true,"href":"https:\/\/adequat.eu\/dk\/wp-json\/wp\/v2\/media\/6763"}],"wp:attachment":[{"href":"https:\/\/adequat.eu\/dk\/wp-json\/wp\/v2\/media?parent=6762"}],"wp:term":[{"taxonomy":"product_brand","embeddable":true,"href":"https:\/\/adequat.eu\/dk\/wp-json\/wp\/v2\/product_brand?post=6762"},{"taxonomy":"product_cat","embeddable":true,"href":"https:\/\/adequat.eu\/dk\/wp-json\/wp\/v2\/product_cat?post=6762"},{"taxonomy":"product_tag","embeddable":true,"href":"https:\/\/adequat.eu\/dk\/wp-json\/wp\/v2\/product_tag?post=6762"}],"curies":[{"name":"wp","href":"https:\/\/api.w.org\/{rel}","templated":true}]}}