{"id":6797,"date":"2019-02-21T16:14:01","date_gmt":"2019-02-21T15:14:01","guid":{"rendered":"https:\/\/adequat.eu\/dk\/product\/tagspan-af-kastanjetrae\/"},"modified":"2025-02-28T11:03:06","modified_gmt":"2025-02-28T10:03:06","slug":"tagspan-af-kastanjetrae","status":"publish","type":"product","link":"https:\/\/adequat.eu\/dk\/product\/oevrigt\/tagspan-af-kastanjetrae\/tagspan-af-kastanjetrae\/","title":{"rendered":"Tagsp\u00e5n af kastanjetr\u00e6"},"content":{"rendered":"<p>Tagsp\u00e5n af kastanjetr\u00e6 er 60 cm h\u00f8je, 10,5 cm brede og er p\u00e5 den ene side 2 cm tykke og aftager i tykkelse skr\u00e5t til den anden side (2 mm). Vores tagsp\u00e5n er ikke kl\u00f8vet, men savet. De er derfor mindre uj\u00e6vne end kl\u00f8vede tagsp\u00e5n. Under vores himmelstr\u00f8g er denne tag- og v\u00e6gbekl\u00e6dning endnu ikke s\u00e5 udbredt, men i andre dele af verden, &#8211; Nordamerika, Canada og polaromr\u00e5derne &#8211; har disse tagsp\u00e5n af kastanjetr\u00e6\u00a0 forl\u00e6ngst vist deres v\u00e6rd. D\u00e9r har de siden \u00e5r og dag pyntet tag og v\u00e6gge p\u00e5 skure, huse og bygninger. Jo mere skr\u00e5t taget er og jo bedre vandafl\u00f8bet er, jo bedre og l\u00e6ngere udf\u00f8rer tagsp\u00e5nerne deres opgave. I Frankrig kendes tagsp\u00e5nerne af tr\u00e6 ogs\u00e5 under navnet &#8216;bardeaux&#8217;.<\/p>\n<h2>Tagsp\u00e5n af tr\u00e6 til tag eller gavl<\/h2>\n<p>Tagsp\u00e5n af tr\u00e6, ogs\u00e5 kendt som tagsten af tr\u00e6, bruges regelm\u00e6ssigt p\u00e5 tage p\u00e5 skure eller tilbygninger. Hvis tagpladerne er lagt rigtigt og du s\u00f8rger for et godt vandafl\u00f8b, kr\u00e6ves der ikke yderligere vedligeholdelse. Tr\u00e6et er fra naturens side beskyttet mod vejrp\u00e5virkning. Tagpladerne af tr\u00e6 bliver gr\u00e5 p\u00e5 en naturlig m\u00e5de. Tr\u00e6tagpladerne f\u00e5s i tre forskellige udgaver: Som basis bruges altid de firkantede (rektanglede) sp\u00e5ner (engelsk: shingles). Prisen for disse tagplader af tr\u00e6 beregnes per kvadratmeter. For at f\u00e5 en legende effekt, kan du afveksle de firkantede tagsp\u00e5ner med en tilspidset eller rund variant. Disse tagsp\u00e5ner kan k\u00f8bes stykvist. For holdbarheden udg\u00f8r det ingen forskel.<\/p>\n<h2>Anbringelse af tagsp\u00e5n<\/h2>\n<p>Tagsp\u00e5n anbringes p\u00e5 tagl\u00e6gter som er monteret p\u00e5 taget med ca. 20 centimers afstand. Tagsp\u00e5nerne l\u00e6gges derefter i forbandt, s\u00e5dan at den \u00f8verste sp\u00e5n altid overlapper den nederste.<\/p>\n<p>For en holdbar tagd\u00e6kning skal du regne med ca. 25 tagsp\u00e5ner af tr\u00e6 per kvadratmeter. I en pakke er der 22 firkantede (rektanglede) tagsp\u00e5ner af tr\u00e6, s\u00e5 med \u00e9n pakke kan du l\u00e6gge ca. 0,84 kvadratmeter. For en holdbar v\u00e6gbekl\u00e6dning kan du klare dig med lidt f\u00e6rre tagsp\u00e5ner, fordi vandaff\u00f8rslen generelt er bedre der.<\/p>\n<p>Vil du vide mere om tagsp\u00e5ner af kastanjetr\u00e6, s\u00e5 bare\u00a0<a href=\"https:\/\/adequat.eu\/dk\/service-kontakt\/\">kontakt<\/a>\u00a0os. Vi hj\u00e6lper dig gerne videre.<\/p>\n","protected":false},"excerpt":{"rendered":"<p>Tagsp\u00e5n af kastanjetr\u00e6 er 60 cm h\u00f8je, 10,5 cm brede og er p\u00e5 den ene side 2 cm tykke og aftager i tykkelse skr\u00e5t til&#8230;<\/p>\n","protected":false},"featured_media":6798,"comment_status":"closed","ping_status":"closed","template":"","meta":{"_acf_changed":false,"inline_featured_image":false,"_trash_the_other_posts":false,"iawp_total_views":54,"editor_notices":[]},"product_brand":[],"product_cat":[227,87],"product_tag":[],"class_list":{"0":"post-6797","1":"product","2":"type-product","3":"status-publish","4":"has-post-thumbnail","6":"product_cat-tagspan-af-kastanjetrae","7":"product_cat-oevrigt","9":"first","10":"instock","11":"shipping-taxable","12":"purchasable","13":"product-type-variable","14":"has-default-attributes"},"composite_virtual":false,"composite_layout":"","composite_add_to_cart_form_location":"","composite_editable_in_cart":false,"composite_sold_individually_context":"","composite_shop_price_calc":"","composite_components":[],"composite_scenarios":[],"acf":[],"_links":{"self":[{"href":"https:\/\/adequat.eu\/dk\/wp-json\/wp\/v2\/product\/6797","targetHints":{"allow":["GET"]}}],"collection":[{"href":"https:\/\/adequat.eu\/dk\/wp-json\/wp\/v2\/product"}],"about":[{"href":"https:\/\/adequat.eu\/dk\/wp-json\/wp\/v2\/types\/product"}],"replies":[{"embeddable":true,"href":"https:\/\/adequat.eu\/dk\/wp-json\/wp\/v2\/comments?post=6797"}],"wp:featuredmedia":[{"embeddable":true,"href":"https:\/\/adequat.eu\/dk\/wp-json\/wp\/v2\/media\/6798"}],"wp:attachment":[{"href":"https:\/\/adequat.eu\/dk\/wp-json\/wp\/v2\/media?parent=6797"}],"wp:term":[{"taxonomy":"product_brand","embeddable":true,"href":"https:\/\/adequat.eu\/dk\/wp-json\/wp\/v2\/product_brand?post=6797"},{"taxonomy":"product_cat","embeddable":true,"href":"https:\/\/adequat.eu\/dk\/wp-json\/wp\/v2\/product_cat?post=6797"},{"taxonomy":"product_tag","embeddable":true,"href":"https:\/\/adequat.eu\/dk\/wp-json\/wp\/v2\/product_tag?post=6797"}],"curies":[{"name":"wp","href":"https:\/\/api.w.org\/{rel}","templated":true}]}}