{"id":6819,"date":"2020-09-24T07:57:50","date_gmt":"2020-09-24T05:57:50","guid":{"rendered":"https:\/\/adequat.eu\/dk\/product\/laasebeslag-til-en-dobbelt-engelsk-og-hollandsk-laage\/"},"modified":"2026-03-05T14:29:07","modified_gmt":"2026-03-05T13:29:07","slug":"laasebeslag-til-en-dobbelt-engelsk-og-hollandsk-laage","status":"publish","type":"product","link":"https:\/\/adequat.eu\/dk\/product\/oevrigt\/installation\/beslag-og-lase\/laasebeslag-til-en-dobbelt-engelsk-og-hollandsk-laage\/","title":{"rendered":"L\u00e5sebeslag til en dobbelt plankel\u00e5ge"},"content":{"rendered":"<p>L\u00e5sebeslag til en dobbelt\u00a0<a href=\"https:\/\/adequat.eu\/dk\/products\/traelager\/\">plankel\u00e5ge<\/a>. Med dette l\u00e5set\u00f8j st\u00e6nger du l\u00e5gerne af p\u00e5 indersiden. Du har ogs\u00e5 mulighed for at afl\u00e5se beslaget \u2013 og alts\u00e5 dermed l\u00e5gerne \u2013 med en h\u00e6ngel\u00e5s. L\u00e5sebeslaget er galvaniseret og af solid kvalitet.<\/p>\n","protected":false},"excerpt":{"rendered":"<p>L\u00e5sebeslag til en dobbelt\u00a0plankel\u00e5ge. Med dette l\u00e5set\u00f8j st\u00e6nger du l\u00e5gerne af p\u00e5 indersiden. Du har ogs\u00e5 mulighed for at afl\u00e5se beslaget \u2013 og alts\u00e5 dermed&#8230;<\/p>\n","protected":false},"featured_media":6820,"comment_status":"closed","ping_status":"closed","template":"","meta":{"_acf_changed":false,"inline_featured_image":false,"_trash_the_other_posts":false,"iawp_total_views":1,"editor_notices":[]},"product_brand":[],"product_cat":[89,88,87],"product_tag":[],"class_list":{"0":"post-6819","1":"product","2":"type-product","3":"status-publish","4":"has-post-thumbnail","6":"product_cat-beslag-og-lase","7":"product_cat-installation","8":"product_cat-oevrigt","10":"first","11":"instock","12":"shipping-taxable","13":"purchasable","14":"product-type-simple"},"composite_virtual":false,"composite_layout":"","composite_add_to_cart_form_location":"","composite_editable_in_cart":false,"composite_sold_individually_context":"","composite_shop_price_calc":"","composite_components":[],"composite_scenarios":[],"acf":[],"_links":{"self":[{"href":"https:\/\/adequat.eu\/dk\/wp-json\/wp\/v2\/product\/6819","targetHints":{"allow":["GET"]}}],"collection":[{"href":"https:\/\/adequat.eu\/dk\/wp-json\/wp\/v2\/product"}],"about":[{"href":"https:\/\/adequat.eu\/dk\/wp-json\/wp\/v2\/types\/product"}],"replies":[{"embeddable":true,"href":"https:\/\/adequat.eu\/dk\/wp-json\/wp\/v2\/comments?post=6819"}],"wp:featuredmedia":[{"embeddable":true,"href":"https:\/\/adequat.eu\/dk\/wp-json\/wp\/v2\/media\/6820"}],"wp:attachment":[{"href":"https:\/\/adequat.eu\/dk\/wp-json\/wp\/v2\/media?parent=6819"}],"wp:term":[{"taxonomy":"product_brand","embeddable":true,"href":"https:\/\/adequat.eu\/dk\/wp-json\/wp\/v2\/product_brand?post=6819"},{"taxonomy":"product_cat","embeddable":true,"href":"https:\/\/adequat.eu\/dk\/wp-json\/wp\/v2\/product_cat?post=6819"},{"taxonomy":"product_tag","embeddable":true,"href":"https:\/\/adequat.eu\/dk\/wp-json\/wp\/v2\/product_tag?post=6819"}],"curies":[{"name":"wp","href":"https:\/\/api.w.org\/{rel}","templated":true}]}}