{"id":6821,"date":"2020-09-25T12:34:42","date_gmt":"2020-09-25T10:34:42","guid":{"rendered":"https:\/\/adequat.eu\/dk\/product\/laagehaengsel-justerbart\/"},"modified":"2023-10-04T11:10:21","modified_gmt":"2023-10-04T09:10:21","slug":"laagehaengsel-justerbart","status":"publish","type":"product","link":"https:\/\/adequat.eu\/dk\/product\/oevrigt\/installation\/beslag-og-lase\/laagehaengsel-justerbart\/","title":{"rendered":"L\u00e5geh\u00e6ngsel just\u00e9rbart"},"content":{"rendered":"<p>L\u00e5geh\u00e6ngsel just\u00e9rbart er galvaniseret og velegnet til mindre <a href=\"https:\/\/adequat.eu\/dk\/products\/traelager\/\">Engelske l\u00e5ger<\/a> og <a href=\"https:\/\/adequat.eu\/dk\/products\/traelager\/plankelager\/\">plankel\u00e5ger<\/a>. Den store fordel ved dette just\u00e9rbare l\u00e5geh\u00e6ngsel er at l\u00e5gerne kan \u00e5bnes 180 grader. Det just\u00e9rbare l\u00e5geh\u00e6ngsel f\u00e5s i to st\u00f8rrelser.<\/p>\n","protected":false},"excerpt":{"rendered":"<p>L\u00e5geh\u00e6ngsel just\u00e9rbart er galvaniseret og velegnet til mindre Engelske l\u00e5ger og plankel\u00e5ger. Den store fordel ved dette just\u00e9rbare l\u00e5geh\u00e6ngsel er at l\u00e5gerne kan \u00e5bnes 180&#8230;<\/p>\n","protected":false},"featured_media":6822,"comment_status":"closed","ping_status":"closed","template":"","meta":{"_acf_changed":false,"inline_featured_image":false,"_trash_the_other_posts":false,"iawp_total_views":53,"editor_notices":[]},"product_brand":[],"product_cat":[89,88,87],"product_tag":[],"class_list":{"0":"post-6821","1":"product","2":"type-product","3":"status-publish","4":"has-post-thumbnail","6":"product_cat-beslag-og-lase","7":"product_cat-installation","8":"product_cat-oevrigt","10":"first","11":"instock","12":"shipping-taxable","13":"purchasable","14":"product-type-variable","15":"has-default-attributes"},"composite_virtual":false,"composite_layout":"","composite_add_to_cart_form_location":"","composite_editable_in_cart":false,"composite_sold_individually_context":"","composite_shop_price_calc":"","composite_components":[],"composite_scenarios":[],"acf":[],"_links":{"self":[{"href":"https:\/\/adequat.eu\/dk\/wp-json\/wp\/v2\/product\/6821","targetHints":{"allow":["GET"]}}],"collection":[{"href":"https:\/\/adequat.eu\/dk\/wp-json\/wp\/v2\/product"}],"about":[{"href":"https:\/\/adequat.eu\/dk\/wp-json\/wp\/v2\/types\/product"}],"replies":[{"embeddable":true,"href":"https:\/\/adequat.eu\/dk\/wp-json\/wp\/v2\/comments?post=6821"}],"wp:featuredmedia":[{"embeddable":true,"href":"https:\/\/adequat.eu\/dk\/wp-json\/wp\/v2\/media\/6822"}],"wp:attachment":[{"href":"https:\/\/adequat.eu\/dk\/wp-json\/wp\/v2\/media?parent=6821"}],"wp:term":[{"taxonomy":"product_brand","embeddable":true,"href":"https:\/\/adequat.eu\/dk\/wp-json\/wp\/v2\/product_brand?post=6821"},{"taxonomy":"product_cat","embeddable":true,"href":"https:\/\/adequat.eu\/dk\/wp-json\/wp\/v2\/product_cat?post=6821"},{"taxonomy":"product_tag","embeddable":true,"href":"https:\/\/adequat.eu\/dk\/wp-json\/wp\/v2\/product_tag?post=6821"}],"curies":[{"name":"wp","href":"https:\/\/api.w.org\/{rel}","templated":true}]}}