{"id":8351,"date":"2021-03-30T14:29:22","date_gmt":"2021-03-30T12:29:22","guid":{"rendered":"https:\/\/adequat.eu\/dk\/?post_type=product&#038;p=8351"},"modified":"2025-05-22T15:50:10","modified_gmt":"2025-05-22T13:50:10","slug":"laasetoej-til-en-slagbom-af-trae-komplet-med-stift","status":"publish","type":"product","link":"https:\/\/adequat.eu\/dk\/product\/oevrigt\/installation\/beslag-og-lase\/laasetoej-til-en-slagbom-af-trae-komplet-med-stift\/","title":{"rendered":"L\u00e5set\u00f8j til en slagbom af tr\u00e6, komplet med stift"},"content":{"rendered":"<p>L\u00e5set\u00f8j til en slagbom af tr\u00e6, komplet med stift. Meget velegnet til at afl\u00e5se en slagbom af rundtr\u00e6. Dette l\u00e5set\u00f8j til en slagbom er af h\u00f8j kvalitet og varmgalvaniseret.<\/p>\n","protected":false},"excerpt":{"rendered":"<p>L\u00e5set\u00f8j til en slagbom af tr\u00e6, komplet med stift. Meget velegnet til at afl\u00e5se en slagbom af rundtr\u00e6. Dette l\u00e5set\u00f8j til en slagbom er af&#8230;<\/p>\n","protected":false},"featured_media":8353,"comment_status":"closed","ping_status":"closed","template":"","meta":{"_acf_changed":false,"inline_featured_image":false,"_trash_the_other_posts":false,"iawp_total_views":6,"editor_notices":[]},"product_brand":[],"product_cat":[89,88],"product_tag":[],"class_list":{"0":"post-8351","1":"product","2":"type-product","3":"status-publish","4":"has-post-thumbnail","6":"product_cat-beslag-og-lase","7":"product_cat-installation","9":"first","10":"instock","11":"shipping-taxable","12":"purchasable","13":"product-type-simple"},"composite_virtual":false,"composite_layout":"","composite_add_to_cart_form_location":"","composite_editable_in_cart":false,"composite_sold_individually_context":"","composite_shop_price_calc":"","composite_components":[],"composite_scenarios":[],"acf":[],"_links":{"self":[{"href":"https:\/\/adequat.eu\/dk\/wp-json\/wp\/v2\/product\/8351","targetHints":{"allow":["GET"]}}],"collection":[{"href":"https:\/\/adequat.eu\/dk\/wp-json\/wp\/v2\/product"}],"about":[{"href":"https:\/\/adequat.eu\/dk\/wp-json\/wp\/v2\/types\/product"}],"replies":[{"embeddable":true,"href":"https:\/\/adequat.eu\/dk\/wp-json\/wp\/v2\/comments?post=8351"}],"wp:featuredmedia":[{"embeddable":true,"href":"https:\/\/adequat.eu\/dk\/wp-json\/wp\/v2\/media\/8353"}],"wp:attachment":[{"href":"https:\/\/adequat.eu\/dk\/wp-json\/wp\/v2\/media?parent=8351"}],"wp:term":[{"taxonomy":"product_brand","embeddable":true,"href":"https:\/\/adequat.eu\/dk\/wp-json\/wp\/v2\/product_brand?post=8351"},{"taxonomy":"product_cat","embeddable":true,"href":"https:\/\/adequat.eu\/dk\/wp-json\/wp\/v2\/product_cat?post=8351"},{"taxonomy":"product_tag","embeddable":true,"href":"https:\/\/adequat.eu\/dk\/wp-json\/wp\/v2\/product_tag?post=8351"}],"curies":[{"name":"wp","href":"https:\/\/api.w.org\/{rel}","templated":true}]}}