{"id":8460,"date":"2021-05-20T12:22:03","date_gmt":"2021-05-20T10:22:03","guid":{"rendered":"https:\/\/adequat.eu\/dk\/?post_type=product&#038;p=8460"},"modified":"2026-02-20T16:51:05","modified_gmt":"2026-02-20T15:51:05","slug":"s","status":"publish","type":"product","link":"https:\/\/adequat.eu\/dk\/product\/hegn\/robinie-hegn\/faarehegn-robinie-80-cm-hoej\/","title":{"rendered":"Robiniehegn 80 cm h\u00f8j"},"content":{"rendered":"<ul>\n<li><span style=\"color: #8c281e\">Den ultimative kombination af landligt og moderne<\/span><\/li>\n<li><span style=\"color: #8c281e\">Savede og regelm\u00e6ssige stave<\/span><\/li>\n<li><span style=\"color: #8c281e\">Fintslebne<\/span><\/li>\n<\/ul>\n<p>Robiniehegn 80 cm h\u00f8j f\u00e5s med en afstand mellem stavene p\u00e5 4 cm og 8 cm. Dette hegn leveres p\u00e5 ruller af 5 meter eller 10 meter (det afh\u00e6nger af fabrikanten og v\u00e6gten af hegnet).<\/p>\n<p>Til et robiniehegn 80 cm h\u00f8j anbefaler vi <a href=\"https:\/\/adequat.eu\/dk\/product\/stolper-dk\/kastanjestolper\/kastanjestolpe-oe-7-9-cm\/\">kastanje-stolper<\/a> \u00f8 7\/9 med en l\u00e6ngde p\u00e5 150 cm eller <a href=\"https:\/\/adequat.eu\/dk\/product\/stolper-dk\/stolper-af-robinie-trae-er-ekstremt-holdbare-adequat\/robinie-stolpe-oe-8-10-cm\/\">robinie-stolper<\/a> \u00f8 8\/10 og en l\u00e6ngde p\u00e5 160 cm. Vi anbefaler dig at placere en stolpe for hveranden meter. Til start- og slutpunkterne samt hj\u00f8rnerne kan du bruge <a href=\"https:\/\/adequat.eu\/dk\/product\/stolper-dk\/kastanjestolper\/kastanjestolpe-oe-10-12-cm\/\">stolper \u00f8 10\/12<\/a> 150 cm og 160 cm. Skal du anbringe hegnet i l\u00f8st underlag, s\u00e5 kan du overveje at afstive start- og slutstolperne.<\/p>\n<h2>Godt at vide om robiniehegn 80 cm<\/h2>\n<p>St\u00e5ltr\u00e5den som anvendes, er af h\u00f8j kvalitet (1,8 mm) og galvaniseret. Det ruster ikke. Det er let at forbinde rullerne med hinanden! Ved minut 1:20 i <a href=\"https:\/\/adequat.eu\/dk\/nyheder\/installationsvideo-fransk-kastanjehegn\/\">videoen<\/a> f\u00e5r du pr\u00e6cist at vide, hvordan du skal gribe det an. Skulle en stav g\u00e5 i stykker, s\u00e5 kan du let selv udskifte den. Robiniehegn er fleksibelt og f\u00f8lger let konturerne i dit jordunderlag.<\/p>\n<p>Vi anbefaler at montere hegnet af robinetr\u00e6 p\u00e5 stolperne med <a href=\"https:\/\/adequat.eu\/dk\/product\/oevrigt\/installation\/fastgorelsesmaterialer\/rustfri-stalskruer-diverse-storrelser-inklusive-bit\/\">rustfri skruer 4,5 x 60 mm<\/a>. P\u00e5 den m\u00e5de fastg\u00f8r du hegnet mod stolpen og du undg\u00e5r at hegnet &#8216;h\u00e6nger&#8217;. Robinie er en meget h\u00e5rd og holdbar tr\u00e6sort og du skal derfor f\u00f8rst bore for for at undg\u00e5 at stavene fl\u00e6kker.<\/p>\n<h2>Hegn af robinietr\u00e6 opdat<\/h2>\n<p>Vil du beregne hvor meget hegn af robinietr\u00e6 du har brug for, s\u00e5 benyt helt uforpligtende <a href=\"https:\/\/adequat.eu\/dk\/sammensaet-dit-hegn\/fransk-kastanjehegn\/\">hegnsberegneren<\/a>. Du kan f\u00f8lge beregningen for\u00a0<a href=\"https:\/\/adequat.eu\/dk\/products\/hegn\/kastanjehegn\/\">Fransk kastanjehegn<\/a>.<\/p>\n","protected":false},"excerpt":{"rendered":"<p>Den ultimative kombination af landligt og moderne Savede og regelm\u00e6ssige stave Fintslebne Robiniehegn 80 cm h\u00f8j f\u00e5s med en afstand mellem stavene p\u00e5 4 cm&#8230;<\/p>\n","protected":false},"featured_media":8448,"comment_status":"closed","ping_status":"closed","template":"","meta":{"_acf_changed":false,"inline_featured_image":false,"_trash_the_other_posts":false,"iawp_total_views":103,"editor_notices":[]},"product_brand":[],"product_cat":[326,109,333],"product_tag":[],"class_list":{"0":"post-8460","1":"product","2":"type-product","3":"status-publish","4":"has-post-thumbnail","6":"product_cat-robinie-hegn","7":"product_cat-hegn","8":"product_cat-stakit-hegn","10":"first","11":"instock","12":"shipping-taxable","13":"purchasable","14":"product-type-variable","15":"has-default-attributes"},"composite_virtual":false,"composite_layout":"","composite_add_to_cart_form_location":"","composite_editable_in_cart":false,"composite_sold_individually_context":"","composite_shop_price_calc":"","composite_components":[],"composite_scenarios":[],"acf":[],"_links":{"self":[{"href":"https:\/\/adequat.eu\/dk\/wp-json\/wp\/v2\/product\/8460","targetHints":{"allow":["GET"]}}],"collection":[{"href":"https:\/\/adequat.eu\/dk\/wp-json\/wp\/v2\/product"}],"about":[{"href":"https:\/\/adequat.eu\/dk\/wp-json\/wp\/v2\/types\/product"}],"replies":[{"embeddable":true,"href":"https:\/\/adequat.eu\/dk\/wp-json\/wp\/v2\/comments?post=8460"}],"wp:featuredmedia":[{"embeddable":true,"href":"https:\/\/adequat.eu\/dk\/wp-json\/wp\/v2\/media\/8448"}],"wp:attachment":[{"href":"https:\/\/adequat.eu\/dk\/wp-json\/wp\/v2\/media?parent=8460"}],"wp:term":[{"taxonomy":"product_brand","embeddable":true,"href":"https:\/\/adequat.eu\/dk\/wp-json\/wp\/v2\/product_brand?post=8460"},{"taxonomy":"product_cat","embeddable":true,"href":"https:\/\/adequat.eu\/dk\/wp-json\/wp\/v2\/product_cat?post=8460"},{"taxonomy":"product_tag","embeddable":true,"href":"https:\/\/adequat.eu\/dk\/wp-json\/wp\/v2\/product_tag?post=8460"}],"curies":[{"name":"wp","href":"https:\/\/api.w.org\/{rel}","templated":true}]}}