{"id":8471,"date":"2021-05-20T14:36:27","date_gmt":"2021-05-20T12:36:27","guid":{"rendered":"https:\/\/adequat.eu\/dk\/?post_type=product&#038;p=8471"},"modified":"2026-02-20T16:51:49","modified_gmt":"2026-02-20T15:51:49","slug":"faarehegn-robinie-120-cm-hoej","status":"publish","type":"product","link":"https:\/\/adequat.eu\/dk\/product\/hegn\/robinie-hegn\/faarehegn-robinie-120-cm-hoej\/","title":{"rendered":"Robiniehegn 120 cm h\u00f8j"},"content":{"rendered":"<ul>\n<li><span style=\"color: #8c281e\">P\u00e5faldende flot!\u00a0<\/span><\/li>\n<li><span style=\"color: #8c281e\">Luksuri\u00f8st udf\u00e6rdiget, splintfri<\/span><\/li>\n<li><span style=\"color: #8c281e\">Meget solid og alligevel elegant<\/span><\/li>\n<\/ul>\n<p>Robiniehegn 120 cm h\u00f8j f\u00e5s med en afstand mellem stavene p\u00e5 4 cm og 8 cm. Dette hegn leveres p\u00e5 ruller af 5 meter eller 10 meter (det afh\u00e6nger af fabrikanten og v\u00e6gten af hegnet).<\/p>\n<p>Til et robiniehegn 120 cm h\u00f8j anbefaler vi <a href=\"https:\/\/adequat.eu\/dk\/product\/stolper-dk\/kastanjestolper\/kastanjestolpe-oe-7-9-cm\/\">kastanje-stolper<\/a> \u00f8 7\/9 med en l\u00e6ngde p\u00e5 175 cm eller <a href=\"https:\/\/adequat.eu\/dk\/product\/stolper-dk\/stolper-af-robinie-trae-er-ekstremt-holdbare-adequat\/robinie-stolpe-oe-8-10-cm\/\">robinie-stolper<\/a> \u00f8 8\/10 og en l\u00e6ngde p\u00e5 180 cm. Vi anbefaler dig at placere en stolpe for 1,66 meter. Til start- og slutpunkterne samt hj\u00f8rnerne kan du bruge <a href=\"https:\/\/adequat.eu\/dk\/product\/stolper-dk\/kastanjestolper\/kastanjestolpe-oe-10-12-cm\/\">stolper \u00f8 10\/12<\/a> 200 cm. Skal du anbringe hegnet i l\u00f8st underlag, s\u00e5 kan du overveje at afstive start- og slutstolperne.<\/p>\n<h2>Godt at vide om robiniehegn 120 cm<\/h2>\n<p>St\u00e5ltr\u00e5den som anvendes, er af h\u00f8j kvalitet (1,8 mm) og galvaniseret. Det ruster ikke. Det er let at forbinde rullerne med hinanden! Ved minut 1:20 i\u00a0<a href=\"https:\/\/adequat.eu\/dk\/nyheder\/installationsvideo-fransk-kastanjehegn\/\">videoen<\/a> f\u00e5r du pr\u00e6cist at vide, hvordan du skal gribe det an. Skulle en stav g\u00e5 i stykker, s\u00e5 kan du let selv udskifte den. Robiniehegn er fleksibelt og f\u00f8lger let konturerne i dit jordunderlag.<\/p>\n<p>Vi anbefaler at montere hegnet af robinetr\u00e6 p\u00e5 stolperne med <a href=\"https:\/\/adequat.eu\/dk\/product\/oevrigt\/installation\/fastgorelsesmaterialer\/rustfri-stalskruer-diverse-storrelser-inklusive-bit\/\">rustfri skruer 4,5 x 60 mm<\/a>. P\u00e5 den m\u00e5de fastg\u00f8r du hegnet mod stolpen og du undg\u00e5r at hegnet \u2018h\u00e6nger\u2019. Robinie er en meget h\u00e5rd og holdbar tr\u00e6sort og du skal derfor f\u00f8rst bore for for at undg\u00e5 at stavene fl\u00e6kker.<\/p>\n<h2>Hegn af robinietr\u00e6 opsat<\/h2>\n<p>Vil du beregne hvor meget hegn af robinietr\u00e6 du har brug for, s\u00e5 benyt helt uforpligtende <a href=\"https:\/\/adequat.eu\/dk\/sammensaet-dit-hegn\/fransk-kastanjehegn\/\">hegnsberegneren<\/a>. Du kan f\u00f8lge beregningen for <a href=\"https:\/\/adequat.eu\/dk\/products\/hegn\/kastanjehegn\/\">Fransk kastanjehegn<\/a>.<\/p>\n","protected":false},"excerpt":{"rendered":"<p>P\u00e5faldende flot!\u00a0 Luksuri\u00f8st udf\u00e6rdiget, splintfri Meget solid og alligevel elegant Robiniehegn 120 cm h\u00f8j f\u00e5s med en afstand mellem stavene p\u00e5 4 cm og 8&#8230;<\/p>\n","protected":false},"featured_media":8448,"comment_status":"closed","ping_status":"closed","template":"","meta":{"_acf_changed":false,"inline_featured_image":false,"_trash_the_other_posts":false,"iawp_total_views":97,"editor_notices":[]},"product_brand":[],"product_cat":[326,109,333],"product_tag":[],"class_list":{"0":"post-8471","1":"product","2":"type-product","3":"status-publish","4":"has-post-thumbnail","6":"product_cat-robinie-hegn","7":"product_cat-hegn","8":"product_cat-stakit-hegn","10":"first","11":"instock","12":"shipping-taxable","13":"purchasable","14":"product-type-variable","15":"has-default-attributes"},"composite_virtual":false,"composite_layout":"","composite_add_to_cart_form_location":"","composite_editable_in_cart":false,"composite_sold_individually_context":"","composite_shop_price_calc":"","composite_components":[],"composite_scenarios":[],"acf":[],"_links":{"self":[{"href":"https:\/\/adequat.eu\/dk\/wp-json\/wp\/v2\/product\/8471","targetHints":{"allow":["GET"]}}],"collection":[{"href":"https:\/\/adequat.eu\/dk\/wp-json\/wp\/v2\/product"}],"about":[{"href":"https:\/\/adequat.eu\/dk\/wp-json\/wp\/v2\/types\/product"}],"replies":[{"embeddable":true,"href":"https:\/\/adequat.eu\/dk\/wp-json\/wp\/v2\/comments?post=8471"}],"wp:featuredmedia":[{"embeddable":true,"href":"https:\/\/adequat.eu\/dk\/wp-json\/wp\/v2\/media\/8448"}],"wp:attachment":[{"href":"https:\/\/adequat.eu\/dk\/wp-json\/wp\/v2\/media?parent=8471"}],"wp:term":[{"taxonomy":"product_brand","embeddable":true,"href":"https:\/\/adequat.eu\/dk\/wp-json\/wp\/v2\/product_brand?post=8471"},{"taxonomy":"product_cat","embeddable":true,"href":"https:\/\/adequat.eu\/dk\/wp-json\/wp\/v2\/product_cat?post=8471"},{"taxonomy":"product_tag","embeddable":true,"href":"https:\/\/adequat.eu\/dk\/wp-json\/wp\/v2\/product_tag?post=8471"}],"curies":[{"name":"wp","href":"https:\/\/api.w.org\/{rel}","templated":true}]}}