{"id":7949,"date":"2020-12-23T16:25:15","date_gmt":"2020-12-23T15:25:15","guid":{"rendered":"https:\/\/adequat.eu\/fr\/?page_id=7949"},"modified":"2020-12-28T16:08:48","modified_gmt":"2020-12-28T15:08:48","slug":"installation","status":"publish","type":"page","link":"https:\/\/adequat.eu\/fr-be\/installation\/","title":{"rendered":"Installation"},"content":{"rendered":"<header class=\"entry-header\">\n<h1 class=\"entry-title\">Installation<\/h1>\n<\/header>\n<div class=\"entry-content\">\n<p>&nbsp;<\/p>\n<p>L\u2019 installation de cl\u00f4tures de ganivelles fran\u00e7aises, de portails fran\u00e7ais et de portails anglais et n\u00e9erlandais n\u2019est pas difficile \u00e0 r\u00e9aliser. En cliquant sur \u00ab\u00a0\u00e0 propos d\u2019Ad\u00e9quat\u00a0\u00bb, vous trouverez des vid\u00e9os explicatives. Vous trouverez \u00e9galement ici une description \u00e9crite que vous pouvez imprimer et ainsi l\u2019avoir avec vous lors de l\u2019installation.<\/p>\n<p>Si vous avez des questions, n\u2019h\u00e9sitez pas \u00e0 nous contacter. Il est \u00e9ventuellement possible de r\u00e9aliser l\u2019installation pour vous. Notre \u00e9quipe, tr\u00e8s exp\u00e9riment\u00e9e, travaille vite et bien. Les co\u00fbts d\u2019une telle installation d\u00e9pendent de l\u2019importance du projet et de la nature de la terre sur laquelle elle sera pos\u00e9e. Nous serons ravis de vous proposer un devis pour cette t\u00e2che.<\/p>\n<h3><em>Cl\u00f4ture<\/em><\/h3>\n<ol>\n<li>Commencez par d\u00e9terminer le terrain \u00e0 cl\u00f4turer en pla\u00e7ant tout d\u2019abord les premiers piquets de d\u00e9but et des coins. Marquez alors les endroits o\u00f9 les autres piquets doivent \u00eatre plac\u00e9s. Faites en sorte que la distance entre les piquets soit \u00e0 peu pr\u00e8s \u00e9gale. Vous pouvez tendre un fil entre les piquets de coin et les premiers piquets pour vous aider \u00e0 marquer une ligne droite. Pour plus de solidit\u00e9, et si la terre est meuble, placez des \u00e9tais contre les premiers piquets et ceux des coins. Si la terre est plus dure, il suffit de prendre des piquets un peu plus longs et plus \u00e9pais pour les premiers piquets et ceux des coins.<\/li>\n<li>D\u00e9roulez la cl\u00f4ture et fixez la premi\u00e8re latte contre le premier piquet avec des vis en acier inoxydable. Vous vissez au travers de la latte (au niveau du fil de fer) dans le piquet. Tendez la cl\u00f4ture jusqu\u2019au prochain piquet \u00e0 l\u2019aide d\u2019une pelle et vissez de nouveau une latte contre le piquet. Continuez ainsi jusqu\u2019\u00e0 la fin du rouleau.<\/li>\n<li>Vous pouvez lier deux rouleaux d\u2019une mani\u00e8re tr\u00e8s simple. D\u00e9liez les fils de la derni\u00e8re latte et enlevez la latte. Fixez le fil de fer autour de la premi\u00e8re latte du nouveau rouleau et fixez le en tournant fortement avec une pince. Coupez les bouts de fil.<\/li>\n<li>Nous vous souhaitons bonne chance pour ce placement de cl\u00f4ture. Si vous avez des questions, n\u2019h\u00e9sitez pas \u00e0 nous contacter.<\/li>\n<\/ol>\n<p><div class=\"embed-responsive embed-responsive-16by9\"><iframe loading=\"lazy\" title=\"Mise en place d&#039;une cl\u00f4ture ganivelle\" width=\"500\" height=\"281\" src=\"https:\/\/www.youtube.com\/embed\/wZrwJy-jNHw?feature=oembed\" frameborder=\"0\" allow=\"accelerometer; autoplay; clipboard-write; encrypted-media; gyroscope; picture-in-picture; web-share\" referrerpolicy=\"strict-origin-when-cross-origin\" allowfullscreen><\/iframe><\/div><\/p>\n<h3><em>Portails fran\u00e7ais<\/em><\/h3>\n<ol>\n<li>Vous commencez par d\u00e9terminer le lieu pr\u00e9cis du portail. Puis vous creusez le trou pour le poteau auquel est fix\u00e9 le portail \u00e0 l\u2019aide de pentures. Faites en sorte que ce poteau soit bien droit et accrochez le portail au poteau. Mettez votre poteau en position verticale \u00e0 l\u2019aide d\u2019\u00e9tais ou de lattes pour le soutenir et v\u00e9rifiez avec un niveau \u00e0 bulle qu\u2019il soit bien droit. Remplissez le trou du poteau avec du mortier de ciment et de l\u2019eau tout en\u00a0 prenant soin de bien m\u00e9langer.<\/li>\n<li>Creusez le trou pour le poteau\u00a0de fermeture, positionnez celui-ci bien droit et fixez le \u00e0 l\u2019aide de lattes. Mettez la serrure de telle sorte que la porte se ferme de mani\u00e8re fluide. Remplissez le trou du poteau avec du mortier de ciment et de l\u2019eau et prenez soin de bien m\u00e9langer. V\u00e9rifier encore une fois que le portail entier soit au bon niveau et bien fix\u00e9. Enlevez les lattes de positionnement seulement apr\u00e8s que le b\u00e9ton soit sec. Le portail pourra alors \u00eatre utilis\u00e9.<\/li>\n<\/ol>\n<p><div class=\"embed-responsive embed-responsive-16by9\"><iframe loading=\"lazy\" title=\"Mise en place d&#039;un portail\" width=\"500\" height=\"281\" src=\"https:\/\/www.youtube.com\/embed\/Ct1Uz0zn84E?feature=oembed\" frameborder=\"0\" allow=\"accelerometer; autoplay; clipboard-write; encrypted-media; gyroscope; picture-in-picture; web-share\" referrerpolicy=\"strict-origin-when-cross-origin\" allowfullscreen><\/iframe><\/div><\/p>\n<p><div class=\"embed-responsive embed-responsive-16by9\"><iframe loading=\"lazy\" title=\"Mise en place d&#039;une cl\u00f4ture ganivelle et d&#039;un portail\" width=\"500\" height=\"281\" src=\"https:\/\/www.youtube.com\/embed\/J3x54M2DOqc?feature=oembed\" frameborder=\"0\" allow=\"accelerometer; autoplay; clipboard-write; encrypted-media; gyroscope; picture-in-picture; web-share\" referrerpolicy=\"strict-origin-when-cross-origin\" allowfullscreen><\/iframe><\/div><\/p>\n<\/div>\n","protected":false},"excerpt":{"rendered":"<p>Installation &nbsp; L\u2019 installation de cl\u00f4tures de ganivelles fran\u00e7aises, de portails fran\u00e7ais et de portails anglais et n\u00e9erlandais n\u2019est pas difficile \u00e0 r\u00e9aliser. En cliquant&#8230;<\/p>\n","protected":false},"author":4,"featured_media":0,"parent":0,"menu_order":0,"comment_status":"closed","ping_status":"closed","template":"","meta":{"_acf_changed":false,"inline_featured_image":false,"_trash_the_other_posts":false,"ep_exclude_from_search":false,"iawp_total_views":29,"editor_notices":[],"footnotes":""},"class_list":["post-7949","page","type-page","status-publish","hentry"],"acf":[],"_links":{"self":[{"href":"https:\/\/adequat.eu\/fr-be\/wp-json\/wp\/v2\/pages\/7949","targetHints":{"allow":["GET"]}}],"collection":[{"href":"https:\/\/adequat.eu\/fr-be\/wp-json\/wp\/v2\/pages"}],"about":[{"href":"https:\/\/adequat.eu\/fr-be\/wp-json\/wp\/v2\/types\/page"}],"author":[{"embeddable":true,"href":"https:\/\/adequat.eu\/fr-be\/wp-json\/wp\/v2\/users\/4"}],"replies":[{"embeddable":true,"href":"https:\/\/adequat.eu\/fr-be\/wp-json\/wp\/v2\/comments?post=7949"}],"version-history":[{"count":1,"href":"https:\/\/adequat.eu\/fr-be\/wp-json\/wp\/v2\/pages\/7949\/revisions"}],"predecessor-version":[{"id":10718,"href":"https:\/\/adequat.eu\/fr-be\/wp-json\/wp\/v2\/pages\/7949\/revisions\/10718"}],"wp:attachment":[{"href":"https:\/\/adequat.eu\/fr-be\/wp-json\/wp\/v2\/media?parent=7949"}],"curies":[{"name":"wp","href":"https:\/\/api.w.org\/{rel}","templated":true}]}}