{"id":7956,"date":"2020-12-23T16:49:21","date_gmt":"2020-12-23T15:49:21","guid":{"rendered":"https:\/\/adequat.eu\/fr\/livraison\/"},"modified":"2025-06-05T13:48:30","modified_gmt":"2025-06-05T11:48:30","slug":"livraison","status":"publish","type":"page","link":"https:\/\/adequat.eu\/fr-be\/livraison\/","title":{"rendered":"Livraison"},"content":{"rendered":"<header class=\"entry-header\">\n<h1 class=\"entry-title\">Livraison<\/h1>\n<\/header>\n<div>\n<p><strong><span style=\"color: #009688\">Les frais d&rsquo;exp\u00e9dition pour les Pays-Bas et la Belgique (\u00e0 l&rsquo;exception des \u00eeles Wadden) sont 49,50 \u20ac.<\/span><\/strong><\/p>\n<p>Si vous commandez sur notre site internet et venez r\u00e9cup\u00e9rer votre commande vous-m\u00eame \u00e0 Alphen, vous b\u00e9n\u00e9ficiez d&rsquo;une r\u00e9duction de 7%.<\/p>\n<p>Nos chauffeurs connaissent parfaitement nos produits. Si vous avez des questions, vous pouvez donc les leur poser au moment de la livraison. Apr\u00e8s avoir vu et v\u00e9rifi\u00e9 votre commande, vous r\u00e9glez la note au chauffeur, soit en esp\u00e8ces soit par carte bancaire (les chauffeurs poss\u00e8dent un lecteur de cartes). Si votre commande ne correspond pas \u00e0 vos attentes, vous pouvez la refuser. Si vous pr\u00e9f\u00e9rez payer votre facture en avance, vous pouvez le faire par virement bancaire en indiquant bien le num\u00e9ro de commande et votre nom sur le compte bancaire de Ad\u00e9quat. Nous livrons dans une grande partie de l\u2019Europe (Belgique, Allemagne, France, Autriche et Danemark). Les frais de livraison d\u00e9pendent du pays o\u00f9 doivent \u00eatre livr\u00e9s les produits mais aussi de la taille de votre commande. Demandez-nous un <a href=\"https:\/\/adequat.eu\/fr-be\/devis\/\">devis<\/a>\u00a0sans engagement\u00a0ou consultez\u00a0<a href=\"https:\/\/adequat.eu\/fr-be\/assemblez-votre-cloture\/\">l\u2019assistant produit<\/a>\u00a0et il vous donnera\u00a0le prix du produit et de la livraison.\u00a0Si vous commandez en ligne et que vous venez chercher vous-m\u00eame votre commande \u00e0 Alphen, vous aurez droit une r\u00e9duction de 7\u00a0%.Quelques jours apr\u00e8s avoir pass\u00e9 votre commande, vous recevrez une r\u00e9ponse de notre d\u00e9partement de logistique. Il vous sera propos\u00e9 une date et une heure de livraison avec une marge de 2 \u00e0 4 heures. Une heure plus pr\u00e9cise ne peut pas vous \u00eatre donn\u00e9e, les chauffeurs partant souvent pour plusieurs jours. Si vous le souhaitez, vous pouvez t\u00e9l\u00e9phoner au chauffeur un peu avant l\u2019heure de livraison pr\u00e9vue. Il pourra \u00e0 ce moment-l\u00e0 vous donner avec plus de pr\u00e9cision son heure d\u2019arriv\u00e9e.<\/p>\n<\/div>\n<p>\u00c0 NOTER\u00a0: En fonction de nos livraisons, il se peut que nous venions avec un camion comprenant une remorque. L\u2019ensemble mesure environ 17 m\u00e8tres\u00a0: Il est donc tr\u00e8s important pour le conducteur de conna\u00eetre certains \u00e9l\u00e9ments comme les d\u00e9viations routi\u00e8res, la circulation \u00e0 sens unique ou le meilleur itin\u00e9raire pour arriver chez vous. Merci de lui donner le plus d&rsquo;informations possibles afin qu&rsquo;il puisse atteindre l&rsquo;adresse de livraison sans probl\u00e8me. Nos chauffeurs sont tr\u00e8s exp\u00e9riment\u00e9s, mais s&rsquo;ils estiment qu&rsquo;ils ne peuvent pas arriver \u00e0 l&rsquo;adresse de livraison en toute s\u00e9curit\u00e9 et qu&rsquo;aucune autre adresse de livraison ne peut \u00eatre convenue, ils devront malheureusement d\u00e9cider, en concertation avec le service de planification, de poursuivre leur route.<\/p>\n<div class=\"entry-content\">\n<p>&nbsp;<\/p>\n<\/div>\n","protected":false},"excerpt":{"rendered":"<p>Livraison Les frais d&rsquo;exp\u00e9dition pour les Pays-Bas et la Belgique (\u00e0 l&rsquo;exception des \u00eeles Wadden) sont 49,50 \u20ac. Si vous commandez sur notre site internet&#8230;<\/p>\n","protected":false},"author":4,"featured_media":0,"parent":0,"menu_order":0,"comment_status":"closed","ping_status":"closed","template":"","meta":{"_acf_changed":false,"inline_featured_image":false,"_trash_the_other_posts":false,"ep_exclude_from_search":false,"iawp_total_views":54,"editor_notices":[],"footnotes":""},"class_list":["post-7956","page","type-page","status-publish","hentry"],"acf":[],"_links":{"self":[{"href":"https:\/\/adequat.eu\/fr-be\/wp-json\/wp\/v2\/pages\/7956","targetHints":{"allow":["GET"]}}],"collection":[{"href":"https:\/\/adequat.eu\/fr-be\/wp-json\/wp\/v2\/pages"}],"about":[{"href":"https:\/\/adequat.eu\/fr-be\/wp-json\/wp\/v2\/types\/page"}],"author":[{"embeddable":true,"href":"https:\/\/adequat.eu\/fr-be\/wp-json\/wp\/v2\/users\/4"}],"replies":[{"embeddable":true,"href":"https:\/\/adequat.eu\/fr-be\/wp-json\/wp\/v2\/comments?post=7956"}],"version-history":[{"count":7,"href":"https:\/\/adequat.eu\/fr-be\/wp-json\/wp\/v2\/pages\/7956\/revisions"}],"predecessor-version":[{"id":16279,"href":"https:\/\/adequat.eu\/fr-be\/wp-json\/wp\/v2\/pages\/7956\/revisions\/16279"}],"wp:attachment":[{"href":"https:\/\/adequat.eu\/fr-be\/wp-json\/wp\/v2\/media?parent=7956"}],"curies":[{"name":"wp","href":"https:\/\/api.w.org\/{rel}","templated":true}]}}