{"id":7957,"date":"2020-12-23T16:52:31","date_gmt":"2020-12-23T15:52:31","guid":{"rendered":"https:\/\/adequat.eu\/fr\/paiement\/"},"modified":"2021-12-02T11:22:37","modified_gmt":"2021-12-02T10:22:37","slug":"paiement","status":"publish","type":"page","link":"https:\/\/adequat.eu\/fr-be\/paiement\/","title":{"rendered":"Paiement"},"content":{"rendered":"<header class=\"entry-header\">\n<h4 class=\"entry-title\"><span style=\"color: #333333;font-size: 16px\">Touts les prix indiqu\u00e9s sur notre site web sont en euros TTC.<\/span><\/h4>\n<\/header>\n<div class=\"entry-content\">\n<p>Chez nous, vous n\u2019\u00eates pas oblig\u00e9 de payer \u00e0 l\u2019avance. Quand vous avez vu et contr\u00f4l\u00e9 votre commande, vous pouvez r\u00e9gler directement la note au chauffeur, soit en esp\u00e8ces, soit par carte bancaire (nos chauffeurs sont munis d\u2019un lecteur de carte). Si la commande ne correspond pas \u00e0 vos attentes, vous pouvez la refuser.<\/p>\n<p>Nos chauffeurs sont \u00e9quip\u00e9s d&rsquo;un terminal de paiement pour cartes de d\u00e9bit : vous pouvez donc<br \/>\nr\u00e9gler votre facture avec votre carte bancaire \u00e0 la livraison. N&rsquo;oubliez pas que vous pouvez avoir un<br \/>\nplafond de paiement . Pour les montants qui d\u00e9passent ce plafond, vous devrez augmenter<br \/>\ntemporairement le montant de votre autorisation . Veuillez noter que cette augmentation s&rsquo;applique<br \/>\naux paiements sur un compte \u00e9tranger (Pays-Bas). En g\u00e9n\u00e9ral, vous pouvez faire la demande en ligne<br \/>\nou sinon aupr\u00e8s de votre banque. Pensez bien \u00e0 le faire avant l&rsquo;arriv\u00e9e de notre chauffeur.<\/p>\n<p>Si vous souhaitez payer votre facture en avance, vous pouvez le faire par virement bancaire en indiquant bien le num\u00e9ro de commande et votre nom.<\/p>\n<\/div>\n","protected":false},"excerpt":{"rendered":"<p>Touts les prix indiqu\u00e9s sur notre site web sont en euros TTC. Chez nous, vous n\u2019\u00eates pas oblig\u00e9 de payer \u00e0 l\u2019avance. Quand vous avez&#8230;<\/p>\n","protected":false},"author":4,"featured_media":0,"parent":0,"menu_order":0,"comment_status":"closed","ping_status":"closed","template":"","meta":{"_acf_changed":false,"inline_featured_image":false,"_trash_the_other_posts":false,"ep_exclude_from_search":false,"iawp_total_views":24,"editor_notices":[],"footnotes":""},"class_list":["post-7957","page","type-page","status-publish","hentry"],"acf":[],"_links":{"self":[{"href":"https:\/\/adequat.eu\/fr-be\/wp-json\/wp\/v2\/pages\/7957","targetHints":{"allow":["GET"]}}],"collection":[{"href":"https:\/\/adequat.eu\/fr-be\/wp-json\/wp\/v2\/pages"}],"about":[{"href":"https:\/\/adequat.eu\/fr-be\/wp-json\/wp\/v2\/types\/page"}],"author":[{"embeddable":true,"href":"https:\/\/adequat.eu\/fr-be\/wp-json\/wp\/v2\/users\/4"}],"replies":[{"embeddable":true,"href":"https:\/\/adequat.eu\/fr-be\/wp-json\/wp\/v2\/comments?post=7957"}],"version-history":[{"count":1,"href":"https:\/\/adequat.eu\/fr-be\/wp-json\/wp\/v2\/pages\/7957\/revisions"}],"predecessor-version":[{"id":12775,"href":"https:\/\/adequat.eu\/fr-be\/wp-json\/wp\/v2\/pages\/7957\/revisions\/12775"}],"wp:attachment":[{"href":"https:\/\/adequat.eu\/fr-be\/wp-json\/wp\/v2\/media?parent=7957"}],"curies":[{"name":"wp","href":"https:\/\/api.w.org\/{rel}","templated":true}]}}