{"id":7960,"date":"2020-12-23T17:04:55","date_gmt":"2020-12-23T16:04:55","guid":{"rendered":"https:\/\/adequat.eu\/fr\/retour\/"},"modified":"2020-12-28T17:35:55","modified_gmt":"2020-12-28T16:35:55","slug":"retour","status":"publish","type":"page","link":"https:\/\/adequat.eu\/fr-be\/retour\/","title":{"rendered":"Retour"},"content":{"rendered":"<h2><strong>Retour de produits <\/strong><\/h2>\n<p>Nous respectons les conditions g\u00e9n\u00e9rales de vente lorsqu&rsquo;il s&rsquo;agit de renvoyer des marchandises. Le service client est notre priorit\u00e9 absolue.<\/p>\n<p>Si vous avez accept\u00e9 et pay\u00e9 la livraison, mais que vous d\u00e9couvrez plus tard que la cl\u00f4ture est trop haute ou que la barri\u00e8re est trop large et que vous souhaitez l&rsquo;\u00e9changer, ce n&rsquo;est pas un souci (\u00e0 condition bien s\u00fbr qu&rsquo;elle n&rsquo;ait pas \u00e9t\u00e9 utilis\u00e9e ou qu\u2019il s\u2019agisse d\u2019un produit sur mesure). Vous pourrez nous rendre le produit et vous serez rembours\u00e9. Vous pr\u00e9f\u00e9rez que nous venions le chercher \u00e0 votre domicile\u00a0? C\u2019est possible, cependant n&rsquo;oubliez pas que des frais de livraison suppl\u00e9mentaires peuvent \u00eatre factur\u00e9s.<\/p>\n","protected":false},"excerpt":{"rendered":"<p>Retour de produits Nous respectons les conditions g\u00e9n\u00e9rales de vente lorsqu&rsquo;il s&rsquo;agit de renvoyer des marchandises. Le service client est notre priorit\u00e9 absolue. Si vous&#8230;<\/p>\n","protected":false},"author":4,"featured_media":0,"parent":0,"menu_order":0,"comment_status":"closed","ping_status":"closed","template":"","meta":{"_acf_changed":false,"inline_featured_image":false,"_trash_the_other_posts":false,"ep_exclude_from_search":false,"iawp_total_views":0,"editor_notices":[],"footnotes":""},"class_list":["post-7960","page","type-page","status-publish","hentry"],"acf":[],"_links":{"self":[{"href":"https:\/\/adequat.eu\/fr-be\/wp-json\/wp\/v2\/pages\/7960","targetHints":{"allow":["GET"]}}],"collection":[{"href":"https:\/\/adequat.eu\/fr-be\/wp-json\/wp\/v2\/pages"}],"about":[{"href":"https:\/\/adequat.eu\/fr-be\/wp-json\/wp\/v2\/types\/page"}],"author":[{"embeddable":true,"href":"https:\/\/adequat.eu\/fr-be\/wp-json\/wp\/v2\/users\/4"}],"replies":[{"embeddable":true,"href":"https:\/\/adequat.eu\/fr-be\/wp-json\/wp\/v2\/comments?post=7960"}],"version-history":[{"count":1,"href":"https:\/\/adequat.eu\/fr-be\/wp-json\/wp\/v2\/pages\/7960\/revisions"}],"predecessor-version":[{"id":11113,"href":"https:\/\/adequat.eu\/fr-be\/wp-json\/wp\/v2\/pages\/7960\/revisions\/11113"}],"wp:attachment":[{"href":"https:\/\/adequat.eu\/fr-be\/wp-json\/wp\/v2\/media?parent=7960"}],"curies":[{"name":"wp","href":"https:\/\/api.w.org\/{rel}","templated":true}]}}