{"id":10745,"date":"2022-03-03T18:00:18","date_gmt":"2022-03-03T17:00:18","guid":{"rendered":"https:\/\/adequat.eu\/fr-be\/?post_type=product&#038;p=10745"},"modified":"2025-11-20T12:00:29","modified_gmt":"2025-11-20T11:00:29","slug":"porte-de-jardin-en-chene","status":"publish","type":"product","link":"https:\/\/adequat.eu\/fr-be\/product\/portails\/portail-chene-simple\/","title":{"rendered":"Portail ch\u00eane simple"},"content":{"rendered":"<h2>Sp\u00e9cifications<\/h2>\n<p>Ce portail en bois de ch\u00eane vous permet de fermer votre terrain avec \u00e9l\u00e9gance. Il est fabriqu\u00e9 \u00e0 partir de planches massives de ch\u00eane europ\u00e9en et dispose d\u2019une hauteur standard de 120 cm. Les dimensions indiqu\u00e9es concernent uniquement le portail ; veuillez noter que la largeur totale inclut les poteaux du portail (2 x 15 cm) ainsi que l\u2019espace entre les poteaux et les charni\u00e8res (2 x 2 cm).<\/p>\n<h2>Serrure et poign\u00e9e en acier inoxydable<\/h2>\n<p>Ce portail est fourni sans serrure ni poign\u00e9e. Si vous choisissez l\u2019option ensemble inox, tout sera mont\u00e9 pour vous dans notre atelier. \u00c0 noter : la serrure est livr\u00e9e sans cylindre.<\/p>\n<h2>Portail simple ou double<\/h2>\n<p>Ce portail est disponible en diff\u00e9rentes largeurs, en version simple ou double. Vous choisissez la largeur de votre portail selon vos besoins.<br \/>\nCependant, nous ne fabriquons pas de battant de plus de 240 cm de largeur , car la port\u00e9e serait trop importante. Une grande port\u00e9e augmente en effet le risque d&rsquo;affaissement du portail.<\/p>\n<h2>Charni\u00e8res<\/h2>\n<p>Ce portail est fourni avec un set de quincallerie compos\u00e9 des charni\u00e8res galvanis\u00e9es robustes. La quincaillerie fait partie int\u00e9grante de la solidit\u00e9 du portail et ne peut malheureusement pas \u00eatre retir\u00e9e, contrairement \u00e0 d&rsquo;autres mod\u00e8les de portails ou le set est optionel.Automatiser le portail<\/p>\n<h2>Automatisation<\/h2>\n<p>Vous souhaitez automatiser le portail? Le portail est compatible avec l\u2019automatisation en standard. Dans ce cas achetez-le sans serrure en acier inoxydable et sans poign\u00e9e en acier inoxydable. Vous pouvez le pr\u00e9ciser dans les options lors de l\u2019achat du portail. En outre, nous tenons \u00e0 souligner qu\u2019il est tr\u00e8s important de choisir des poteaux carr\u00e9s avec une t\u00eate de diamant de 20 x 20 cm. Sans cette largeur, l\u2019entra\u00eenement du portail battant ne peut pas \u00eatre fix\u00e9.<\/p>\n<h2>Poteaux de portail<\/h2>\n<p>Les poteaux de portail ne sont pas fournis par d\u00e9faut, mais vous pouvez les commander en option. Vous avez le choix entre des poteaux de 15 x 15 cm avec une longueur de 210 cm ou 280 cm, ou des poteaux de 20 x 20 cm avec une longueur de 210 cm ou 280 cm. En cas de doute, n\u2019h\u00e9sitez pas \u00e0 nous contacter ; nos experts se feront un plaisir de vous conseiller.<br \/>\nSi vous optez pour un portail plus luxueux avec plusieurs options, il est recommand\u00e9 de choisir des poteaux plus grands de 20 x 20 cm. Cela am\u00e9liore non seulement la solidit\u00e9, mais aussi la durabilit\u00e9 du portail. Par exp\u00e9rience, nous savons qu\u2019un poteau plus robuste permet de profiter plus longtemps de votre portail et de votre cl\u00f4ture.<\/p>\n<h2>Portail sur mesure<\/h2>\n<p>Il est possible de personnaliser le design du portail selon vos pr\u00e9f\u00e9rences. Par exemple, il peut \u00eatre fabriqu\u00e9 plus haut ou avec davantage de barres interm\u00e9diaires. Si vous souhaitez un autre type de bois que le ch\u00eane ou le douglas, nous serons heureux de vous fournir un devis pour un portail sur mesure.<\/p>\n<h2>Sabot adapt\u00e9<\/h2>\n<p>Pour les portails doubles, nous proposons \u00e9galement un sabot adapt\u00e9 qui permet de fixer le portail \u00e0 l\u2019aide d\u2019un piquet de terre. Ce bloc assure une parfaite stabilit\u00e9 du portail et emp\u00eache qu\u2019il ne \u00ab suspende \u00bb ou ne se d\u00e9forme.<\/p>\n<h2>Installation du portail<\/h2>\n<p>Dans la vid\u00e9o ci-dessous, nous vous montrons comment installer un portail anglais. Vous pourrez suivre les \u00e9tapes de la vid\u00e9o pour apprendre \u00e0 placer les poteaux du portail et \u00e0 les niveler dans le b\u00e9ton. Une fois les poteaux en place, il vous suffira de visser les portillons contre les poteaux.<\/p>\n<p>&nbsp;<\/p>\n<p><div class=\"embed-responsive embed-responsive-16by9\"><iframe loading=\"lazy\" title=\"Vid\u00e9o d&#039;installation pour portails anglais et n\u00e9erlandais Ad\u00e9quat\" width=\"500\" height=\"281\" src=\"https:\/\/www.youtube.com\/embed\/bjEzBA31WIE?feature=oembed&#038;enablejsapi=1&#038;origin=https:\/\/adequat.eu\" frameborder=\"0\" allow=\"accelerometer; autoplay; clipboard-write; encrypted-media; gyroscope; picture-in-picture; web-share\" referrerpolicy=\"strict-origin-when-cross-origin\" allowfullscreen><\/iframe><\/div><\/p>\n","protected":false},"excerpt":{"rendered":"<p>Sp\u00e9cifications Ce portail en bois de ch\u00eane vous permet de fermer votre terrain avec \u00e9l\u00e9gance. Il est fabriqu\u00e9 \u00e0 partir de planches massives de ch\u00eane&#8230;<\/p>\n","protected":false},"featured_media":10739,"comment_status":"closed","ping_status":"closed","template":"","meta":{"_acf_changed":false,"inline_featured_image":false,"_trash_the_other_posts":false,"ep_exclude_from_search":false,"iawp_total_views":57,"editor_notices":[]},"product_brand":[],"product_cat":[347,461,456,86,455,468],"product_tag":[],"class_list":{"0":"post-10745","1":"product","2":"type-product","3":"status-publish","4":"has-post-thumbnail","6":"product_cat-chene","7":"product_cat-serrure","8":"product_cat-acces","9":"product_cat-portails","10":"product_cat-paturage","11":"product_cat-sur-mesure","13":"first","14":"instock","15":"shipping-taxable","16":"purchasable","17":"product-type-composite"},"composite_virtual":false,"composite_layout":"single","composite_add_to_cart_form_location":"default","composite_editable_in_cart":false,"composite_sold_individually_context":"product","composite_shop_price_calc":"defaults","composite_components":[{"id":"1731596898","title":"Battant ","description":"","query_type":"product_ids","query_ids":[15054],"default_option_id":15054,"thumbnail_id":"","thumbnail_src":"","quantity_min":1,"quantity_max":1,"priced_individually":true,"shipped_individually":false,"optional":false,"discount":"","options_style":"dropdowns","pagination_style":"classic","display_prices":"absolute","show_sorting_options":false,"show_filtering_options":false,"attribute_filter_ids":[],"select_action":"view","product_title_visible":false,"product_descr_visible":false,"product_price_visible":true,"product_thumb_visible":false,"subtotal_visible_product":false,"subtotal_visible_cart":false,"subtotal_visible_orders":false},{"id":"1731596899","title":"Serrure et poign\u00e9e en acier inoxydable","description":"","query_type":"product_ids","query_ids":[15052],"default_option_id":15052,"thumbnail_id":"","thumbnail_src":"","quantity_min":1,"quantity_max":1,"priced_individually":true,"shipped_individually":false,"optional":true,"discount":"","options_style":"radios","pagination_style":"classic","display_prices":"absolute","show_sorting_options":false,"show_filtering_options":false,"attribute_filter_ids":[],"select_action":"view","product_title_visible":false,"product_descr_visible":false,"product_price_visible":true,"product_thumb_visible":false,"subtotal_visible_product":false,"subtotal_visible_cart":false,"subtotal_visible_orders":false},{"id":"1731596900","title":"Poteaux","description":"","query_type":"product_ids","query_ids":[6382],"default_option_id":6382,"thumbnail_id":"","thumbnail_src":"","quantity_min":2,"quantity_max":2,"priced_individually":true,"shipped_individually":false,"optional":true,"discount":"","options_style":"radios","pagination_style":"classic","display_prices":"absolute","show_sorting_options":false,"show_filtering_options":false,"attribute_filter_ids":[],"select_action":"view","product_title_visible":false,"product_descr_visible":false,"product_price_visible":true,"product_thumb_visible":false,"subtotal_visible_product":false,"subtotal_visible_cart":false,"subtotal_visible_orders":false}],"composite_scenarios":[],"acf":[],"_links":{"self":[{"href":"https:\/\/adequat.eu\/fr-be\/wp-json\/wp\/v2\/product\/10745","targetHints":{"allow":["GET"]}}],"collection":[{"href":"https:\/\/adequat.eu\/fr-be\/wp-json\/wp\/v2\/product"}],"about":[{"href":"https:\/\/adequat.eu\/fr-be\/wp-json\/wp\/v2\/types\/product"}],"replies":[{"embeddable":true,"href":"https:\/\/adequat.eu\/fr-be\/wp-json\/wp\/v2\/comments?post=10745"}],"wp:featuredmedia":[{"embeddable":true,"href":"https:\/\/adequat.eu\/fr-be\/wp-json\/wp\/v2\/media\/10739"}],"wp:attachment":[{"href":"https:\/\/adequat.eu\/fr-be\/wp-json\/wp\/v2\/media?parent=10745"}],"wp:term":[{"taxonomy":"product_brand","embeddable":true,"href":"https:\/\/adequat.eu\/fr-be\/wp-json\/wp\/v2\/product_brand?post=10745"},{"taxonomy":"product_cat","embeddable":true,"href":"https:\/\/adequat.eu\/fr-be\/wp-json\/wp\/v2\/product_cat?post=10745"},{"taxonomy":"product_tag","embeddable":true,"href":"https:\/\/adequat.eu\/fr-be\/wp-json\/wp\/v2\/product_tag?post=10745"}],"curies":[{"name":"wp","href":"https:\/\/api.w.org\/{rel}","templated":true}]}}