{"id":11055,"date":"2022-11-22T17:14:29","date_gmt":"2022-11-22T16:14:29","guid":{"rendered":"https:\/\/adequat.eu\/fr-be\/?post_type=product&#038;p=11055"},"modified":"2025-07-02T22:07:30","modified_gmt":"2025-07-02T20:07:30","slug":"une-allee-en-bois-de-chataignier","status":"publish","type":"product","link":"https:\/\/adequat.eu\/fr-be\/product\/installation-fr\/une-allee-en-bois-de-chataignier\/une-allee-en-bois-de-chataignier\/","title":{"rendered":"Une all\u00e9e en bois de ch\u00e2taignier"},"content":{"rendered":"<p>Rien de plus simple ! Avec des planches de ch\u00e2taignier reli\u00e9es entre elles, cr\u00e9er une all\u00e9e (repositionnable) est un jeu d&rsquo;enfant ! La surface ne n\u00e9cessite pas d\u2019\u00eatre plane ou d\u00e9barrass\u00e9e de toute v\u00e9g\u00e9tation. Il vous suffit de d\u00e9rouler l\u2019all\u00e9e \u00e0 l\u2019endroit o\u00f9 vous le souhaitez. Il est aussi possible de la raccourcir. L\u2019all\u00e9e est constitu\u00e9e de planches de ch\u00e2taignier non trait\u00e9es reli\u00e9es entre elles par du fil de fer galvanis\u00e9. Nous vous livrons des rouleaux de 5 m\u00e8tres de long sur 1 m\u00e8tre de large. L\u2019\u00e9cart entre les planches est de quelques centim\u00e8tres. Elles mesurent 100cm de longueur pour 10cm de largeur et 1,5 cm d\u2019\u00e9paisseur. Le bois de ch\u00e2taignier est durable (classe de durabilit\u00e9 2) et naturellement tr\u00e8s r\u00e9sistant aux intemp\u00e9ries\u00a0; il n&rsquo;a donc pas besoin d&rsquo;\u00eatre trait\u00e9.<\/p>\n<h2>Une all\u00e9e en bois de ch\u00e2taignier pour tout type de terrain<\/h2>\n<p>L\u2019all\u00e9e d\u00e9roulable s\u2019adapte au sol. Les attaches flexibles entre les lattes lui permettent de se plier. Lorsque vous n&rsquo;avez plus l\u2019utilit\u00e9 de votre passerelle, ou si vous souhaitez la mettre \u00e0 un autre endroit, il vous suffit de la rouler pour la d\u00e9placer. Notre passerelle Castanevia est id\u00e9ale pour les zones mar\u00e9cageuses et boueuses ou les dunes. Elle sera aussi tr\u00e8s pratique dans votre jardin.<\/p>\n","protected":false},"excerpt":{"rendered":"<p>Rien de plus simple ! Avec des planches de ch\u00e2taignier reli\u00e9es entre elles, cr\u00e9er une all\u00e9e (repositionnable) est un jeu d&rsquo;enfant ! La surface ne&#8230;<\/p>\n","protected":false},"featured_media":11054,"comment_status":"closed","ping_status":"closed","template":"","meta":{"_acf_changed":false,"inline_featured_image":false,"_trash_the_other_posts":false,"ep_exclude_from_search":false,"iawp_total_views":42,"editor_notices":[]},"product_brand":[],"product_cat":[350,149],"product_tag":[],"class_list":{"0":"post-11055","1":"product","2":"type-product","3":"status-publish","4":"has-post-thumbnail","6":"product_cat-une-allee-en-bois-de-chataignier","7":"product_cat-installation-fr","9":"first","10":"instock","11":"shipping-taxable","12":"purchasable","13":"product-type-simple"},"composite_virtual":false,"composite_layout":"","composite_add_to_cart_form_location":"","composite_editable_in_cart":false,"composite_sold_individually_context":"","composite_shop_price_calc":"","composite_components":[],"composite_scenarios":[],"acf":[],"_links":{"self":[{"href":"https:\/\/adequat.eu\/fr-be\/wp-json\/wp\/v2\/product\/11055","targetHints":{"allow":["GET"]}}],"collection":[{"href":"https:\/\/adequat.eu\/fr-be\/wp-json\/wp\/v2\/product"}],"about":[{"href":"https:\/\/adequat.eu\/fr-be\/wp-json\/wp\/v2\/types\/product"}],"replies":[{"embeddable":true,"href":"https:\/\/adequat.eu\/fr-be\/wp-json\/wp\/v2\/comments?post=11055"}],"wp:featuredmedia":[{"embeddable":true,"href":"https:\/\/adequat.eu\/fr-be\/wp-json\/wp\/v2\/media\/11054"}],"wp:attachment":[{"href":"https:\/\/adequat.eu\/fr-be\/wp-json\/wp\/v2\/media?parent=11055"}],"wp:term":[{"taxonomy":"product_brand","embeddable":true,"href":"https:\/\/adequat.eu\/fr-be\/wp-json\/wp\/v2\/product_brand?post=11055"},{"taxonomy":"product_cat","embeddable":true,"href":"https:\/\/adequat.eu\/fr-be\/wp-json\/wp\/v2\/product_cat?post=11055"},{"taxonomy":"product_tag","embeddable":true,"href":"https:\/\/adequat.eu\/fr-be\/wp-json\/wp\/v2\/product_tag?post=11055"}],"curies":[{"name":"wp","href":"https:\/\/api.w.org\/{rel}","templated":true}]}}