{"id":11072,"date":"2023-01-02T13:03:26","date_gmt":"2023-01-02T12:03:26","guid":{"rendered":"https:\/\/adequat.eu\/fr-be\/?post_type=product&#038;p=11072"},"modified":"2025-11-28T14:53:31","modified_gmt":"2025-11-28T13:53:31","slug":"piquets-en-chataignier-fendu","status":"publish","type":"product","link":"https:\/\/adequat.eu\/fr-be\/product\/piquets\/piquets-en-chataignier\/piquets-en-chataignier-fendu\/","title":{"rendered":"Piquets en ch\u00e2taignier fendu"},"content":{"rendered":"<p>Ces piquets \u00e9point\u00e9s sont similaires aux <a href=\"https:\/\/adequat.eu\/fr-be\/product\/piquets\/piquets-en-chataignier\/piquet-en-chataignier-o-79-cm\/\">piquets de ch\u00e2taignier d\u2019un diam\u00e8tre de 7-9 cm<\/a>. Ils sont coup\u00e9s \u00e0 partir de piquets de 11-14 cm de diam\u00e8tre. Le bois de c\u0153ur d&rsquo;un piquet de 11-14 cm est plus dur que celui d&rsquo;un piquet de 7-9 cm\u00a0; il est donc plus durable. Le fait de fendre un piquet permet aussi de mieux pr\u00e9server l&rsquo;acide tannique dans le bois. Si vous sciez un piquet de ch\u00e2taignier, vous risquez de laisser l\u2019acide tannique s&rsquo;\u00e9chapper du bois.<\/p>\n<p>Lorsqu\u2019on fend un poteau, sa forme est al\u00e9atoire. Il peut \u00eatre semi circulaire, avoir la forme d\u2019une part de pizz<em>a<\/em> ou tout autre forme entre les deux. C\u2019est typique des poteaux fendus. Vous \u00eates \u00e0 la recherche <a href=\"https:\/\/adequat.eu\/fr-be\/product\/piquets\/piquets-en-chataignier\/piquet-en-chataignier-demi-rond\/\">de poteaux semi-circulaires<\/a>? Nous en avons \u00e0 vous proposer !<\/p>\n<h2>Piquets fendus pour l\u2019installation du grillage<\/h2>\n<p>Si vous souhaitez installer une cl\u00f4ture dans une prairie, ces piquets en ch\u00e2taignier fendu sont une tr\u00e8s bonne option. Prix raisonnable pour un produit durable.<\/p>\n<p>&nbsp;<\/p>\n","protected":false},"excerpt":{"rendered":"<p>Ces piquets \u00e9point\u00e9s sont similaires aux piquets de ch\u00e2taignier d\u2019un diam\u00e8tre de 7-9 cm. Ils sont coup\u00e9s \u00e0 partir de piquets de 11-14 cm de&#8230;<\/p>\n","protected":false},"featured_media":11084,"comment_status":"closed","ping_status":"closed","template":"","meta":{"_acf_changed":false,"inline_featured_image":false,"_trash_the_other_posts":false,"ep_exclude_from_search":false,"iawp_total_views":63,"editor_notices":[]},"product_brand":[],"product_cat":[112,111],"product_tag":[],"class_list":{"0":"post-11072","1":"product","2":"type-product","3":"status-publish","4":"has-post-thumbnail","6":"product_cat-piquets-en-chataignier","7":"product_cat-piquets","9":"first","10":"instock","11":"shipping-taxable","12":"purchasable","13":"product-type-variable","14":"has-default-attributes"},"composite_virtual":false,"composite_layout":"","composite_add_to_cart_form_location":"","composite_editable_in_cart":false,"composite_sold_individually_context":"","composite_shop_price_calc":"","composite_components":[],"composite_scenarios":[],"acf":[],"_links":{"self":[{"href":"https:\/\/adequat.eu\/fr-be\/wp-json\/wp\/v2\/product\/11072","targetHints":{"allow":["GET"]}}],"collection":[{"href":"https:\/\/adequat.eu\/fr-be\/wp-json\/wp\/v2\/product"}],"about":[{"href":"https:\/\/adequat.eu\/fr-be\/wp-json\/wp\/v2\/types\/product"}],"replies":[{"embeddable":true,"href":"https:\/\/adequat.eu\/fr-be\/wp-json\/wp\/v2\/comments?post=11072"}],"wp:featuredmedia":[{"embeddable":true,"href":"https:\/\/adequat.eu\/fr-be\/wp-json\/wp\/v2\/media\/11084"}],"wp:attachment":[{"href":"https:\/\/adequat.eu\/fr-be\/wp-json\/wp\/v2\/media?parent=11072"}],"wp:term":[{"taxonomy":"product_brand","embeddable":true,"href":"https:\/\/adequat.eu\/fr-be\/wp-json\/wp\/v2\/product_brand?post=11072"},{"taxonomy":"product_cat","embeddable":true,"href":"https:\/\/adequat.eu\/fr-be\/wp-json\/wp\/v2\/product_cat?post=11072"},{"taxonomy":"product_tag","embeddable":true,"href":"https:\/\/adequat.eu\/fr-be\/wp-json\/wp\/v2\/product_tag?post=11072"}],"curies":[{"name":"wp","href":"https:\/\/api.w.org\/{rel}","templated":true}]}}