{"id":11074,"date":"2023-01-05T12:43:27","date_gmt":"2023-01-05T11:43:27","guid":{"rendered":"https:\/\/adequat.eu\/fr-be\/?post_type=product&#038;p=11074"},"modified":"2026-04-02T10:51:14","modified_gmt":"2026-04-02T08:51:14","slug":"piquet-en-chataignier-avec-manchon-de-sol-et-pointe-a-enfoncer","status":"publish","type":"product","link":"https:\/\/adequat.eu\/fr-be\/product\/piquets\/piquets-en-chataignier\/piquet-en-chataignier-avec-manchon-de-sol-et-pointe-a-enfoncer\/","title":{"rendered":"Piquet en ch\u00e2taignier avec manchon de sol et pointe \u00e0 enfoncer \u00d8 7\/9 cm"},"content":{"rendered":"<p>Le manchon de sol avec pointe convient pour l\u2019installation des piquets en bois d&rsquo;un diam\u00e8tre de 7-9 cm. Ce manchon de sol galvanis\u00e9 a un diam\u00e8tre de 80 mm et sa paroi une \u00e9paisseur de 2,5 mm. C&rsquo;est la solution id\u00e9ale si vous ne voulez ou ne pouvez pas enfoncer de piquets en bois profond\u00e9ment dans le sol. Le kit est livr\u00e9 avec 2 \u00e9crous et boulons. La longueur de l&#8217;embout est de 45 cm et la longueur totale, pied compris, est de 60 cm.<\/p>\n<p>Aussi disponible dans notre boutique en ligne:\u00a0 manchon de sol point\u00e9 sans piquet.<\/p>\n<p>Pour qu\u2019un piquet en bois soit suffisamment r\u00e9sistant, il doit normalement \u00eatre enfonc\u00e9 dans le sol sur environ un tiers de sa longueur. Mais parfois, cela n&rsquo;est pas possible, par example quand le sol est trop dur. Dans ce cas, le piquet de ch\u00e2taignier avec manchon point\u00e9 est la solution id\u00e9ale. Vous pouvez \u00e9riger un piquet sans avoir besoin de creuser tr\u00e8s profond\u00e9ment dans le sol pour obtenir un r\u00e9sultat solide. Si vous ne pouvez ou ne voulez pas du tout creuser dans le sol, nous avond aussi un set poteau de ch\u00e2taignier avec manchon et plaque de sol.<\/p>\n<h2>Poteau en ch\u00e2taignier avec manchon de sol point\u00e9 pour cl\u00f4ture ganivelle fran\u00e7aise<\/h2>\n<p>Le poteau en ch\u00e2taignier avec manchon point\u00e9 convient \u00e9galement tr\u00e8s bien pour l&rsquo;installation de votre cl\u00f4ture ganivelle en ch\u00e2taignier fran\u00e7ais. Pour une cl\u00f4ture ganivelle de 120 cm de haut, choisissez un poteau de 120 cm.<\/p>\n<p>Attention : ces manchons de sol avec point\u00e9s ne conviennent qu&rsquo;aux poteaux d&rsquo;un diam\u00e8tre de 7-9 cm. Nous pouvons fraiser les piquets pour qu&rsquo;ils s&rsquo;ins\u00e8rent parfaitement dans le manchon de sol.<\/p>\n","protected":false},"excerpt":{"rendered":"<p>Le manchon de sol avec pointe convient pour l\u2019installation des piquets en bois d&rsquo;un diam\u00e8tre de 7-9 cm. Ce manchon de sol galvanis\u00e9 a un&#8230;<\/p>\n","protected":false},"featured_media":11096,"comment_status":"closed","ping_status":"closed","template":"","meta":{"_acf_changed":false,"inline_featured_image":false,"_trash_the_other_posts":false,"ep_exclude_from_search":false,"iawp_total_views":57,"editor_notices":[]},"product_brand":[],"product_cat":[112,111],"product_tag":[],"class_list":{"0":"post-11074","1":"product","2":"type-product","3":"status-publish","4":"has-post-thumbnail","6":"product_cat-piquets-en-chataignier","7":"product_cat-piquets","9":"first","10":"instock","11":"shipping-taxable","12":"purchasable","13":"product-type-composite"},"composite_virtual":false,"composite_layout":"single","composite_add_to_cart_form_location":"default","composite_editable_in_cart":false,"composite_sold_individually_context":"product","composite_shop_price_calc":"defaults","composite_components":[{"id":"1734632575","title":"Piquet en ch\u00e2taignier","description":"","query_type":"product_ids","query_ids":[15207],"default_option_id":15207,"thumbnail_id":"","thumbnail_src":"","quantity_min":1,"quantity_max":1,"priced_individually":true,"shipped_individually":false,"optional":false,"discount":"","options_style":"dropdowns","pagination_style":"classic","display_prices":"absolute","show_sorting_options":false,"show_filtering_options":false,"attribute_filter_ids":[],"select_action":"view","product_title_visible":false,"product_descr_visible":false,"product_price_visible":true,"product_thumb_visible":false,"subtotal_visible_product":false,"subtotal_visible_cart":false,"subtotal_visible_orders":false},{"id":"1734632576","title":"Manchon","description":"","query_type":"product_ids","query_ids":[15110],"default_option_id":15110,"thumbnail_id":"","thumbnail_src":"","quantity_min":1,"quantity_max":1,"priced_individually":true,"shipped_individually":false,"optional":false,"discount":"","options_style":"dropdowns","pagination_style":"classic","display_prices":"absolute","show_sorting_options":false,"show_filtering_options":false,"attribute_filter_ids":[],"select_action":"view","product_title_visible":false,"product_descr_visible":false,"product_price_visible":true,"product_thumb_visible":false,"subtotal_visible_product":false,"subtotal_visible_cart":false,"subtotal_visible_orders":false}],"composite_scenarios":[],"acf":[],"_links":{"self":[{"href":"https:\/\/adequat.eu\/fr-be\/wp-json\/wp\/v2\/product\/11074","targetHints":{"allow":["GET"]}}],"collection":[{"href":"https:\/\/adequat.eu\/fr-be\/wp-json\/wp\/v2\/product"}],"about":[{"href":"https:\/\/adequat.eu\/fr-be\/wp-json\/wp\/v2\/types\/product"}],"replies":[{"embeddable":true,"href":"https:\/\/adequat.eu\/fr-be\/wp-json\/wp\/v2\/comments?post=11074"}],"wp:featuredmedia":[{"embeddable":true,"href":"https:\/\/adequat.eu\/fr-be\/wp-json\/wp\/v2\/media\/11096"}],"wp:attachment":[{"href":"https:\/\/adequat.eu\/fr-be\/wp-json\/wp\/v2\/media?parent=11074"}],"wp:term":[{"taxonomy":"product_brand","embeddable":true,"href":"https:\/\/adequat.eu\/fr-be\/wp-json\/wp\/v2\/product_brand?post=11074"},{"taxonomy":"product_cat","embeddable":true,"href":"https:\/\/adequat.eu\/fr-be\/wp-json\/wp\/v2\/product_cat?post=11074"},{"taxonomy":"product_tag","embeddable":true,"href":"https:\/\/adequat.eu\/fr-be\/wp-json\/wp\/v2\/product_tag?post=11074"}],"curies":[{"name":"wp","href":"https:\/\/api.w.org\/{rel}","templated":true}]}}