{"id":13604,"date":"2024-04-19T13:53:43","date_gmt":"2024-04-19T11:53:43","guid":{"rendered":"https:\/\/adequat.eu\/fr-be\/?post_type=product&#038;p=13604"},"modified":"2025-07-04T10:16:52","modified_gmt":"2025-07-04T08:16:52","slug":"ecran-tresse-noisetier-150-x-150-cm","status":"publish","type":"product","link":"https:\/\/adequat.eu\/fr-be\/product\/ecrans\/ecrans-brise-vue-tresses\/ecran-tresse-noisetier-150-x-150-cm\/","title":{"rendered":"Ecran tress\u00e9 noisetier 150 x 150 cm"},"content":{"rendered":"<p>Ecran tress\u00e9 noisetier 150 x 150 cm pr\u00eat \u00e0 l&#8217;emploi. Ce brise-vue\/paravent est compos\u00e9 de lattes demi-rondes en bois de noisetier. La hauteur est de 150 cm et la largeur de 150 cm. Les lattes horizontales sont faites \u00e0 partir de branches de 4 \u00e0 7 cm de diam\u00e8tre qui sont fendues en deux dans le sens de la longueur. La forme des branches est conserv\u00e9e autant que possible, ce qui donne un aspect tr\u00e8s naturel. Les lattes sont ensuite tress\u00e9es \u00e0 travers trois poutres en noisetier. Ces poutres ont une \u00e9paisseur de 4 cm et une largeur de 5 cm. Les lattes demi-rondes sont fix\u00e9es sur les poutres \u00e0 l&rsquo;aide de clous en acier inoxydable plac\u00e9s \u00e0 l&rsquo;extr\u00e9mit\u00e9 des lattes. Cela permet d&rsquo;obtenir un \u00e9cran tr\u00e8s solide. Ce bel \u00e9cran durable est pr\u00eat \u00e0 \u00eatre install\u00e9. Id\u00e9al pour cr\u00e9er une cl\u00f4ture basse ou pour camoufler un mur ou un coin disgracieux. Cet \u00e9cran tress\u00e9 noisetier 150 x 150 cm apporte rapidement de la convivialit\u00e9 car il laisse passer la lumi\u00e8re. Cela donne un effet orginal et naturel.<\/p>\n<p>Id\u00e9al pour cr\u00e9er une cl\u00f4ture basse ou pour cr\u00e9er facilement un endroit o\u00f9 ranger les outils de bricolage, les poubelles ou les v\u00e9los. Ainsi, les choses que vous pr\u00e9f\u00e9rez ne pas voir toute la journ\u00e9e sont hors de vue en un rien de temps, sans que vous vous sentiez confin\u00e9.<\/p>\n<h3>Installation \u00e9cran tress\u00e9 noisetier<\/h3>\n<p>Bien qu&rsquo;en principe tout piquet en bois convienne \u00e0 &lsquo;installation de l&rsquo;\u00e9cran tress\u00e9, nous pensons que les <a href=\"https:\/\/adequat.eu\/fr-be\/product\/portails\/options-portails\/poutre-rustique-en-chataignier-16x16x200\/\">poutres rustiques en ch\u00e2taignier<\/a> d&rsquo;un diam\u00e8tre de 10 cm et d&rsquo;une longueur de 270 cm conviennent parfaitement \u00e0 la fixation de cet \u00e9cran. La surface arrondie du piquet se pr\u00eate parfaitement au vissage des lattes verticales du cadre, ce qui laisse un belle surface platte pour un effet visuel attrayant.<\/p>\n<h3>Ecran tress\u00e9 noisetier de diff\u00e9rentes tailles<\/h3>\n<p>Si vous souhaitez \u00e9riger une cl\u00f4ture un plus haute pour masquer un vis \u00e0 vis et si vous ne voyez pas d&rsquo;inconv\u00e9nient \u00e0 entrevoir vos voisins de temps en temps, dans ce cas choisissez un <a href=\"https:\/\/adequat.eu\/fr-be\/product\/ecrans\/ecrans-brise-vue-tresses\/ecran-tresse-noisetier-180-x-150-cm\/\">\u00e9cran tress\u00e9 de 180 cm de haut x 150 cm de large<\/a>. Une solution orginale et naturelle pour votre cl\u00f4ture de jardin!<\/p>\n<p>&nbsp;<\/p>\n<p>&nbsp;<\/p>\n","protected":false},"excerpt":{"rendered":"<p>Ecran tress\u00e9 noisetier 150 x 150 cm pr\u00eat \u00e0 l&#8217;emploi. Ce brise-vue\/paravent est compos\u00e9 de lattes demi-rondes en bois de noisetier. La hauteur est de&#8230;<\/p>\n","protected":false},"featured_media":13615,"comment_status":"closed","ping_status":"closed","template":"","meta":{"_acf_changed":false,"inline_featured_image":false,"_trash_the_other_posts":false,"ep_exclude_from_search":false,"iawp_total_views":57,"editor_notices":[]},"product_brand":[],"product_cat":[428,443,547],"product_tag":[],"class_list":{"0":"post-13604","1":"product","2":"type-product","3":"status-publish","4":"has-post-thumbnail","6":"product_cat-ecrans-brise-vue-tresses","7":"product_cat-ecrans","8":"product_cat-ecrans-noisetier","10":"first","11":"instock","12":"shipping-taxable","13":"purchasable","14":"product-type-simple"},"composite_virtual":false,"composite_layout":"","composite_add_to_cart_form_location":"","composite_editable_in_cart":false,"composite_sold_individually_context":"","composite_shop_price_calc":"","composite_components":[],"composite_scenarios":[],"acf":[],"_links":{"self":[{"href":"https:\/\/adequat.eu\/fr-be\/wp-json\/wp\/v2\/product\/13604","targetHints":{"allow":["GET"]}}],"collection":[{"href":"https:\/\/adequat.eu\/fr-be\/wp-json\/wp\/v2\/product"}],"about":[{"href":"https:\/\/adequat.eu\/fr-be\/wp-json\/wp\/v2\/types\/product"}],"replies":[{"embeddable":true,"href":"https:\/\/adequat.eu\/fr-be\/wp-json\/wp\/v2\/comments?post=13604"}],"wp:featuredmedia":[{"embeddable":true,"href":"https:\/\/adequat.eu\/fr-be\/wp-json\/wp\/v2\/media\/13615"}],"wp:attachment":[{"href":"https:\/\/adequat.eu\/fr-be\/wp-json\/wp\/v2\/media?parent=13604"}],"wp:term":[{"taxonomy":"product_brand","embeddable":true,"href":"https:\/\/adequat.eu\/fr-be\/wp-json\/wp\/v2\/product_brand?post=13604"},{"taxonomy":"product_cat","embeddable":true,"href":"https:\/\/adequat.eu\/fr-be\/wp-json\/wp\/v2\/product_cat?post=13604"},{"taxonomy":"product_tag","embeddable":true,"href":"https:\/\/adequat.eu\/fr-be\/wp-json\/wp\/v2\/product_tag?post=13604"}],"curies":[{"name":"wp","href":"https:\/\/api.w.org\/{rel}","templated":true}]}}