{"id":13633,"date":"2024-04-19T13:56:05","date_gmt":"2024-04-19T11:56:05","guid":{"rendered":"https:\/\/adequat.eu\/fr-be\/?post_type=product&#038;p=13633"},"modified":"2025-07-04T10:16:25","modified_gmt":"2025-07-04T08:16:25","slug":"brise-vue-noisetier-loire-1-150-x-180-cm","status":"publish","type":"product","link":"https:\/\/adequat.eu\/fr-be\/product\/ecrans\/ecrans-brise-vue-tresses\/brise-vue-noisetier-loire-1-150-x-180-cm\/","title":{"rendered":"Brise-vue noisetier Loire 1 &#8211; 150 x 180 cm"},"content":{"rendered":"<p>Le brise-vue Loire noisetier 1 &#8211; 1,50 L x 1,80 H est tress\u00e9 verticalement et est pr\u00eat \u00e0 l&#8217;emploi. Il ne reste juste qu&rsquo;\u00e0 fixer le brise-vue \u00e0 l&rsquo;aide de piquets et de vis en inox. Nous avons dans notre gamme de tr\u00e8s belles poutres rustiques en ch\u00e2taignier aux angles arrondis qui facilitent l&rsquo;installation. Pour l&rsquo;installation nous recommandons <a href=\"https:\/\/adequat.eu\/fr-be\/product\/installation-fr\/materiel-dassemblage\/vis-en-acier-inoxydable-en-differentes-dimensions-embout-inclu\/\">des vis inox 6 x 120 mm ou 6 x 140 mm<\/a>.<\/p>\n<p>Avec le brise-vue Loire 1 vous pouvez facilement et efficacement fermer votre jardin ou masquer un coin poubelle. Dans des conditions normales, un brise-vue a une dur\u00e9e de vie d&rsquo;environ 6 \u00e0 8 ans. Si vous avez des enfants en bas \u00e2ge qui aiment jouer au ballon dans le jardin, vous devez tenir compte du fait que les branches peuvent devenir un peu cassantes avec le temps. Si les \u00e9crans sont soumis \u00e0 de fortes contraintes, les branches peuvent s&rsquo;ab\u00eemer voire m\u00eame se casser.<\/p>\n<h3>Installation brise-vue noisetier Loire 1 &#8211; 150 x 180 cm<\/h3>\n<p>Vous pouvez placer les piquets entre les brise-vues ou \u00e0 l&rsquo;arri\u00e8re de ceux-ci. Si vous les placez entre les \u00e9crans, vous aurez besoin d&rsquo;autant de piquets que de brise-vue +1. Si vous placez les piquets derri\u00e8re l&rsquo;\u00e9cran de noisetier Loire 1, vous aurez besoin de deux piquets par \u00e9cran. Outre les <a href=\"https:\/\/adequat.eu\/fr-be\/product\/portails\/options-portails\/poutre-rustique-en-chataignier-16x16x200\/\">poutres ruqstiques en ch\u00e2taignier<\/a> \u00e0 coins arrondis, <a href=\"https:\/\/adequat.eu\/fr-be\/product\/piquets\/piquets-en-chataignier\/piquets-en-chataignier-fendu\/\">les piquets en ch\u00e2taignier \u00d8 7\/9 ou 10\/12<\/a> conviennent tr\u00e8s bien \u00e0 cet usage. Il est bien s\u00fbr \u00e9galement possible de fabriquer un cadre en bois ou en un autre mat\u00e9riau, dans lequel vous pourrez placer vos \u00e9crans brise-vue noisetier Loire 1.<\/p>\n<p>Cet \u00e9cran en noisetier est tiss\u00e9 verticalement, mais peut \u00e9galement \u00eatre plac\u00e9 horizontalement.<\/p>\n","protected":false},"excerpt":{"rendered":"<p>Le brise-vue Loire noisetier 1 &#8211; 1,50 L x 1,80 H est tress\u00e9 verticalement et est pr\u00eat \u00e0 l&#8217;emploi. Il ne reste juste qu&rsquo;\u00e0 fixer&#8230;<\/p>\n","protected":false},"featured_media":13638,"comment_status":"closed","ping_status":"closed","template":"","meta":{"_acf_changed":false,"inline_featured_image":false,"_trash_the_other_posts":false,"ep_exclude_from_search":false,"iawp_total_views":47,"editor_notices":[]},"product_brand":[],"product_cat":[428,443,547],"product_tag":[],"class_list":{"0":"post-13633","1":"product","2":"type-product","3":"status-publish","4":"has-post-thumbnail","6":"product_cat-ecrans-brise-vue-tresses","7":"product_cat-ecrans","8":"product_cat-ecrans-noisetier","10":"first","11":"instock","12":"shipping-taxable","13":"purchasable","14":"product-type-simple"},"composite_virtual":false,"composite_layout":"","composite_add_to_cart_form_location":"","composite_editable_in_cart":false,"composite_sold_individually_context":"","composite_shop_price_calc":"","composite_components":[],"composite_scenarios":[],"acf":[],"_links":{"self":[{"href":"https:\/\/adequat.eu\/fr-be\/wp-json\/wp\/v2\/product\/13633","targetHints":{"allow":["GET"]}}],"collection":[{"href":"https:\/\/adequat.eu\/fr-be\/wp-json\/wp\/v2\/product"}],"about":[{"href":"https:\/\/adequat.eu\/fr-be\/wp-json\/wp\/v2\/types\/product"}],"replies":[{"embeddable":true,"href":"https:\/\/adequat.eu\/fr-be\/wp-json\/wp\/v2\/comments?post=13633"}],"wp:featuredmedia":[{"embeddable":true,"href":"https:\/\/adequat.eu\/fr-be\/wp-json\/wp\/v2\/media\/13638"}],"wp:attachment":[{"href":"https:\/\/adequat.eu\/fr-be\/wp-json\/wp\/v2\/media?parent=13633"}],"wp:term":[{"taxonomy":"product_brand","embeddable":true,"href":"https:\/\/adequat.eu\/fr-be\/wp-json\/wp\/v2\/product_brand?post=13633"},{"taxonomy":"product_cat","embeddable":true,"href":"https:\/\/adequat.eu\/fr-be\/wp-json\/wp\/v2\/product_cat?post=13633"},{"taxonomy":"product_tag","embeddable":true,"href":"https:\/\/adequat.eu\/fr-be\/wp-json\/wp\/v2\/product_tag?post=13633"}],"curies":[{"name":"wp","href":"https:\/\/api.w.org\/{rel}","templated":true}]}}