{"id":13639,"date":"2024-04-19T13:54:07","date_gmt":"2024-04-19T11:54:07","guid":{"rendered":"https:\/\/adequat.eu\/fr-be\/?post_type=product&#038;p=13639"},"modified":"2025-07-04T10:16:47","modified_gmt":"2025-07-04T08:16:47","slug":"brise-vue-noisetier-somme-4-180-x-75-cm","status":"publish","type":"product","link":"https:\/\/adequat.eu\/fr-be\/product\/ecrans\/ecrans-brise-vue-tresses\/brise-vue-noisetier-somme-4-180-x-75-cm\/","title":{"rendered":"Brise-vue noisetier Somme 4 &#8211; 180 x 75 cm"},"content":{"rendered":"<p>Le brise-vue noisetier Somme 4 &#8211; 180 x 75 cm est tress\u00e9 horizontalement et est pr\u00eat \u00e0 l&#8217;emploi. Il suffit de fixer le brise-vue \u00e0 l&rsquo;aide de piquets et de vis en acier inoxydable. Pour la fixation des \u00e9crans en noisetier, nous recommandons les <a href=\"https:\/\/adequat.eu\/fr-be\/product\/installation-fr\/materiel-dassemblage\/vis-en-acier-inoxydable-en-differentes-dimensions-embout-inclu\/\">vis en acier inox 6 x 120 mm ou 6 x 140 mm<\/a>.<\/p>\n<p>Avec le brise-vue Somme 4, vous pouvez rapidement cl\u00f4turer votre jardin de mani\u00e8re efficace mais aussi masquer des zones inesth\u00e9tiques comme un coin poubelle par example. Ce format est \u00e9galement souvent utilis\u00e9 pour d\u00e9limiter des bordures ou des potagers. Le brise-vue Somme 4 a une dur\u00e9e de vie d&rsquo;environ 6 \u00e0 8 ans dans des conditions normales. Si vous avez des enfants en bas \u00e2ge qui aiment jouer au ballon dans le jardin, vous devez tenir compte du fait que les branches peuvent devenir un peu cassantes avec le temps. Si les \u00e9crans sont soumis \u00e0 de fortes contraintes, les branches peuvent s&rsquo;ab\u00eemer, voire m\u00eame se casser.<\/p>\n<h3>Installation brise-vue noisetier Somme 4 &#8211; 180 x 75 cm<\/h3>\n<p>Vous pouvez installer le brise-vue noisetier Somme 4 de deux mani\u00e8res: avec les piquets aux extr\u00e9mit\u00e9s des \u00e9crans ou \u00e0 l&rsquo;arri\u00e8re de ceux-ci<\/p>\n<p>Pour la premi\u00e8re option, vous aurez besoin d&rsquo;autant de poteaux que d&rsquo;\u00e9crans +1. Vous pouvez visser des lattes sur des piquets puis glisser l&rsquo;\u00e9cran dessus et le visser sur les lattes. On ne voit alors plus les lattes. L&rsquo;avantage de cette m\u00e9thode est que vous obtenez une belle s\u00e9paration des deux c\u00f4t\u00e9s (tr\u00e8s appropri\u00e9 si vous partagez une cl\u00f4ture avec vos voisins).<\/p>\n<p>Si vous placez les piquets derri\u00e8re l&rsquo;\u00e9cran brise-vue, vous aurez besoin de deux piquets par \u00e9cran. Les <a href=\"https:\/\/adequat.eu\/fr-be\/product\/piquets\/piquets-en-chataignier\/piquets-en-chataignier-fendu\/\">piquets en ch\u00e2taignier \u00d8 7\/9 ou 10\/12<\/a> conviennent tr\u00e8s bien. Nous avons \u00e9galement dans notre gamme de tr\u00e8s belles <a href=\"https:\/\/adequat.eu\/fr-be\/product\/portails\/options-portails\/poutre-rustique-en-chataignier-16x16x200\/\">poutres rustiques en ch\u00e2taignier<\/a> de forme carr\u00e9e aux angles arrondis qui facilitent encore plus la fixation. Il est bien s\u00fbr \u00e9galement possible de fabriquer un cadre en bois ou en un autre mat\u00e9riau dans lequel vous pourrez placer votre brise-vue noisetier Somme 4.<\/p>\n<p>Cet \u00e9cran en noisetier est tiss\u00e9 horizontalement, mais peut \u00e9galement \u00eatre plac\u00e9 verticalement.<\/p>\n","protected":false},"excerpt":{"rendered":"<p>Le brise-vue noisetier Somme 4 &#8211; 180 x 75 cm est tress\u00e9 horizontalement et est pr\u00eat \u00e0 l&#8217;emploi. Peut \u00eatre plac\u00e9 horizontalement et verticalement. Paravent,&#8230;<\/p>\n","protected":false},"featured_media":13641,"comment_status":"closed","ping_status":"closed","template":"","meta":{"_acf_changed":false,"inline_featured_image":false,"_trash_the_other_posts":false,"ep_exclude_from_search":false,"iawp_total_views":88,"editor_notices":[]},"product_brand":[],"product_cat":[428,443,547],"product_tag":[],"class_list":{"0":"post-13639","1":"product","2":"type-product","3":"status-publish","4":"has-post-thumbnail","6":"product_cat-ecrans-brise-vue-tresses","7":"product_cat-ecrans","8":"product_cat-ecrans-noisetier","10":"first","11":"instock","12":"shipping-taxable","13":"purchasable","14":"product-type-simple"},"composite_virtual":false,"composite_layout":"","composite_add_to_cart_form_location":"","composite_editable_in_cart":false,"composite_sold_individually_context":"","composite_shop_price_calc":"","composite_components":[],"composite_scenarios":[],"acf":[],"_links":{"self":[{"href":"https:\/\/adequat.eu\/fr-be\/wp-json\/wp\/v2\/product\/13639","targetHints":{"allow":["GET"]}}],"collection":[{"href":"https:\/\/adequat.eu\/fr-be\/wp-json\/wp\/v2\/product"}],"about":[{"href":"https:\/\/adequat.eu\/fr-be\/wp-json\/wp\/v2\/types\/product"}],"replies":[{"embeddable":true,"href":"https:\/\/adequat.eu\/fr-be\/wp-json\/wp\/v2\/comments?post=13639"}],"wp:featuredmedia":[{"embeddable":true,"href":"https:\/\/adequat.eu\/fr-be\/wp-json\/wp\/v2\/media\/13641"}],"wp:attachment":[{"href":"https:\/\/adequat.eu\/fr-be\/wp-json\/wp\/v2\/media?parent=13639"}],"wp:term":[{"taxonomy":"product_brand","embeddable":true,"href":"https:\/\/adequat.eu\/fr-be\/wp-json\/wp\/v2\/product_brand?post=13639"},{"taxonomy":"product_cat","embeddable":true,"href":"https:\/\/adequat.eu\/fr-be\/wp-json\/wp\/v2\/product_cat?post=13639"},{"taxonomy":"product_tag","embeddable":true,"href":"https:\/\/adequat.eu\/fr-be\/wp-json\/wp\/v2\/product_tag?post=13639"}],"curies":[{"name":"wp","href":"https:\/\/api.w.org\/{rel}","templated":true}]}}