{"id":14197,"date":"2024-07-26T16:43:34","date_gmt":"2024-07-26T14:43:34","guid":{"rendered":"https:\/\/adequat.eu\/fr-be\/?post_type=product&#038;p=14197"},"modified":"2025-11-21T10:00:27","modified_gmt":"2025-11-21T09:00:27","slug":"poortdeel-boerenpoort-hoek-5-niveau-kastanje-enkel","status":"publish","type":"product","link":"https:\/\/adequat.eu\/fr-be\/product\/portails\/portail-rustique-angle-5-planches-chataignier-simple\/","title":{"rendered":"Portail rustique angle 5 planches ch\u00e2taignier simple"},"content":{"rendered":"<h3>Sp\u00e9cifications<\/h3>\n<p>Cette porte est fabriqu\u00e9e en planches de bois de ch\u00e2taignier (classe de durabilit\u00e9 2) d&rsquo;une \u00e9paisseur de 2,5 cm. Les planches sont rabot\u00e9es, ponc\u00e9es et ont \u00e9galement des bords \u00ab\u00a0cass\u00e9s\u00a0\u00bb. Cela signifie que les ar\u00eates vives sont frais\u00e9es et l\u00e9g\u00e8rement arrondies, ce qui les rend moins tranchantes et donc plus s\u00fbres, tout en ajoutant un joli d\u00e9tail esth\u00e9tique. Les planches de cette porte de ferme ont une largeur de 18 cm et sont uniform\u00e9ment r\u00e9parties sur le cadre. Elles sont fix\u00e9es \u00e0 l&rsquo;arri\u00e8re de la porte \u00e0 l&rsquo;aide de vis en acier inoxydable et de colle, cr\u00e9ant ainsi un ensemble solide et \u00e9pur\u00e9, sans trous de vis visibles \u00e0 l&rsquo;avant. Une belle porte \u00e9l\u00e9gante donc !<\/p>\n<h3>Hauteur et Largeur<\/h3>\n<p>Cette porte de ferme a une hauteur standard de 110 cm, avec des poteaux angulaires d&rsquo;une hauteur de 120 cm. La porte est disponible en diff\u00e9rentes largeurs.<\/p>\n<h3>Porte Simple ou Double<\/h3>\n<p>Cette porte est disponible en version simple ou double. Vous pouvez d\u00e9terminer vous-m\u00eame la largeur de la porte.<\/p>\n<p>Nous ne fabriquons pas cette porte avec des sections de plus de 250 cm de large, car la port\u00e9e deviendrait alors trop grande. Avec une grande port\u00e9e, il y a un risque que la porte s&rsquo;affaisse.<\/p>\n<h3>Parties \u00c9gales ou In\u00e9gales<\/h3>\n<p>Vous pouvez choisir une porte compos\u00e9e de deux parties \u00e9gales, ou opter pour deux parties in\u00e9gales. Par exemple, une petite porte pour pi\u00e9tons pour un usage quotidien et une porte plus large pour permettre l&rsquo;acc\u00e8s des v\u00e9hicules motoris\u00e9s.<\/p>\n<h3>Quincaillerie<\/h3>\n<p>Vous achetez la porte de ferme sans quincaillerie, c&rsquo;est-\u00e0-dire sans ferrures ni serrure. Vous pouvez commander en option un ensemble de quincaillerie r\u00e9glable. Nous recommandons cet ensemble optionnel, car il vous permet de r\u00e9gler vous-m\u00eame la porte si elle n&rsquo;est pas parfaitement droite.<\/p>\n<h3>Automatisation de la Porte<\/h3>\n<p>Souhaitez-vous automatiser la porte? Dans ce cas, choisissez l&rsquo;option \u00ab\u00a0poutre inf\u00e9rieure renforc\u00e9e\u00a0\u00bb. La poutre inf\u00e9rieure est alors dot\u00e9e d&rsquo;une poutre suppl\u00e9mentaire permettant de fixer solidement le m\u00e9canisme de commande.<\/p>\n<p>Il est important de choisir des poteaux carr\u00e9s avec une t\u00eate de diamant de 20 x 20 cm, car sans cette largeur, le m\u00e9canisme de commande de la porte pivotante ne peut \u00eatre install\u00e9.<\/p>\n<h3>Poteaux de Porte<\/h3>\n<p>Les poteaux de porte ne sont pas inclus de base, mais peuvent \u00eatre command\u00e9s en option. Vous pouvez choisir parmi des poteaux de 15 x 15 cm avec une longueur de 210 cm ou 280 cm, ou des poteaux de 20 x 20 cm avec une longueur de 210 cm ou 280 cm. Vous h\u00e9sitez ? N&rsquo;h\u00e9sitez pas \u00e0 nous contacter. Nos experts se feront un plaisir de vous aider.<\/p>\n<p>Si vous optez pour une porte plus luxueuse avec plusieurs options, il est conseill\u00e9 de choisir les poteaux de porte plus grands de 20 x 20 cm. Cela renforce non seulement la solidit\u00e9, mais aussi la durabilit\u00e9. D&rsquo;apr\u00e8s notre exp\u00e9rience, plus les poteaux de porte sont robustes, plus longtemps vous profiterez de votre porte et de votre cl\u00f4ture.<\/p>\n","protected":false},"excerpt":{"rendered":"<p>Sp\u00e9cifications Cette porte est fabriqu\u00e9e en planches de bois de ch\u00e2taignier (classe de durabilit\u00e9 2) d&rsquo;une \u00e9paisseur de 2,5 cm. Les planches sont rabot\u00e9es, ponc\u00e9es&#8230;<\/p>\n","protected":false},"featured_media":14312,"comment_status":"closed","ping_status":"closed","template":"","meta":{"_acf_changed":false,"inline_featured_image":false,"_trash_the_other_posts":false,"ep_exclude_from_search":false,"iawp_total_views":57,"editor_notices":[]},"product_brand":[],"product_cat":[464,209,472,475,478,481,455,460,462,468],"product_tag":[],"class_list":{"0":"post-14197","1":"product","2":"type-product","3":"status-publish","4":"has-post-thumbnail","6":"product_cat-champetre","7":"product_cat-chataignier","8":"product_cat-120-cm","9":"product_cat-150-cm","10":"product_cat-200-cm","11":"product_cat-250-cm","12":"product_cat-paturage","13":"product_cat-automatisation","14":"product_cat-simple","15":"product_cat-sur-mesure","17":"first","18":"instock","19":"shipping-taxable","20":"purchasable","21":"product-type-composite"},"composite_virtual":false,"composite_layout":"single","composite_add_to_cart_form_location":"default","composite_editable_in_cart":false,"composite_sold_individually_context":"product","composite_shop_price_calc":"defaults","composite_components":[{"id":"1722013209","title":"Battant","description":"","query_type":"product_ids","query_ids":[14376],"default_option_id":14376,"thumbnail_id":"","thumbnail_src":"","quantity_min":1,"quantity_max":1,"priced_individually":true,"shipped_individually":false,"optional":false,"discount":"","options_style":"dropdowns","pagination_style":"classic","display_prices":"absolute","show_sorting_options":false,"show_filtering_options":false,"attribute_filter_ids":[],"select_action":"view","product_title_visible":false,"product_descr_visible":false,"product_price_visible":true,"product_thumb_visible":false,"subtotal_visible_product":false,"subtotal_visible_cart":false,"subtotal_visible_orders":false},{"id":"1722013210","title":"Charni\u00e8res et serrures","description":"","query_type":"product_ids","query_ids":[14932],"default_option_id":"","thumbnail_id":"","thumbnail_src":"","quantity_min":1,"quantity_max":1,"priced_individually":true,"shipped_individually":false,"optional":true,"discount":"","options_style":"radios","pagination_style":"classic","display_prices":"absolute","show_sorting_options":false,"show_filtering_options":false,"attribute_filter_ids":[],"select_action":"view","product_title_visible":false,"product_descr_visible":false,"product_price_visible":true,"product_thumb_visible":false,"subtotal_visible_product":false,"subtotal_visible_cart":false,"subtotal_visible_orders":false},{"id":"1722013211","title":"Poutre de solidit\u00e9","description":"","query_type":"product_ids","query_ids":[14315],"default_option_id":14315,"thumbnail_id":"","thumbnail_src":"","quantity_min":1,"quantity_max":1,"priced_individually":true,"shipped_individually":false,"optional":true,"discount":"","options_style":"radios","pagination_style":"classic","display_prices":"absolute","show_sorting_options":false,"show_filtering_options":false,"attribute_filter_ids":[],"select_action":"view","product_title_visible":false,"product_descr_visible":false,"product_price_visible":true,"product_thumb_visible":false,"subtotal_visible_product":false,"subtotal_visible_cart":false,"subtotal_visible_orders":false},{"id":"1722013212","title":"Poteaux","description":"","query_type":"product_ids","query_ids":[6382],"default_option_id":6382,"thumbnail_id":"","thumbnail_src":"","quantity_min":2,"quantity_max":2,"priced_individually":true,"shipped_individually":false,"optional":true,"discount":"","options_style":"radios","pagination_style":"classic","display_prices":"absolute","show_sorting_options":false,"show_filtering_options":false,"attribute_filter_ids":[],"select_action":"view","product_title_visible":false,"product_descr_visible":false,"product_price_visible":true,"product_thumb_visible":false,"subtotal_visible_product":false,"subtotal_visible_cart":false,"subtotal_visible_orders":false}],"composite_scenarios":[],"acf":[],"_links":{"self":[{"href":"https:\/\/adequat.eu\/fr-be\/wp-json\/wp\/v2\/product\/14197","targetHints":{"allow":["GET"]}}],"collection":[{"href":"https:\/\/adequat.eu\/fr-be\/wp-json\/wp\/v2\/product"}],"about":[{"href":"https:\/\/adequat.eu\/fr-be\/wp-json\/wp\/v2\/types\/product"}],"replies":[{"embeddable":true,"href":"https:\/\/adequat.eu\/fr-be\/wp-json\/wp\/v2\/comments?post=14197"}],"wp:featuredmedia":[{"embeddable":true,"href":"https:\/\/adequat.eu\/fr-be\/wp-json\/wp\/v2\/media\/14312"}],"wp:attachment":[{"href":"https:\/\/adequat.eu\/fr-be\/wp-json\/wp\/v2\/media?parent=14197"}],"wp:term":[{"taxonomy":"product_brand","embeddable":true,"href":"https:\/\/adequat.eu\/fr-be\/wp-json\/wp\/v2\/product_brand?post=14197"},{"taxonomy":"product_cat","embeddable":true,"href":"https:\/\/adequat.eu\/fr-be\/wp-json\/wp\/v2\/product_cat?post=14197"},{"taxonomy":"product_tag","embeddable":true,"href":"https:\/\/adequat.eu\/fr-be\/wp-json\/wp\/v2\/product_tag?post=14197"}],"curies":[{"name":"wp","href":"https:\/\/api.w.org\/{rel}","templated":true}]}}