{"id":14198,"date":"2024-07-26T15:17:11","date_gmt":"2024-07-26T13:17:11","guid":{"rendered":"https:\/\/adequat.eu\/fr-be\/?post_type=product&#038;p=14198"},"modified":"2025-11-21T10:01:30","modified_gmt":"2025-11-21T09:01:30","slug":"poortdeel-boerenpoort-hoek-5-niveau-douglas-enkel","status":"publish","type":"product","link":"https:\/\/adequat.eu\/fr-be\/product\/portails\/portail-rustique-angle-5-planches-douglas-simple\/","title":{"rendered":"Portail rustique angle 5 planches douglas simple"},"content":{"rendered":"<h2>SPECIFICATIONS<\/h2>\n<p>Ce portail est fabriqu\u00e9 en planches de sapin Douglas (classe de durabilit\u00e9 3) d\u2019une \u00e9paisseur de 2,5 cm. Les planches ont \u00e9t\u00e9 rabot\u00e9es, ponc\u00e9es et cass\u00e9es. Le terme \u00ab cass\u00e9 \u00bb signifie que les ar\u00eates vives sont frais\u00e9es et l\u00e9g\u00e8rement arrondies. Les bords cass\u00e9s sont moins tranchants et donc plus s\u00fbrs. Les planches de ce portail de ferme ont une largeur de 18 cm et sont r\u00e9parties uniform\u00e9ment sur le cadre. Les planches sont fix\u00e9es \u00e0 l\u2019arri\u00e8re du portail \u00e0 l\u2019aide de vis en acier inoxydable et de colle. Cela permet de cr\u00e9er un ensemble solide et \u00e9tanche, sans trous de vis disgracieux visibles de l\u2019avant.<\/p>\n<h2>Hauteur et largeur<\/h2>\n<p>Ce portail a une hauteur standard de 110 cm et est disponible en diff\u00e9rentes largeurs.<\/p>\n<h2>Portail simple ou double<\/h2>\n<p>Ce portail est disponible en version simple ou double. Vous pouvez choisir la largeur par battant selon vos besoins.<\/p>\n<p>Veulliez noter que nous ne fabriquons pas de battant de portail dont la largeur d\u00e9passe 350 cm par section. Au del\u00e0 de 350 cm la port\u00e9e deviendrait trop importante ce qui augmenterait le risque d\u2019affaissement.<\/p>\n<h2>Battans \u00e9gaux ou in\u00e9gaux<\/h2>\n<p>Vous avez la possibilit\u00e9 de choisir un portail avec deux battants de largeur \u00e9gale, mais vous pouvez \u00e9galement opter pour un mod\u00e8le avec deux battants in\u00e9gaux. Vous pouvez par example choisir un portillon \u00e9troit pour un usage quotidien, et un portillon plus large si vous souhaitez acc\u00e9der \u00e0 votre propri\u00e9t\u00e9 avec un v\u00e9hicule motoris\u00e9.<\/p>\n<h2>Charni\u00e8res et serrures<\/h2>\n<p>Vous achetez le portail de ferme enti\u00e8rement nu, c\u2019est-\u00e0-dire sans charni\u00e8res ni serrures. Vous pouvez commander des charni\u00e8res et des serrures r\u00e9glables en otion. Nous vous recommandons vivement cet ensemble optionnel car il vous permet d\u2019 ajuster vous-m\u00eame le portail s\u2019il n\u2019est pas bien suspendu.<\/p>\n<h2>Automatiser le portail<\/h2>\n<p>Vous souhaitez automatiser votre portail ? Dans ce cas, choisissez l\u2019option \u00ab poutre de solidit\u00e9 \u00bb. La poutre inf\u00e9rieure sera \u00e9quip\u00e9e d\u2019une barre suppl\u00e9mentaire permettant de fixer correctement l\u2019op\u00e9rateur.<\/p>\n<p>Nous tenons \u00e0 souligner qu\u2019il est essentiel de choisir des poteaux carr\u00e9s de 20 x 20 cm avec t\u00eate diamant\u00e9e, car sans cette dimension, il ne sera pas possible de fixer correctement l\u2019op\u00e9rateur du portail battant.<\/p>\n<h2>Poteaux de portail<\/h2>\n<p>Les poteaux de portail ne sont pas livr\u00e9s en standard, mais peuvent \u00eatre command\u00e9s en option. Vous avez le choix entre des poteaux de 15 x 15 cm d\u2019une longueur de 210 cm ou 280 cm et des poteaux de 20 x 20 cm d\u2019une longueur de 210 cm ou 280 cm. Vous avez des doutes ? N\u2019h\u00e9sitez pas \u00e0 nous contacter. Nos experts se feront un plaisir de vous aider.<\/p>\n<p>Si vous optez pour un portail plus luxueux, avec plusieurs options, nous vous conseillons vivement de choisir les poteaux les plus larges (20 x 20 cm). Cela renforce non seulement la solidit\u00e9, mais aussi la durabilit\u00e9 du portail. Par exp\u00e9rience, nous pouvons affirmer que plus les poteaux sont robustes, plus votre portail et votre cl\u00f4ture vous dureront longtemps.<\/p>\n<h2>Sabot adapt\u00e9<\/h2>\n<p>Sp\u00e9cialement pour les portails doubles, nous proposons un sabot adapt\u00e9 dans lequel vous pouvez fixer le portail \u00e0 l\u2019aide d\u2019un piquet de terre. Ce sabot soutient parfaitement le portail quant il est ferm\u00e9.<\/p>\n","protected":false},"excerpt":{"rendered":"<p>SPECIFICATIONS Ce portail est fabriqu\u00e9 en planches de sapin Douglas (classe de durabilit\u00e9 3) d\u2019une \u00e9paisseur de 2,5 cm. Les planches ont \u00e9t\u00e9 rabot\u00e9es, ponc\u00e9es&#8230;<\/p>\n","protected":false},"featured_media":14266,"comment_status":"closed","ping_status":"closed","template":"","meta":{"_acf_changed":false,"inline_featured_image":false,"_trash_the_other_posts":false,"ep_exclude_from_search":false,"iawp_total_views":8,"editor_notices":[]},"product_brand":[],"product_cat":[464,452,472,475,478,481,483,455,460,462,468,35],"product_tag":[],"class_list":{"0":"post-14198","1":"product","2":"type-product","3":"status-publish","4":"has-post-thumbnail","6":"product_cat-champetre","7":"product_cat-douglas","8":"product_cat-120-cm","9":"product_cat-150-cm","10":"product_cat-200-cm","11":"product_cat-250-cm","12":"product_cat-300-cm","13":"product_cat-paturage","14":"product_cat-automatisation","15":"product_cat-simple","16":"product_cat-sur-mesure","17":"product_cat-uncategorized","19":"first","20":"instock","21":"shipping-taxable","22":"purchasable","23":"product-type-composite"},"composite_virtual":false,"composite_layout":"single","composite_add_to_cart_form_location":"default","composite_editable_in_cart":false,"composite_sold_individually_context":"product","composite_shop_price_calc":"defaults","composite_components":[{"id":"1722007541","title":"Battant","description":"","query_type":"product_ids","query_ids":[14358],"default_option_id":14358,"thumbnail_id":"","thumbnail_src":"","quantity_min":1,"quantity_max":1,"priced_individually":true,"shipped_individually":false,"optional":false,"discount":"","options_style":"dropdowns","pagination_style":"classic","display_prices":"absolute","show_sorting_options":false,"show_filtering_options":false,"attribute_filter_ids":[],"select_action":"view","product_title_visible":false,"product_descr_visible":false,"product_price_visible":true,"product_thumb_visible":false,"subtotal_visible_product":false,"subtotal_visible_cart":false,"subtotal_visible_orders":false},{"id":"1722007542","title":"Charni\u00e8res et serrures","description":"","query_type":"product_ids","query_ids":[14932],"default_option_id":"","thumbnail_id":"","thumbnail_src":"","quantity_min":1,"quantity_max":1,"priced_individually":true,"shipped_individually":false,"optional":true,"discount":"","options_style":"radios","pagination_style":"classic","display_prices":"absolute","show_sorting_options":false,"show_filtering_options":false,"attribute_filter_ids":[],"select_action":"view","product_title_visible":false,"product_descr_visible":false,"product_price_visible":true,"product_thumb_visible":false,"subtotal_visible_product":false,"subtotal_visible_cart":false,"subtotal_visible_orders":false},{"id":"1722007543","title":"Poutre de solidit\u00e9","description":"","query_type":"product_ids","query_ids":[14315],"default_option_id":14315,"thumbnail_id":"","thumbnail_src":"","quantity_min":1,"quantity_max":1,"priced_individually":true,"shipped_individually":false,"optional":true,"discount":"","options_style":"radios","pagination_style":"classic","display_prices":"absolute","show_sorting_options":false,"show_filtering_options":false,"attribute_filter_ids":[],"select_action":"view","product_title_visible":false,"product_descr_visible":false,"product_price_visible":true,"product_thumb_visible":false,"subtotal_visible_product":false,"subtotal_visible_cart":false,"subtotal_visible_orders":false},{"id":"1722007544","title":"Poteaux","description":"","query_type":"product_ids","query_ids":[6382],"default_option_id":6382,"thumbnail_id":"","thumbnail_src":"","quantity_min":1,"quantity_max":2,"priced_individually":true,"shipped_individually":false,"optional":true,"discount":"","options_style":"radios","pagination_style":"classic","display_prices":"absolute","show_sorting_options":false,"show_filtering_options":false,"attribute_filter_ids":[],"select_action":"view","product_title_visible":false,"product_descr_visible":false,"product_price_visible":true,"product_thumb_visible":false,"subtotal_visible_product":false,"subtotal_visible_cart":false,"subtotal_visible_orders":false}],"composite_scenarios":[],"acf":[],"_links":{"self":[{"href":"https:\/\/adequat.eu\/fr-be\/wp-json\/wp\/v2\/product\/14198","targetHints":{"allow":["GET"]}}],"collection":[{"href":"https:\/\/adequat.eu\/fr-be\/wp-json\/wp\/v2\/product"}],"about":[{"href":"https:\/\/adequat.eu\/fr-be\/wp-json\/wp\/v2\/types\/product"}],"replies":[{"embeddable":true,"href":"https:\/\/adequat.eu\/fr-be\/wp-json\/wp\/v2\/comments?post=14198"}],"wp:featuredmedia":[{"embeddable":true,"href":"https:\/\/adequat.eu\/fr-be\/wp-json\/wp\/v2\/media\/14266"}],"wp:attachment":[{"href":"https:\/\/adequat.eu\/fr-be\/wp-json\/wp\/v2\/media?parent=14198"}],"wp:term":[{"taxonomy":"product_brand","embeddable":true,"href":"https:\/\/adequat.eu\/fr-be\/wp-json\/wp\/v2\/product_brand?post=14198"},{"taxonomy":"product_cat","embeddable":true,"href":"https:\/\/adequat.eu\/fr-be\/wp-json\/wp\/v2\/product_cat?post=14198"},{"taxonomy":"product_tag","embeddable":true,"href":"https:\/\/adequat.eu\/fr-be\/wp-json\/wp\/v2\/product_tag?post=14198"}],"curies":[{"name":"wp","href":"https:\/\/api.w.org\/{rel}","templated":true}]}}