{"id":15117,"date":"2024-12-12T14:34:56","date_gmt":"2024-12-12T13:34:56","guid":{"rendered":"https:\/\/adequat.eu\/fr-be\/?post_type=product&#038;p=15117"},"modified":"2026-02-06T14:24:45","modified_gmt":"2026-02-06T13:24:45","slug":"poortdeur-eiken-enkel","status":"publish","type":"product","link":"https:\/\/adequat.eu\/fr-be\/product\/portails\/portail-de-jardin-chene-simple\/","title":{"rendered":"Portail de jardin ch\u00eane simple"},"content":{"rendered":"<h2>Caract\u00e9ristiques<\/h2>\n<p>Ce portail en essence de ch\u00eane est fabriqu\u00e9 en planches massives de ch\u00eane europ\u00e9en et a une hauteur standard de 180 cm. Les largeurs indiqu\u00e9es se r\u00e9f\u00e8rent uniquement \u00e0 la largeur des battants ; veuillez noter que vous devez aussi ajouter la largeur des poteaux de portail (2 x 15 cm) ainsi que l&rsquo;espace entre les poteaux et les charni\u00e8res (2 x 2 cm) \u00e0 la largeur totale du portail.<\/p>\n<p>Le portail est \u00e9quip\u00e9e, de s\u00e9rie, d&rsquo;une serrure et d&rsquo;une poign\u00e9e en acier inoxydable.<\/p>\n<h2>Portail simple ou double<\/h2>\n<p>Ce portail est disponible en version simple ou double. Vous pouvez choisir la largeur par battant selon vos besoins.<\/p>\n<p>Notez que nous ne fabriquons pas de battant dont la largeur d\u00e9passe 200 cm, car une telle port\u00e9e augmenterait le risque d&rsquo;affaissement du portail.<\/p>\n<h2>Battants \u00e9gaux ou in\u00e9gaux<\/h2>\n<p>Vous avez la possibilit\u00e9 de choisir un portail avec deux battants de largeur \u00e9gale, mais vous pouvez \u00e9galement opter pour un mod\u00e8le avec deux battants in\u00e9gaux. Vous pouvez par example choisir un portillon \u00e9troit pour un usage quotidien, et un portillon plus large si vous souhaitez acc\u00e9der \u00e0 votre propri\u00e9t\u00e9 avec un v\u00e9hicule motoris\u00e9.<\/p>\n<h2>Charni\u00e8res et serrures incluses<\/h2>\n<p>Ce portail est equip\u00e9, de s\u00e9rie, d\u2019un lot de charni\u00e8res massives galvanis\u00e9es et d\u2019une serrure et une poign\u00e9e en acier inoxidable. La quincaillerie fait partie int\u00e9grale de la solidit\u00e9 de ce portail et ne peut malheureusement pas \u00eatre ommise.<\/p>\n<h2>Poteaux de portail<\/h2>\n<p>Les poteaux du portail ne sont pas fournis en standard, mais peuvent \u00eatre command\u00e9s en option. Vous avez le choix entre des poteaux de 15 x 15 cm d\u2019une longueur de 210 cm ou 280 cm, ainsi que des poteaux de 20 x 20 cm d&rsquo;une longueur de 210 cm ou 280 cm. Vous avez des doutes ? N\u2019h\u00e9sitez pas \u00e0 nous contacter. Nos experts seront ravis de vous assister.<\/p>\n<p>Si vous optez pour un portail plus luxueux, avec plusieurs options, nous vous conseillons vivement de choisir les poteaux les plus larges (20 x 20 cm). Cela renforce non seulement la solidit\u00e9, mais aussi la durabilit\u00e9 du portail. Par exp\u00e9rience, nous savons que plus les poteaux sont robustes, plus votre portail et votre cl\u00f4ture vous dureront longtemps.<\/p>\n<h2>Portail sur mesure<\/h2>\n<p>Il est \u00e9galement possible de personnaliser le design du portail. Vous pouvez le rendre plus haut ou ajouter des barres interm\u00e9diaires suppl\u00e9mentaires. Si vous pr\u00e9f\u00e9rez une essence de bois diff\u00e9rente du ch\u00eane, nous nous ferons un plaisir de vous fournir un devis pour un portail sur mesure.<\/p>\n","protected":false},"excerpt":{"rendered":"<p>Caract\u00e9ristiques Ce portail en essence de ch\u00eane est fabriqu\u00e9 en planches massives de ch\u00eane europ\u00e9en et a une hauteur standard de 180 cm. Les largeurs&#8230;<\/p>\n","protected":false},"featured_media":15161,"comment_status":"closed","ping_status":"closed","template":"","meta":{"_acf_changed":false,"inline_featured_image":false,"_trash_the_other_posts":false,"ep_exclude_from_search":false,"iawp_total_views":57,"editor_notices":[]},"product_brand":[],"product_cat":[461,347,468],"product_tag":[],"class_list":{"0":"post-15117","1":"product","2":"type-product","3":"status-publish","4":"has-post-thumbnail","6":"product_cat-serrure","7":"product_cat-chene","8":"product_cat-sur-mesure","10":"first","11":"instock","12":"shipping-taxable","13":"purchasable","14":"product-type-composite"},"composite_virtual":false,"composite_layout":"single","composite_add_to_cart_form_location":"default","composite_editable_in_cart":false,"composite_sold_individually_context":"product","composite_shop_price_calc":"defaults","composite_components":[{"id":"1733848895","title":"Battant","description":"","query_type":"product_ids","query_ids":[15121],"default_option_id":15121,"thumbnail_id":"","thumbnail_src":"","quantity_min":1,"quantity_max":1,"priced_individually":true,"shipped_individually":false,"optional":false,"discount":"","options_style":"dropdowns","pagination_style":"classic","display_prices":"absolute","show_sorting_options":false,"show_filtering_options":false,"attribute_filter_ids":[],"select_action":"view","product_title_visible":false,"product_descr_visible":false,"product_price_visible":true,"product_thumb_visible":false,"subtotal_visible_product":false,"subtotal_visible_cart":false,"subtotal_visible_orders":false},{"id":"1733848896","title":"Charni\u00e8res et serrures livr\u00e9es de s\u00e9rie","description":"","query_type":"product_ids","query_ids":[15119],"default_option_id":15119,"thumbnail_id":"","thumbnail_src":"","quantity_min":1,"quantity_max":1,"priced_individually":true,"shipped_individually":false,"optional":false,"discount":"","options_style":"dropdowns","pagination_style":"classic","display_prices":"absolute","show_sorting_options":false,"show_filtering_options":false,"attribute_filter_ids":[],"select_action":"view","product_title_visible":false,"product_descr_visible":false,"product_price_visible":true,"product_thumb_visible":false,"subtotal_visible_product":false,"subtotal_visible_cart":false,"subtotal_visible_orders":false},{"id":"1733848897","title":"Poteaux","description":"","query_type":"product_ids","query_ids":[6382],"default_option_id":6382,"thumbnail_id":"","thumbnail_src":"","quantity_min":2,"quantity_max":2,"priced_individually":true,"shipped_individually":false,"optional":true,"discount":"","options_style":"radios","pagination_style":"classic","display_prices":"absolute","show_sorting_options":false,"show_filtering_options":false,"attribute_filter_ids":[],"select_action":"view","product_title_visible":false,"product_descr_visible":false,"product_price_visible":true,"product_thumb_visible":false,"subtotal_visible_product":false,"subtotal_visible_cart":false,"subtotal_visible_orders":false}],"composite_scenarios":[],"acf":[],"_links":{"self":[{"href":"https:\/\/adequat.eu\/fr-be\/wp-json\/wp\/v2\/product\/15117","targetHints":{"allow":["GET"]}}],"collection":[{"href":"https:\/\/adequat.eu\/fr-be\/wp-json\/wp\/v2\/product"}],"about":[{"href":"https:\/\/adequat.eu\/fr-be\/wp-json\/wp\/v2\/types\/product"}],"replies":[{"embeddable":true,"href":"https:\/\/adequat.eu\/fr-be\/wp-json\/wp\/v2\/comments?post=15117"}],"wp:featuredmedia":[{"embeddable":true,"href":"https:\/\/adequat.eu\/fr-be\/wp-json\/wp\/v2\/media\/15161"}],"wp:attachment":[{"href":"https:\/\/adequat.eu\/fr-be\/wp-json\/wp\/v2\/media?parent=15117"}],"wp:term":[{"taxonomy":"product_brand","embeddable":true,"href":"https:\/\/adequat.eu\/fr-be\/wp-json\/wp\/v2\/product_brand?post=15117"},{"taxonomy":"product_cat","embeddable":true,"href":"https:\/\/adequat.eu\/fr-be\/wp-json\/wp\/v2\/product_cat?post=15117"},{"taxonomy":"product_tag","embeddable":true,"href":"https:\/\/adequat.eu\/fr-be\/wp-json\/wp\/v2\/product_tag?post=15117"}],"curies":[{"name":"wp","href":"https:\/\/api.w.org\/{rel}","templated":true}]}}