{"id":15276,"date":"2025-02-14T14:39:03","date_gmt":"2025-02-14T13:39:03","guid":{"rendered":"https:\/\/adequat.eu\/fr-be\/?post_type=product&#038;p=15276"},"modified":"2026-02-20T16:08:12","modified_gmt":"2026-02-20T15:08:12","slug":"kippengaas-rol-25-meter","status":"publish","type":"product","link":"https:\/\/adequat.eu\/fr-be\/product\/installation-fr\/grillage\/grillage-a-poules\/grillage-poules-25-metres\/","title":{"rendered":"Grillage poules 25 m\u00e8tres"},"content":{"rendered":"<h2 data-start=\"151\" data-end=\"205\">Le grillage pour poules en rouleau de 25 m\u00e8tres<\/h2>\n<p data-start=\"207\" data-end=\"904\">Ce grillage de 25 m\u00e8tres de long et 50 cm de haut est id\u00e9al pour prot\u00e9ger vos poules et autres petites volailles. Il emp\u00eache non seulement vos animaux de s\u2019\u00e9chapper, mais surtout \u2013 et c\u2019est souvent le plus important \u2013 il bloque l\u2019acc\u00e8s aux pr\u00e9dateurs. Un grillage de qualit\u00e9, utilis\u00e9 seul ou en compl\u00e9ment d\u2019une autre cl\u00f4ture, garantit la s\u00e9curit\u00e9 de vos volailles en emp\u00eachant les renards, rats et martres d\u2019entrer dans le poulailler. Ces pr\u00e9dateurs \u00e9tant particuli\u00e8rement rus\u00e9s, il est essentiel d\u2019opter pour un grillage en fil d\u2019acier robuste avec des mailles tr\u00e8s fines. Nous recommandons un grillage avec de petites mailles hexagonales de 25 mm et un fil d\u2019une \u00e9paisseur de 0,8 mm.<\/p>\n<h2 data-start=\"906\" data-end=\"966\">Installation d\u2019un grillage de 25 m\u00e8tres en rouleau<\/h2>\n<p data-start=\"968\" data-end=\"1375\">Pour l\u2019installation, vous aurez besoin de poteaux en bois. Nous conseillons de placer un poteau tous les 2,5 \u00e0 3 m\u00e8tres. Pour une fixation solide, veillez \u00e0 enfoncer les poteaux d\u2019environ un tiers de leur longueur dans le sol. Ainsi, pour une cl\u00f4ture de 50 cm de haut, il est recommand\u00e9 d\u2019utiliser des poteaux de 100 \u00e0 125 cm, selon leur diam\u00e8tre. Fixez ensuite le grillage aux poteaux \u00e0 l\u2019aide d\u2019agrafes.<\/p>\n<p data-start=\"1377\" data-end=\"1683\">Le grillage pour poules est \u00e9galement souvent utilis\u00e9 en compl\u00e9ment d\u2019une cl\u00f4ture ganivelle en bois. Cela peut \u00eatre n\u00e9cessaire si l\u2019espacement entre les lattes est large, mais quelle que soit la taille de vos volailles, ajouter un grillage fin renforce leur protection contre les intrusions ext\u00e9rieures<\/p>\n","protected":false},"excerpt":{"rendered":"<p>Le grillage pour poules en rouleau de 25 m\u00e8tres Ce grillage de 25 m\u00e8tres de long et 50 cm de haut est id\u00e9al pour prot\u00e9ger&#8230;<\/p>\n","protected":false},"featured_media":15301,"comment_status":"closed","ping_status":"closed","template":"","meta":{"_acf_changed":false,"inline_featured_image":false,"_trash_the_other_posts":false,"ep_exclude_from_search":false,"iawp_total_views":11,"editor_notices":[]},"product_brand":[],"product_cat":[497,558,561,554,496],"product_tag":[],"class_list":{"0":"post-15276","1":"product","2":"type-product","3":"status-publish","4":"has-post-thumbnail","6":"product_cat-grillage-a-poules","7":"product_cat-cloture-pour-poules","8":"product_cat-cloture-pour-volailles","9":"product_cat-clotures-pour-animaux","10":"product_cat-grillage","12":"first","13":"instock","14":"shipping-taxable","15":"purchasable","16":"product-type-simple"},"composite_virtual":false,"composite_layout":"","composite_add_to_cart_form_location":"","composite_editable_in_cart":false,"composite_sold_individually_context":"","composite_shop_price_calc":"","composite_components":[],"composite_scenarios":[],"acf":[],"_links":{"self":[{"href":"https:\/\/adequat.eu\/fr-be\/wp-json\/wp\/v2\/product\/15276","targetHints":{"allow":["GET"]}}],"collection":[{"href":"https:\/\/adequat.eu\/fr-be\/wp-json\/wp\/v2\/product"}],"about":[{"href":"https:\/\/adequat.eu\/fr-be\/wp-json\/wp\/v2\/types\/product"}],"replies":[{"embeddable":true,"href":"https:\/\/adequat.eu\/fr-be\/wp-json\/wp\/v2\/comments?post=15276"}],"wp:featuredmedia":[{"embeddable":true,"href":"https:\/\/adequat.eu\/fr-be\/wp-json\/wp\/v2\/media\/15301"}],"wp:attachment":[{"href":"https:\/\/adequat.eu\/fr-be\/wp-json\/wp\/v2\/media?parent=15276"}],"wp:term":[{"taxonomy":"product_brand","embeddable":true,"href":"https:\/\/adequat.eu\/fr-be\/wp-json\/wp\/v2\/product_brand?post=15276"},{"taxonomy":"product_cat","embeddable":true,"href":"https:\/\/adequat.eu\/fr-be\/wp-json\/wp\/v2\/product_cat?post=15276"},{"taxonomy":"product_tag","embeddable":true,"href":"https:\/\/adequat.eu\/fr-be\/wp-json\/wp\/v2\/product_tag?post=15276"}],"curies":[{"name":"wp","href":"https:\/\/api.w.org\/{rel}","templated":true}]}}