{"id":15278,"date":"2025-02-14T16:31:01","date_gmt":"2025-02-14T15:31:01","guid":{"rendered":"https:\/\/adequat.eu\/fr-be\/?post_type=product&#038;p=15278"},"modified":"2026-02-20T16:11:42","modified_gmt":"2026-02-20T15:11:42","slug":"schapengaas-zwaar-120-cm-hoog","status":"publish","type":"product","link":"https:\/\/adequat.eu\/fr-be\/product\/installation-fr\/grillage\/grillage-a-moutons\/grillage-lourd-moutons-120-cm\/","title":{"rendered":"Grillage lourd moutons 120 cm"},"content":{"rendered":"<h2 data-start=\"105\" data-end=\"170\">Cl\u00f4ture en grillage lourd pour moutons \u2013 hauteur 120 cm<\/h2>\n<p data-start=\"172\" data-end=\"434\">Avec du\u00a0<strong data-start=\"180\" data-end=\"211\">grillage lourd pour moutons<\/strong>\u00a0d\u2019une hauteur de 120 cm, vous pouvez cr\u00e9er une cl\u00f4ture robuste adapt\u00e9e aux moutons et au gros b\u00e9tail. Un rouleau de grillage a une longueur standard de 50 m\u00e8tres et est fabriqu\u00e9 en fil d\u2019acier galvanis\u00e9 haute r\u00e9sistance.<\/p>\n<p data-start=\"436\" data-end=\"932\">Nous proposons la version\u00a0<strong data-start=\"462\" data-end=\"472\">lourde<\/strong>\u00a0de ce grillage, con\u00e7ue pour une durabilit\u00e9 optimale. Les fils sup\u00e9rieur et inf\u00e9rieur sont plus \u00e9pais que les fils interm\u00e9diaires, ce qui renforce la solidit\u00e9 de l\u2019ensemble. Dans cette version de\u00a0<strong data-start=\"668\" data-end=\"693\">grillage pour moutons<\/strong>, les fils sup\u00e9rieur et inf\u00e9rieur ont une \u00e9paisseur de\u00a0<strong data-start=\"748\" data-end=\"758\">3,7 mm<\/strong>, tandis que les fils interm\u00e9diaires mesurent\u00a0<strong data-start=\"804\" data-end=\"814\">3,0 mm<\/strong>. Fabriqu\u00e9 en\u00a0<strong data-start=\"828\" data-end=\"840\">Crapal 4<\/strong>, ce grillage offre une dur\u00e9e de vie\u00a0<strong data-start=\"877\" data-end=\"902\">deux fois plus longue<\/strong>\u00a0que la version plus l\u00e9g\u00e8re.<\/p>\n<h2 data-start=\"934\" data-end=\"998\">Sp\u00e9cifications du grillage lourd pour moutons \u2013 120 cm<\/h2>\n<ul data-start=\"1000\" data-end=\"1308\">\n<li data-start=\"1000\" data-end=\"1024\"><strong data-start=\"1002\" data-end=\"1013\">Hauteur<\/strong>\u00a0: 120 cm<\/li>\n<li data-start=\"1025\" data-end=\"1072\"><strong data-start=\"1027\" data-end=\"1039\">Longueur<\/strong>\u00a0: 50 m\u00e8tres (rouleau standard)<\/li>\n<li data-start=\"1073\" data-end=\"1144\"><strong data-start=\"1075\" data-end=\"1097\">Taille des mailles<\/strong>\u00a0: 15 cm (distance entre deux fils verticaux)<\/li>\n<li data-start=\"1145\" data-end=\"1184\"><strong data-start=\"1147\" data-end=\"1177\">Nombre de fils horizontaux<\/strong>\u00a0: 10<\/li>\n<li data-start=\"1185\" data-end=\"1308\"><strong data-start=\"1187\" data-end=\"1211\">Disposition des fils<\/strong>\u00a0: Espacement plus serr\u00e9 dans la partie inf\u00e9rieure pour garantir la s\u00e9curit\u00e9 des petits animaux<\/li>\n<\/ul>\n<h2>Installation du grillage avec des tendeurs de fils<\/h2>\n<p>Pour bien installer le grillage moutons, utilisez des tendeurs de fils. Par point de fixation, vous avez besoin de\u202f:<\/p>\n<ul>\n<li>Fil sup\u00e9rieur\u202f: 1 \u00d7 tendeur de fils\u00a0<strong>taille L<\/strong><\/li>\n<li>Fils interm\u00e9diaires\u202f: 8 \u00d7 tendeurs de fils\u00a0<strong>taille M<\/strong><\/li>\n<li>Fil inf\u00e9rieur\u202f: 1 \u00d7 tendeur de fils\u00a0<strong>taille L<\/strong><\/li>\n<\/ul>\n<p>Avec une\u00a0<a href=\"https:\/\/adequat.eu\/fr-be\/product\/installation-fr\/grillage\/accessoires-grillage\/pince-de-serrage\/\"><strong>pince d<\/strong><strong>e serrage<\/strong><\/a>, vous pouvez relier les fils rapidement et solidement.<\/p>\n<h2>Fixer le grillage aux poteaux<\/h2>\n<p>Fixez le grillage aux poteaux en bois en les espa\u00e7ant de 2,5 \u00e0 3\u202fm\u00e8tres. Veillez \u00e0 ce qu\u2019environ un tiers du poteau soit enterr\u00e9 pour assurer une stabilit\u00e9 suffisante.<\/p>\n<p>Nous recommandons des essences de bois solides et durables, comme le\u00a0<strong>ch\u00e2taignier<\/strong>\u00a0ou le\u00a0<strong>robinier<\/strong>. Choisissez des poteaux avec un diam\u00e8tre de\u202f:<\/p>\n<ul>\n<li>7\u20139\u202fcm pour le ch\u00e2taignier<\/li>\n<li>8\u201310\u202fcm pour le robinier<\/li>\n<\/ul>\n<p>Pour les angles ainsi que les poteaux de d\u00e9but et de fin, des poteaux plus \u00e9pais (10\u201312\u202fcm) sont un choix pratique pour plus de solidit\u00e9.<\/p>\n<h2>Fixation avec des agrafes<\/h2>\n<p>Le grillage peut \u00eatre facilement fix\u00e9 avec des agrafes. Pour les poteaux d\u2019angle, de d\u00e9but et de fin, le grillage doit \u00eatre tendu en enfon\u00e7ant compl\u00e8tement les agrafes. Pour les autres poteaux, enfoncez les agrafes seulement partiellement, afin que le fil puisse encore l\u00e9g\u00e8rement bouger. Cela permet de corriger le grillage par la suite et de tendre parfaitement le grillage aux angles.<\/p>\n","protected":false},"excerpt":{"rendered":"<p>Cl\u00f4ture en grillage lourd pour moutons \u2013 hauteur 120 cm Avec du\u00a0grillage lourd pour moutons\u00a0d\u2019une hauteur de 120 cm, vous pouvez cr\u00e9er une cl\u00f4ture robuste&#8230;<\/p>\n","protected":false},"featured_media":15303,"comment_status":"closed","ping_status":"closed","template":"","meta":{"_acf_changed":false,"inline_featured_image":false,"_trash_the_other_posts":false,"ep_exclude_from_search":false,"iawp_total_views":21,"editor_notices":[]},"product_brand":[],"product_cat":[500,563,562,554,556,496],"product_tag":[],"class_list":{"0":"post-15278","1":"product","2":"type-product","3":"status-publish","4":"has-post-thumbnail","6":"product_cat-grillage-a-moutons","7":"product_cat-cloture-pour-gibier","8":"product_cat-cloture-pour-moutons","9":"product_cat-clotures-pour-animaux","10":"product_cat-clotures-pour-chiens","11":"product_cat-grillage","13":"first","14":"instock","15":"shipping-taxable","16":"purchasable","17":"product-type-simple"},"composite_virtual":false,"composite_layout":"","composite_add_to_cart_form_location":"","composite_editable_in_cart":false,"composite_sold_individually_context":"","composite_shop_price_calc":"","composite_components":[],"composite_scenarios":[],"acf":[],"_links":{"self":[{"href":"https:\/\/adequat.eu\/fr-be\/wp-json\/wp\/v2\/product\/15278","targetHints":{"allow":["GET"]}}],"collection":[{"href":"https:\/\/adequat.eu\/fr-be\/wp-json\/wp\/v2\/product"}],"about":[{"href":"https:\/\/adequat.eu\/fr-be\/wp-json\/wp\/v2\/types\/product"}],"replies":[{"embeddable":true,"href":"https:\/\/adequat.eu\/fr-be\/wp-json\/wp\/v2\/comments?post=15278"}],"wp:featuredmedia":[{"embeddable":true,"href":"https:\/\/adequat.eu\/fr-be\/wp-json\/wp\/v2\/media\/15303"}],"wp:attachment":[{"href":"https:\/\/adequat.eu\/fr-be\/wp-json\/wp\/v2\/media?parent=15278"}],"wp:term":[{"taxonomy":"product_brand","embeddable":true,"href":"https:\/\/adequat.eu\/fr-be\/wp-json\/wp\/v2\/product_brand?post=15278"},{"taxonomy":"product_cat","embeddable":true,"href":"https:\/\/adequat.eu\/fr-be\/wp-json\/wp\/v2\/product_cat?post=15278"},{"taxonomy":"product_tag","embeddable":true,"href":"https:\/\/adequat.eu\/fr-be\/wp-json\/wp\/v2\/product_tag?post=15278"}],"curies":[{"name":"wp","href":"https:\/\/api.w.org\/{rel}","templated":true}]}}