{"id":15282,"date":"2025-02-14T15:12:20","date_gmt":"2025-02-14T14:12:20","guid":{"rendered":"https:\/\/adequat.eu\/fr-be\/?post_type=product&#038;p=15282"},"modified":"2026-02-20T16:09:03","modified_gmt":"2026-02-20T15:09:03","slug":"schapengaas-licht-80-cm-hoog","status":"publish","type":"product","link":"https:\/\/adequat.eu\/fr-be\/product\/installation-fr\/grillage\/grillage-a-moutons\/grillage-leger-moutons-80-cm\/","title":{"rendered":"Grillage l\u00e9ger moutons 80 cm"},"content":{"rendered":"<h2 data-start=\"106\" data-end=\"170\">Cl\u00f4ture en grillage l\u00e9ger pour moutons \u2013 hauteur 80 cm<\/h2>\n<p data-start=\"172\" data-end=\"511\">Avec du <strong data-start=\"180\" data-end=\"229\">grillage l\u00e9ger en filet flexible pour moutons<\/strong> d\u2019une hauteur de 80 cm, vous pouvez fabriquer une cl\u00f4ture pratique et \u00e9conomique pour les moutons ou d&rsquo;autres petits animaux d\u2019\u00e9levage, tels que les ch\u00e8vres. Ce mod\u00e8le fait partie de notre gamme <strong data-start=\"425\" data-end=\"437\">Crapal 2<\/strong>, offrant une solution abordable pour des animaux de taille plus petite.<\/p>\n<p data-start=\"513\" data-end=\"1007\">Le grillage est fabriqu\u00e9 \u00e0 partir de <strong data-start=\"550\" data-end=\"578\">fil m\u00e9tallique galvanis\u00e9<\/strong> solide, avec des fils sup\u00e9rieur et inf\u00e9rieur plus \u00e9pais que les fils interm\u00e9diaires, ce qui renforce sa r\u00e9sistance. Dans ce mod\u00e8le, les fils sup\u00e9rieur et inf\u00e9rieur ont une \u00e9paisseur de <strong data-start=\"764\" data-end=\"774\">2,4 mm<\/strong>, tandis que les fils interm\u00e9diaires mesurent <strong data-start=\"820\" data-end=\"830\">1,9 mm<\/strong>. Cette version plus l\u00e9g\u00e8re est id\u00e9ale pour les petits animaux, tout en \u00e9tant plus \u00e9conomique \u00e0 l&rsquo;achat. Toutefois, il est l\u00e9g\u00e8rement moins stable que la version plus \u00e9paisse.<\/p>\n<h2 data-start=\"1009\" data-end=\"1072\">Sp\u00e9cifications du grillage l\u00e9ger pour moutons \u2013 80 cm<\/h2>\n<ul data-start=\"1074\" data-end=\"1400\">\n<li data-start=\"1074\" data-end=\"1097\"><strong data-start=\"1076\" data-end=\"1087\">Hauteur<\/strong> : 80 cm<\/li>\n<li data-start=\"1098\" data-end=\"1145\"><strong data-start=\"1100\" data-end=\"1112\">Longueur<\/strong> : 50 m\u00e8tres (rouleau standard)<\/li>\n<li data-start=\"1146\" data-end=\"1217\"><strong data-start=\"1148\" data-end=\"1170\">Taille des mailles<\/strong> : 15 cm (distance entre deux fils verticaux)<\/li>\n<li data-start=\"1218\" data-end=\"1256\"><strong data-start=\"1220\" data-end=\"1250\">Nombre de fils horizontaux<\/strong> : 8<\/li>\n<li data-start=\"1257\" data-end=\"1400\"><strong data-start=\"1259\" data-end=\"1283\">Disposition des fils<\/strong> : les fils horizontaux sont plus rapproch\u00e9s dans la partie inf\u00e9rieure pour garantir la s\u00e9curit\u00e9 des petits animaux<\/li>\n<\/ul>\n<h2 data-start=\"1402\" data-end=\"1466\">Installation et tension du grillage l\u00e9ger pour moutons<\/h2>\n<p data-start=\"1468\" data-end=\"1741\">Pour tendre ce\u00a0<strong>grillage l\u00e9ger en filet flexible<\/strong>, utilisez\u00a0<strong>des tendeurs<\/strong>\u00a0de fil de taille moyenne. Il faut\u00a0<strong>un tendeur par fil horizontal<\/strong>, soit\u00a0<strong>8 pi\u00e8ces au total<\/strong>, pour une installation solide et stable.<br \/>\nL\u2019utilisation d\u2019une\u00a0<strong>pince \u00e0 griffes<\/strong>\u00a0vous permettra de serrer facilement les tendeurs et d\u2019assurer une tension uniforme du grillage.<\/p>\n","protected":false},"excerpt":{"rendered":"<p>Cl\u00f4ture en grillage l\u00e9ger pour moutons \u2013 hauteur 80 cm Avec du grillage l\u00e9ger en filet flexible pour moutons d\u2019une hauteur de 80 cm, vous&#8230;<\/p>\n","protected":false},"featured_media":15303,"comment_status":"closed","ping_status":"closed","template":"","meta":{"_acf_changed":false,"inline_featured_image":false,"_trash_the_other_posts":false,"ep_exclude_from_search":false,"iawp_total_views":6,"editor_notices":[]},"product_brand":[],"product_cat":[500,570,562,554,556,496,35],"product_tag":[],"class_list":{"0":"post-15282","1":"product","2":"type-product","3":"status-publish","4":"has-post-thumbnail","6":"product_cat-grillage-a-moutons","7":"product_cat-cloture-hauteur-80-cm","8":"product_cat-cloture-pour-moutons","9":"product_cat-clotures-pour-animaux","10":"product_cat-clotures-pour-chiens","11":"product_cat-grillage","12":"product_cat-uncategorized","14":"first","15":"instock","16":"shipping-taxable","17":"purchasable","18":"product-type-simple"},"composite_virtual":false,"composite_layout":"","composite_add_to_cart_form_location":"","composite_editable_in_cart":false,"composite_sold_individually_context":"","composite_shop_price_calc":"","composite_components":[],"composite_scenarios":[],"acf":[],"_links":{"self":[{"href":"https:\/\/adequat.eu\/fr-be\/wp-json\/wp\/v2\/product\/15282","targetHints":{"allow":["GET"]}}],"collection":[{"href":"https:\/\/adequat.eu\/fr-be\/wp-json\/wp\/v2\/product"}],"about":[{"href":"https:\/\/adequat.eu\/fr-be\/wp-json\/wp\/v2\/types\/product"}],"replies":[{"embeddable":true,"href":"https:\/\/adequat.eu\/fr-be\/wp-json\/wp\/v2\/comments?post=15282"}],"wp:featuredmedia":[{"embeddable":true,"href":"https:\/\/adequat.eu\/fr-be\/wp-json\/wp\/v2\/media\/15303"}],"wp:attachment":[{"href":"https:\/\/adequat.eu\/fr-be\/wp-json\/wp\/v2\/media?parent=15282"}],"wp:term":[{"taxonomy":"product_brand","embeddable":true,"href":"https:\/\/adequat.eu\/fr-be\/wp-json\/wp\/v2\/product_brand?post=15282"},{"taxonomy":"product_cat","embeddable":true,"href":"https:\/\/adequat.eu\/fr-be\/wp-json\/wp\/v2\/product_cat?post=15282"},{"taxonomy":"product_tag","embeddable":true,"href":"https:\/\/adequat.eu\/fr-be\/wp-json\/wp\/v2\/product_tag?post=15282"}],"curies":[{"name":"wp","href":"https:\/\/api.w.org\/{rel}","templated":true}]}}