{"id":15284,"date":"2025-02-14T15:21:25","date_gmt":"2025-02-14T14:21:25","guid":{"rendered":"https:\/\/adequat.eu\/fr-be\/?post_type=product&#038;p=15284"},"modified":"2026-02-20T16:11:36","modified_gmt":"2026-02-20T15:11:36","slug":"schapengaas-licht-120-cm-hoog","status":"publish","type":"product","link":"https:\/\/adequat.eu\/fr-be\/product\/installation-fr\/grillage\/grillage-a-moutons\/grillage-leger-moutons-120-cm\/","title":{"rendered":"Grillage l\u00e9ger moutons 120 cm"},"content":{"rendered":"<h2 data-start=\"101\" data-end=\"166\">Cl\u00f4ture en grillage l\u00e9ger pour moutons \u2013 hauteur 120 cm<\/h2>\n<p data-start=\"168\" data-end=\"449\">Avec ce <strong data-start=\"176\" data-end=\"207\">filet flexible pour moutons<\/strong> d\u2019une hauteur de 120 cm, vous pouvez cr\u00e9er une cl\u00f4ture adapt\u00e9e aux moutons et \u00e0 d\u2019autres petits animaux, comme les ch\u00e8vres. En plus de ce filet\u00a0 \u00a0(<strong data-start=\"370\" data-end=\"382\">Crapal 2<\/strong>), nous proposons \u00e9galement une version renforc\u00e9e de ce grillage.<\/p>\n<p data-start=\"451\" data-end=\"1097\">Un rouleau de <strong data-start=\"465\" data-end=\"496\">grillage l\u00e9ger pour moutons<\/strong> a une longueur standard de 50 m\u00e8tres et est fabriqu\u00e9 en fil d\u2019acier galvanis\u00e9 robuste. Les fils sup\u00e9rieur et inf\u00e9rieur sont plus \u00e9pais que les fils interm\u00e9diaires, garantissant une meilleure r\u00e9sistance. Dans cette version de <strong data-start=\"722\" data-end=\"753\">grillage l\u00e9ger pour moutons<\/strong>, les fils sup\u00e9rieur et inf\u00e9rieur ont une \u00e9paisseur de <strong data-start=\"808\" data-end=\"818\">2,4 mm<\/strong>, tandis que les fils interm\u00e9diaires mesurent <strong data-start=\"864\" data-end=\"874\">1,9 mm<\/strong>. Cette version plus l\u00e9g\u00e8re est con\u00e7ue avec un fil plus fin, ce qui la rend plus abordable \u00e0 l\u2019achat et particuli\u00e8rement adapt\u00e9e aux petits animaux. Cependant, elle est l\u00e9g\u00e8rement moins rigide que la version plus \u00e9paisse.<\/p>\n<h2 data-start=\"1099\" data-end=\"1179\">Caract\u00e9ristiques du grillage l\u00e9ger pour moutons \u2013 Prairie Light 120 cm<\/h2>\n<ul data-start=\"1181\" data-end=\"1488\">\n<li data-start=\"1181\" data-end=\"1205\"><strong data-start=\"1183\" data-end=\"1194\">Hauteur<\/strong> : 120 cm<\/li>\n<li data-start=\"1206\" data-end=\"1253\"><strong data-start=\"1208\" data-end=\"1220\">Longueur<\/strong> : 50 m\u00e8tres (rouleau standard)<\/li>\n<li data-start=\"1254\" data-end=\"1325\"><strong data-start=\"1256\" data-end=\"1278\">Taille des mailles<\/strong> : 15 cm (distance entre deux fils verticaux)<\/li>\n<li data-start=\"1326\" data-end=\"1365\"><strong data-start=\"1328\" data-end=\"1358\">Nombre de fils horizontaux<\/strong> : 16<\/li>\n<li data-start=\"1366\" data-end=\"1488\"><strong data-start=\"1368\" data-end=\"1392\">Disposition des fils<\/strong> : espacement plus serr\u00e9 dans la partie inf\u00e9rieure pour assurer la s\u00e9curit\u00e9 des petits animaux<\/li>\n<\/ul>\n<h2 data-start=\"1490\" data-end=\"1532\">Installation et tension du filet<\/h2>\n<p data-start=\"1534\" data-end=\"1812\">Pour tendre ce\u00a0<strong>grillage l\u00e9ger en filet flexible<\/strong>, utilisez\u00a0<strong>des tendeurs<\/strong>\u00a0de fil de taille moyenne. Il faut\u00a0<strong>un tendeur par fil horizontal<\/strong>, soit <strong>16\u00a0pi\u00e8ces au total<\/strong>, pour une installation solide et stable.<br \/>\nL\u2019utilisation d\u2019une\u00a0<strong>pince \u00e0 griffes<\/strong>\u00a0vous permettra de serrer facilement les tendeurs et d\u2019assurer une tension uniforme du grillage.<\/p>\n","protected":false},"excerpt":{"rendered":"<p>Cl\u00f4ture en grillage l\u00e9ger pour moutons \u2013 hauteur 120 cm Avec ce filet flexible pour moutons d\u2019une hauteur de 120 cm, vous pouvez cr\u00e9er une&#8230;<\/p>\n","protected":false},"featured_media":15303,"comment_status":"closed","ping_status":"closed","template":"","meta":{"_acf_changed":false,"inline_featured_image":false,"_trash_the_other_posts":false,"ep_exclude_from_search":false,"iawp_total_views":6,"editor_notices":[]},"product_brand":[],"product_cat":[500,575,563,562,554,556,496],"product_tag":[],"class_list":{"0":"post-15284","1":"product","2":"type-product","3":"status-publish","4":"has-post-thumbnail","6":"product_cat-grillage-a-moutons","7":"product_cat-cloture-hauteur-120-cm","8":"product_cat-cloture-pour-gibier","9":"product_cat-cloture-pour-moutons","10":"product_cat-clotures-pour-animaux","11":"product_cat-clotures-pour-chiens","12":"product_cat-grillage","14":"first","15":"instock","16":"shipping-taxable","17":"purchasable","18":"product-type-simple"},"composite_virtual":false,"composite_layout":"","composite_add_to_cart_form_location":"","composite_editable_in_cart":false,"composite_sold_individually_context":"","composite_shop_price_calc":"","composite_components":[],"composite_scenarios":[],"acf":[],"_links":{"self":[{"href":"https:\/\/adequat.eu\/fr-be\/wp-json\/wp\/v2\/product\/15284","targetHints":{"allow":["GET"]}}],"collection":[{"href":"https:\/\/adequat.eu\/fr-be\/wp-json\/wp\/v2\/product"}],"about":[{"href":"https:\/\/adequat.eu\/fr-be\/wp-json\/wp\/v2\/types\/product"}],"replies":[{"embeddable":true,"href":"https:\/\/adequat.eu\/fr-be\/wp-json\/wp\/v2\/comments?post=15284"}],"wp:featuredmedia":[{"embeddable":true,"href":"https:\/\/adequat.eu\/fr-be\/wp-json\/wp\/v2\/media\/15303"}],"wp:attachment":[{"href":"https:\/\/adequat.eu\/fr-be\/wp-json\/wp\/v2\/media?parent=15284"}],"wp:term":[{"taxonomy":"product_brand","embeddable":true,"href":"https:\/\/adequat.eu\/fr-be\/wp-json\/wp\/v2\/product_brand?post=15284"},{"taxonomy":"product_cat","embeddable":true,"href":"https:\/\/adequat.eu\/fr-be\/wp-json\/wp\/v2\/product_cat?post=15284"},{"taxonomy":"product_tag","embeddable":true,"href":"https:\/\/adequat.eu\/fr-be\/wp-json\/wp\/v2\/product_tag?post=15284"}],"curies":[{"name":"wp","href":"https:\/\/api.w.org\/{rel}","templated":true}]}}