{"id":15309,"date":"2025-02-27T14:08:59","date_gmt":"2025-02-27T13:08:59","guid":{"rendered":"https:\/\/adequat.eu\/fr-be\/?post_type=product&#038;p=15309"},"modified":"2025-06-05T15:51:47","modified_gmt":"2025-06-05T13:51:47","slug":"douglas-schaaldelen-met-wankanten","status":"publish","type":"product","link":"https:\/\/adequat.eu\/fr-be\/product\/installation-fr\/planches-en-bois\/bois-de-douglas\/planches-en-douglas-avec-chants-naturels\/","title":{"rendered":"Planches en Douglas avec chants naturels"},"content":{"rendered":"<h2 data-start=\"53\" data-end=\"110\">Planches de Douglas avec chants naturels<\/h2>\n<p data-start=\"112\" data-end=\"353\">Les planches de Douglas avec chants naturels offrent une <strong data-start=\"181\" data-end=\"217\">esth\u00e9tique rustique et naturelle<\/strong>. Chaque pi\u00e8ce \u00e9tant unique, l\u2019aspect peut l\u00e9g\u00e8rement varier d\u2019une planche \u00e0 l\u2019autre, renfor\u00e7ant ainsi l\u2019authenticit\u00e9 de votre projet.<\/p>\n<p data-start=\"355\" data-end=\"542\">Le <strong data-start=\"358\" data-end=\"377\">bois de Douglas<\/strong> provient d\u2019un conif\u00e8re du nord-ouest de l\u2019Europe. Appr\u00e9ci\u00e9 pour sa <strong data-start=\"445\" data-end=\"481\">robustesse et son charme naturel<\/strong>, il constitue une excellente alternative au bois impr\u00e9gn\u00e9.<\/p>\n<h2 data-start=\"544\" data-end=\"589\">Caract\u00e9ristiques du bois de Douglas<\/h2>\n<ul>\n<li data-start=\"590\" data-end=\"761\"><strong data-start=\"592\" data-end=\"606\">Durabilit\u00e9<\/strong> : classe <strong data-start=\"616\" data-end=\"621\">3<\/strong>, offrant une bonne r\u00e9sistance aux intemp\u00e9ries.<\/li>\n<li data-start=\"590\" data-end=\"761\"><strong data-start=\"673\" data-end=\"687\">Esth\u00e9tique<\/strong> : belle teinte <strong data-start=\"703\" data-end=\"718\">rouge clair<\/strong>, qui se patine \u00e9l\u00e9gamment avec le temps.<\/li>\n<\/ul>\n<p data-start=\"763\" data-end=\"885\">Id\u00e9al pour les <strong data-start=\"778\" data-end=\"819\">am\u00e9nagements ext\u00e9rieurs et int\u00e9rieurs<\/strong>, le bois de Douglas combine <strong data-start=\"848\" data-end=\"882\">chaleur, solidit\u00e9 et long\u00e9vit\u00e9<\/strong>.<\/p>\n","protected":false},"excerpt":{"rendered":"<p>Planches de Douglas avec chants naturels Les planches de Douglas avec chants naturels offrent une esth\u00e9tique rustique et naturelle. Chaque pi\u00e8ce \u00e9tant unique, l\u2019aspect peut&#8230;<\/p>\n","protected":false},"featured_media":15384,"comment_status":"closed","ping_status":"closed","template":"","meta":{"_acf_changed":false,"inline_featured_image":false,"_trash_the_other_posts":false,"ep_exclude_from_search":false,"iawp_total_views":53,"editor_notices":[]},"product_brand":[],"product_cat":[509,505],"product_tag":[],"class_list":{"0":"post-15309","1":"product","2":"type-product","3":"status-publish","4":"has-post-thumbnail","6":"product_cat-bois-de-douglas","7":"product_cat-bois-scie","9":"first","10":"instock","11":"shipping-taxable","12":"purchasable","13":"product-type-variable","14":"has-default-attributes"},"composite_virtual":false,"composite_layout":"","composite_add_to_cart_form_location":"","composite_editable_in_cart":false,"composite_sold_individually_context":"","composite_shop_price_calc":"","composite_components":[],"composite_scenarios":[],"acf":[],"_links":{"self":[{"href":"https:\/\/adequat.eu\/fr-be\/wp-json\/wp\/v2\/product\/15309","targetHints":{"allow":["GET"]}}],"collection":[{"href":"https:\/\/adequat.eu\/fr-be\/wp-json\/wp\/v2\/product"}],"about":[{"href":"https:\/\/adequat.eu\/fr-be\/wp-json\/wp\/v2\/types\/product"}],"replies":[{"embeddable":true,"href":"https:\/\/adequat.eu\/fr-be\/wp-json\/wp\/v2\/comments?post=15309"}],"wp:featuredmedia":[{"embeddable":true,"href":"https:\/\/adequat.eu\/fr-be\/wp-json\/wp\/v2\/media\/15384"}],"wp:attachment":[{"href":"https:\/\/adequat.eu\/fr-be\/wp-json\/wp\/v2\/media?parent=15309"}],"wp:term":[{"taxonomy":"product_brand","embeddable":true,"href":"https:\/\/adequat.eu\/fr-be\/wp-json\/wp\/v2\/product_brand?post=15309"},{"taxonomy":"product_cat","embeddable":true,"href":"https:\/\/adequat.eu\/fr-be\/wp-json\/wp\/v2\/product_cat?post=15309"},{"taxonomy":"product_tag","embeddable":true,"href":"https:\/\/adequat.eu\/fr-be\/wp-json\/wp\/v2\/product_tag?post=15309"}],"curies":[{"name":"wp","href":"https:\/\/api.w.org\/{rel}","templated":true}]}}