{"id":15311,"date":"2025-02-27T13:10:32","date_gmt":"2025-02-27T12:10:32","guid":{"rendered":"https:\/\/adequat.eu\/fr-be\/?post_type=product&#038;p=15311"},"modified":"2026-02-10T10:44:36","modified_gmt":"2026-02-10T09:44:36","slug":"kastanje-planken-met-mes-en-groefverbinding","status":"publish","type":"product","link":"https:\/\/adequat.eu\/fr-be\/product\/installation-fr\/planches-en-bois\/bois-de-chataignier\/lattes-de-bardage-chataignier-a-rainure-et-languette\/","title":{"rendered":"Lattes de bardage ch\u00e2taignier \u00e0 rainure et languette"},"content":{"rendered":"<h3 data-start=\"91\" data-end=\"184\">Planches en ch\u00e2taignier \u00e0 rainure et languette<\/h3>\n<p data-start=\"91\" data-end=\"184\">Pour un assemblage solide et esth\u00e9tique! Les <strong data-start=\"190\" data-end=\"240\">planches en ch\u00e2taignier \u00e0 rainure et languette<\/strong> s&#8217;embo\u00eetent parfaitement les unes dans les autres, permettant ainsi de cr\u00e9er une <strong data-start=\"322\" data-end=\"351\">surface dense et homog\u00e8ne<\/strong>. Ce type d&rsquo;assemblage, appel\u00e9 <strong data-start=\"382\" data-end=\"414\">joint \u00e0 rainure et languette<\/strong>, garantit une connexion <strong data-start=\"439\" data-end=\"460\">solide et durable<\/strong>.<\/p>\n<p data-start=\"465\" data-end=\"770\">L&rsquo;avantage de ces planches r\u00e9side dans la <strong data-start=\"507\" data-end=\"539\">pr\u00e9cision de leur conception<\/strong> : la <strong data-start=\"545\" data-end=\"558\">languette<\/strong> (ou ressort) est directement int\u00e9gr\u00e9e \u00e0 la planche et parfaitement ajust\u00e9e en <strong data-start=\"637\" data-end=\"664\">\u00e9paisseur et profondeur<\/strong> \u00e0 la <strong data-start=\"670\" data-end=\"696\">rainure correspondante<\/strong>. Cela assure une <strong data-start=\"714\" data-end=\"735\">fixation optimale<\/strong> et une excellente <strong data-start=\"754\" data-end=\"767\">stabilit\u00e9<\/strong>.<\/p>\n<p data-start=\"772\" data-end=\"977\">Gr\u00e2ce \u00e0 ces caract\u00e9ristiques, les <strong data-start=\"806\" data-end=\"833\">planches en ch\u00e2taignier<\/strong> sont id\u00e9ales pour la <strong data-start=\"855\" data-end=\"903\">construction de murs, palissades ou cl\u00f4tures<\/strong>. Elles offrent une <strong data-start=\"923\" data-end=\"949\">qualit\u00e9 exceptionnelle<\/strong> et une finition \u00e9l\u00e9gante.<\/p>\n<h3 data-start=\"979\" data-end=\"1050\"><strong data-start=\"983\" data-end=\"1048\">Dimensions des planches en ch\u00e2taignier \u00e0 rainure et languette<\/strong><\/h3>\n<ul data-start=\"1051\" data-end=\"1276\">\n<li data-start=\"1051\" data-end=\"1077\"><strong data-start=\"1053\" data-end=\"1066\">\u00c9paisseur<\/strong> : 2,5 cm<\/li>\n<li data-start=\"1078\" data-end=\"1149\"><strong data-start=\"1080\" data-end=\"1091\">Largeur<\/strong> : 12 cm (largeur utile apr\u00e8s embo\u00eetement : <strong data-start=\"1135\" data-end=\"1146\">11 cm<\/strong>)<\/li>\n<li data-start=\"1150\" data-end=\"1175\"><strong data-start=\"1152\" data-end=\"1164\">Longueur<\/strong> : 250 cm<\/li>\n<li data-start=\"1176\" data-end=\"1276\"><strong data-start=\"1178\" data-end=\"1191\">Languette<\/strong> : 5 mm, con\u00e7ue pour s\u2019ins\u00e9rer parfaitement dans la rainure de la planche suivante.<\/li>\n<\/ul>\n<h3 data-start=\"1278\" data-end=\"1326\"><strong data-start=\"1282\" data-end=\"1324\">Des planches en ch\u00e2taignier sur mesure<\/strong><\/h3>\n<p data-start=\"1327\" data-end=\"1554\">Vous avez des besoins sp\u00e9cifiques ? <strong data-start=\"1363\" data-end=\"1381\">Contactez-nous<\/strong> ! Gr\u00e2ce \u00e0 notre <strong data-start=\"1398\" data-end=\"1420\">atelier de d\u00e9coupe<\/strong>, nous r\u00e9alisons des <strong data-start=\"1441\" data-end=\"1464\">planches sur mesure<\/strong> pour r\u00e9pondre \u00e0 vos exigences. Nous serons ravis de vous accompagner dans votre projet.<\/p>\n","protected":false},"excerpt":{"rendered":"<p>Planches en ch\u00e2taignier \u00e0 rainure et languette Pour un assemblage solide et esth\u00e9tique! Les planches en ch\u00e2taignier \u00e0 rainure et languette s&#8217;embo\u00eetent parfaitement les unes&#8230;<\/p>\n","protected":false},"featured_media":15402,"comment_status":"closed","ping_status":"closed","template":"","meta":{"_acf_changed":false,"inline_featured_image":false,"_trash_the_other_posts":false,"ep_exclude_from_search":false,"iawp_total_views":187,"editor_notices":[]},"product_brand":[],"product_cat":[506,505],"product_tag":[],"class_list":{"0":"post-15311","1":"product","2":"type-product","3":"status-publish","4":"has-post-thumbnail","6":"product_cat-bois-de-chataignier","7":"product_cat-bois-scie","9":"first","10":"instock","11":"shipping-taxable","12":"purchasable","13":"product-type-simple"},"composite_virtual":false,"composite_layout":"","composite_add_to_cart_form_location":"","composite_editable_in_cart":false,"composite_sold_individually_context":"","composite_shop_price_calc":"","composite_components":[],"composite_scenarios":[],"acf":[],"_links":{"self":[{"href":"https:\/\/adequat.eu\/fr-be\/wp-json\/wp\/v2\/product\/15311","targetHints":{"allow":["GET"]}}],"collection":[{"href":"https:\/\/adequat.eu\/fr-be\/wp-json\/wp\/v2\/product"}],"about":[{"href":"https:\/\/adequat.eu\/fr-be\/wp-json\/wp\/v2\/types\/product"}],"replies":[{"embeddable":true,"href":"https:\/\/adequat.eu\/fr-be\/wp-json\/wp\/v2\/comments?post=15311"}],"wp:featuredmedia":[{"embeddable":true,"href":"https:\/\/adequat.eu\/fr-be\/wp-json\/wp\/v2\/media\/15402"}],"wp:attachment":[{"href":"https:\/\/adequat.eu\/fr-be\/wp-json\/wp\/v2\/media?parent=15311"}],"wp:term":[{"taxonomy":"product_brand","embeddable":true,"href":"https:\/\/adequat.eu\/fr-be\/wp-json\/wp\/v2\/product_brand?post=15311"},{"taxonomy":"product_cat","embeddable":true,"href":"https:\/\/adequat.eu\/fr-be\/wp-json\/wp\/v2\/product_cat?post=15311"},{"taxonomy":"product_tag","embeddable":true,"href":"https:\/\/adequat.eu\/fr-be\/wp-json\/wp\/v2\/product_tag?post=15311"}],"curies":[{"name":"wp","href":"https:\/\/api.w.org\/{rel}","templated":true}]}}