{"id":15315,"date":"2025-02-27T14:15:02","date_gmt":"2025-02-27T13:15:02","guid":{"rendered":"https:\/\/adequat.eu\/fr-be\/?post_type=product&#038;p=15315"},"modified":"2025-07-04T18:38:50","modified_gmt":"2025-07-04T16:38:50","slug":"robinia-planken","status":"publish","type":"product","link":"https:\/\/adequat.eu\/fr-be\/product\/installation-fr\/planches-en-bois\/bois-de-robinier\/planches-en-robinier\/","title":{"rendered":"Planches en robinier"},"content":{"rendered":"<h3 data-start=\"111\" data-end=\"186\">Planches en robinier sci\u00e9es et ponc\u00e9es<\/h3>\n<p data-start=\"188\" data-end=\"497\">Les <strong data-start=\"192\" data-end=\"216\">planches en robinier<\/strong>, <strong data-start=\"218\" data-end=\"262\">sci\u00e9es et ponc\u00e9es sur leurs quatre c\u00f4t\u00e9s<\/strong>, sont parfaitement adapt\u00e9es \u00e0 un usage ext\u00e9rieur. Le <strong data-start=\"316\" data-end=\"336\">bois de robinier<\/strong>, class\u00e9 <strong data-start=\"345\" data-end=\"361\">durabilit\u00e9 1<\/strong>, est naturellement <strong data-start=\"381\" data-end=\"426\">r\u00e9sistant \u00e0 l&rsquo;humidit\u00e9 et aux intemp\u00e9ries<\/strong>, ce qui en fait un choix id\u00e9al pour des projets ext\u00e9rieurs durables.<\/p>\n<p data-start=\"499\" data-end=\"772\">Vous pouvez utiliser ces planches pour la <strong data-start=\"541\" data-end=\"577\">fabrication de meubles de jardin<\/strong>, ainsi que pour diverses <strong data-start=\"603\" data-end=\"620\">constructions<\/strong>. Le <strong data-start=\"625\" data-end=\"637\">robinier<\/strong> est l\u2019une des essences de bois les plus durables d\u2019Europe, avec une <strong data-start=\"706\" data-end=\"737\">long\u00e9vit\u00e9 de 25 ans ou plus<\/strong>, sans traitement suppl\u00e9mentaire.<\/p>\n<h3 data-start=\"774\" data-end=\"815\">Planches en robinier sur mesure<\/h3>\n<p data-start=\"816\" data-end=\"954\">Nos <strong data-start=\"820\" data-end=\"862\">planches de robinier sci\u00e9es et ponc\u00e9es<\/strong> sont disponibles en <strong data-start=\"883\" data-end=\"904\">2,5 x 12 x 250 cm<\/strong> et sont livr\u00e9es directement depuis notre stock.<\/p>\n<p data-start=\"956\" data-end=\"1233\">Besoin d&rsquo;une taille sp\u00e9cifique ? Gr\u00e2ce \u00e0 notre <strong data-start=\"1003\" data-end=\"1025\">atelier de d\u00e9coupe<\/strong>, nous proposons des <strong data-start=\"1046\" data-end=\"1069\">planches sur mesure<\/strong> adapt\u00e9es \u00e0 vos projets. <strong data-start=\"1094\" data-end=\"1128\">N\u2019h\u00e9sitez pas \u00e0 nous contacter<\/strong> pour toute question ou demande particuli\u00e8re. Nous serons ravis de vous accompagner dans votre projet !<\/p>\n","protected":false},"excerpt":{"rendered":"<p>Planches en robinier sci\u00e9es et ponc\u00e9es Les planches en robinier, sci\u00e9es et ponc\u00e9es sur leurs quatre c\u00f4t\u00e9s, sont parfaitement adapt\u00e9es \u00e0 un usage ext\u00e9rieur. Le&#8230;<\/p>\n","protected":false},"featured_media":15392,"comment_status":"closed","ping_status":"closed","template":"","meta":{"_acf_changed":false,"inline_featured_image":false,"_trash_the_other_posts":false,"ep_exclude_from_search":false,"iawp_total_views":228,"editor_notices":[]},"product_brand":[],"product_cat":[510,505],"product_tag":[],"class_list":{"0":"post-15315","1":"product","2":"type-product","3":"status-publish","4":"has-post-thumbnail","6":"product_cat-bois-de-robinier","7":"product_cat-bois-scie","9":"first","10":"instock","11":"shipping-taxable","12":"purchasable","13":"product-type-simple"},"composite_virtual":false,"composite_layout":"","composite_add_to_cart_form_location":"","composite_editable_in_cart":false,"composite_sold_individually_context":"","composite_shop_price_calc":"","composite_components":[],"composite_scenarios":[],"acf":[],"_links":{"self":[{"href":"https:\/\/adequat.eu\/fr-be\/wp-json\/wp\/v2\/product\/15315","targetHints":{"allow":["GET"]}}],"collection":[{"href":"https:\/\/adequat.eu\/fr-be\/wp-json\/wp\/v2\/product"}],"about":[{"href":"https:\/\/adequat.eu\/fr-be\/wp-json\/wp\/v2\/types\/product"}],"replies":[{"embeddable":true,"href":"https:\/\/adequat.eu\/fr-be\/wp-json\/wp\/v2\/comments?post=15315"}],"wp:featuredmedia":[{"embeddable":true,"href":"https:\/\/adequat.eu\/fr-be\/wp-json\/wp\/v2\/media\/15392"}],"wp:attachment":[{"href":"https:\/\/adequat.eu\/fr-be\/wp-json\/wp\/v2\/media?parent=15315"}],"wp:term":[{"taxonomy":"product_brand","embeddable":true,"href":"https:\/\/adequat.eu\/fr-be\/wp-json\/wp\/v2\/product_brand?post=15315"},{"taxonomy":"product_cat","embeddable":true,"href":"https:\/\/adequat.eu\/fr-be\/wp-json\/wp\/v2\/product_cat?post=15315"},{"taxonomy":"product_tag","embeddable":true,"href":"https:\/\/adequat.eu\/fr-be\/wp-json\/wp\/v2\/product_tag?post=15315"}],"curies":[{"name":"wp","href":"https:\/\/api.w.org\/{rel}","templated":true}]}}