{"id":15317,"date":"2025-02-27T10:36:15","date_gmt":"2025-02-27T09:36:15","guid":{"rendered":"https:\/\/adequat.eu\/fr-be\/?post_type=product&#038;p=15317"},"modified":"2025-11-13T09:43:28","modified_gmt":"2025-11-13T08:43:28","slug":"geodome","status":"publish","type":"product","link":"https:\/\/adequat.eu\/fr-be\/product\/installation-fr\/dome-geodesique-bois\/dome-geodesique\/","title":{"rendered":"D\u00f4me g\u00e9odesique"},"content":{"rendered":"<h2 data-start=\"101\" data-end=\"149\">D\u00f4me g\u00e9odesique en diff\u00e9rentes tailles et mod\u00e8les<\/h2>\n<p data-start=\"151\" data-end=\"436\">Le g\u00e9odome est disponible en deux versions : <strong data-start=\"196\" data-end=\"218\">avec ou sans porte<\/strong>. De plus, il est propos\u00e9 en <strong data-start=\"247\" data-end=\"264\">trois tailles<\/strong> : <strong data-start=\"267\" data-end=\"307\">200 cm, 300 cm et 400 cm de diam\u00e8tre<\/strong>. Chaque mod\u00e8le est livr\u00e9 avec un Geodesic Domekit (les connecteurs) ainsi qu&rsquo;avec toutes les lattes en bois de ch\u00e2taignier, courtes et longues, n\u00e9cessaires \u00e0 l\u2019assemblage.<\/p>\n<h3 data-start=\"438\" data-end=\"467\">D\u00f4me g\u00e9odesique <strong data-start=\"451\" data-end=\"465\">sans porte<\/strong><\/h3>\n<p data-start=\"468\" data-end=\"487\">Le kit comprend :<\/p>\n<ul data-start=\"488\" data-end=\"729\">\n<li data-start=\"488\" data-end=\"567\"><strong data-start=\"490\" data-end=\"505\">D\u00f4me 200 cm<\/strong> : 30 lattes courtes (458 mm) et 35 lattes longues (530 mm).<\/li>\n<li data-start=\"568\" data-end=\"647\"><strong data-start=\"570\" data-end=\"585\">D\u00f4me 300 cm<\/strong> : 30 lattes courtes (731 mm) et 35 lattes longues (839 mm).<\/li>\n<li data-start=\"648\" data-end=\"729\"><strong data-start=\"650\" data-end=\"665\">D\u00f4me 400 cm<\/strong> : 30 lattes courtes (1005 mm) et 35 lattes longues (1148 mm).<\/li>\n<\/ul>\n<h3 data-start=\"438\" data-end=\"467\">D\u00f4me g\u00e9odesique <strong data-start=\"744\" data-end=\"758\">avec porte<\/strong><\/h3>\n<p data-start=\"761\" data-end=\"780\">Le kit comprend :<\/p>\n<ul data-start=\"781\" data-end=\"1239\">\n<li data-start=\"781\" data-end=\"931\"><strong data-start=\"783\" data-end=\"798\">D\u00f4me 200 cm<\/strong> : 50 lattes courtes (458 mm) et 45 lattes longues (530 mm) + 1 latte de porte courte (844 mm) et 1 latte de porte longue (932 mm).<\/li>\n<li data-start=\"932\" data-end=\"1084\"><strong data-start=\"934\" data-end=\"949\">D\u00f4me 300 cm<\/strong> : 50 lattes courtes (731 mm) et 45 lattes longues (839 mm) + 1 latte de porte courte (1266 mm) et 1 latte de porte longue (1398 mm).<\/li>\n<li data-start=\"1085\" data-end=\"1239\"><strong data-start=\"1087\" data-end=\"1102\">D\u00f4me 400 cm<\/strong> : 50 lattes courtes (1005 mm) et 45 lattes longues (1148 mm) + 1 latte de porte courte (1864 mm) et 1 latte de porte longue (1888 mm).<\/li>\n<\/ul>\n<p data-start=\"1241\" data-end=\"1404\">\u26a0 <strong data-start=\"1243\" data-end=\"1256\">Attention<\/strong> : la porte elle-m\u00eame <strong data-start=\"1278\" data-end=\"1299\">n&rsquo;est pas incluse<\/strong>. Le g\u00e9odome est livr\u00e9 avec une ouverture, vous permettant d\u2019installer une porte selon vos pr\u00e9f\u00e9rences.<\/p>\n<h3 data-start=\"1406\" data-end=\"1436\">Installation sur poteaux<\/h3>\n<p data-start=\"1437\" data-end=\"1529\">Si vous souhaitez \u00e9lever votre d\u00f4me, vous pouvez utiliser <strong data-start=\"1495\" data-end=\"1525\">des poteaux en ch\u00e2taignier<\/strong> :<\/p>\n<ul data-start=\"1530\" data-end=\"1803\">\n<li data-start=\"1530\" data-end=\"1589\"><strong data-start=\"1532\" data-end=\"1544\">\u00d8 7-9 cm<\/strong> ou <strong data-start=\"1548\" data-end=\"1562\">\u00d8 10-12 cm<\/strong>, selon votre pr\u00e9f\u00e9rence.<\/li>\n<li data-start=\"1590\" data-end=\"1637\">La longueur d\u00e9pend de la hauteur souhait\u00e9e.<\/li>\n<li data-start=\"1638\" data-end=\"1739\">Pr\u00e9voyez d\u2019enfoncer <strong data-start=\"1660\" data-end=\"1680\">environ un tiers<\/strong> du poteau dans le sol pour garantir une bonne stabilit\u00e9.<\/li>\n<li data-start=\"1740\" data-end=\"1803\"><strong data-start=\"1742\" data-end=\"1756\">10 poteaux<\/strong> sont n\u00e9cessaires pour soutenir la structure.<\/li>\n<\/ul>\n<p data-start=\"1805\" data-end=\"1931\">Nos clients partagent r\u00e9guli\u00e8rement des photos de leur montage, une belle source d&rsquo;inspiration et d&rsquo;aide pour votre projet !<\/p>\n","protected":false},"excerpt":{"rendered":"<p>D\u00f4me g\u00e9odesique en diff\u00e9rentes tailles et mod\u00e8les Le g\u00e9odome est disponible en deux versions : avec ou sans porte. De plus, il est propos\u00e9 en&#8230;<\/p>\n","protected":false},"featured_media":15379,"comment_status":"closed","ping_status":"closed","template":"","meta":{"_acf_changed":false,"inline_featured_image":false,"_trash_the_other_posts":false,"ep_exclude_from_search":false,"iawp_total_views":374,"editor_notices":[]},"product_brand":[],"product_cat":[504,149],"product_tag":[],"class_list":{"0":"post-15317","1":"product","2":"type-product","3":"status-publish","4":"has-post-thumbnail","6":"product_cat-dome-geodesique-bois","7":"product_cat-installation-fr","9":"first","10":"instock","11":"shipping-taxable","12":"purchasable","13":"product-type-variable","14":"has-default-attributes"},"composite_virtual":false,"composite_layout":"","composite_add_to_cart_form_location":"","composite_editable_in_cart":false,"composite_sold_individually_context":"","composite_shop_price_calc":"","composite_components":[],"composite_scenarios":[],"acf":[],"_links":{"self":[{"href":"https:\/\/adequat.eu\/fr-be\/wp-json\/wp\/v2\/product\/15317","targetHints":{"allow":["GET"]}}],"collection":[{"href":"https:\/\/adequat.eu\/fr-be\/wp-json\/wp\/v2\/product"}],"about":[{"href":"https:\/\/adequat.eu\/fr-be\/wp-json\/wp\/v2\/types\/product"}],"replies":[{"embeddable":true,"href":"https:\/\/adequat.eu\/fr-be\/wp-json\/wp\/v2\/comments?post=15317"}],"wp:featuredmedia":[{"embeddable":true,"href":"https:\/\/adequat.eu\/fr-be\/wp-json\/wp\/v2\/media\/15379"}],"wp:attachment":[{"href":"https:\/\/adequat.eu\/fr-be\/wp-json\/wp\/v2\/media?parent=15317"}],"wp:term":[{"taxonomy":"product_brand","embeddable":true,"href":"https:\/\/adequat.eu\/fr-be\/wp-json\/wp\/v2\/product_brand?post=15317"},{"taxonomy":"product_cat","embeddable":true,"href":"https:\/\/adequat.eu\/fr-be\/wp-json\/wp\/v2\/product_cat?post=15317"},{"taxonomy":"product_tag","embeddable":true,"href":"https:\/\/adequat.eu\/fr-be\/wp-json\/wp\/v2\/product_tag?post=15317"}],"curies":[{"name":"wp","href":"https:\/\/api.w.org\/{rel}","templated":true}]}}