{"id":15420,"date":"2025-03-12T13:58:38","date_gmt":"2025-03-12T12:58:38","guid":{"rendered":"https:\/\/adequat.eu\/fr-be\/?post_type=product&#038;p=15420"},"modified":"2026-03-31T23:43:22","modified_gmt":"2026-03-31T21:43:22","slug":"hoekpost-kastanje-2-niveau-vierkant","status":"publish","type":"product","link":"https:\/\/adequat.eu\/fr-be\/product\/clotures\/post-et-rail\/piquet-dangle-en-chataignier-2-niveaux-carre\/","title":{"rendered":"Piquet d&rsquo;angle en ch\u00e2taignier 2 niveaux &#8211; carr\u00e9"},"content":{"rendered":"<h2 data-start=\"106\" data-end=\"159\">Piquet d&rsquo;angle en ch\u00e2taignier 2 niveaux &#8211; carr\u00e9<\/h2>\n<p data-start=\"161\" data-end=\"446\">Le piquet d&rsquo;angle en ch\u00e2taignier 2 niveaux &#8211; carr\u00e9 est un poteau d&rsquo;angle en ch\u00e2taignier d&rsquo;une longueur d&rsquo;environ 200 cm. Lors de l&rsquo;installation, 80 cm sont enterr\u00e9s, laissant une hauteur effective de 120 cm. Naturellement durable, le bois de ch\u00e2taignier ne n\u00e9cessite aucun entretien.<\/p>\n<p data-start=\"448\" data-end=\"595\">Ce piquet fait partie de notre gamme de cl\u00f4tures <strong data-start=\"497\" data-end=\"512\">Post &amp; Rail<\/strong>, souvent utilis\u00e9es pour d\u00e9limiter les pr\u00e9s et p\u00e2turages accueillant des chevaux.<\/p>\n<p data-start=\"597\" data-end=\"706\"><strong data-start=\"597\" data-end=\"627\">Pour d\u00e9courvir comment installer<\/strong> votre Post &amp; Rail <a href=\"https:\/\/adequat.eu\/fr-be\/videos-dinstallation\/post-rail-videos-dinstallation\/installation-post-rail\/\">cliquer ici<\/a>.<\/p>\n<p data-start=\"708\" data-end=\"822\">Besoin d&rsquo;aide pour estimer le nombre de piquets n\u00e9cessaires ? Utilisez notre assistant produit pour vous aider \u00e0 <a href=\"https:\/\/adequat.eu\/fr-be\/assemblez-votre-cloture\/\">assembler votre cl\u00f4ture<\/a>. Ceci sans engagement.<\/p>\n<p>&nbsp;<\/p>\n","protected":false},"excerpt":{"rendered":"<p>Piquet d&rsquo;angle en ch\u00e2taignier 2 niveaux &#8211; carr\u00e9 Le piquet d&rsquo;angle en ch\u00e2taignier 2 niveaux &#8211; carr\u00e9 est un poteau d&rsquo;angle en ch\u00e2taignier d&rsquo;une longueur&#8230;<\/p>\n","protected":false},"featured_media":15478,"comment_status":"closed","ping_status":"closed","template":"","meta":{"_acf_changed":false,"inline_featured_image":false,"_trash_the_other_posts":false,"ep_exclude_from_search":false,"iawp_total_views":31,"editor_notices":[]},"product_brand":[],"product_cat":[85,568,555,78,554,560],"product_tag":[],"class_list":{"0":"post-15420","1":"product","2":"type-product","3":"status-publish","4":"has-post-thumbnail","6":"product_cat-post-et-rail","7":"product_cat-cloture-post-et-rail-chataignier","8":"product_cat-cloture-pour-alpagas","9":"product_cat-clotures","10":"product_cat-clotures-pour-animaux","11":"product_cat-clotures-pour-chevaux","13":"first","14":"instock","15":"shipping-taxable","16":"purchasable","17":"product-type-simple"},"composite_virtual":false,"composite_layout":"","composite_add_to_cart_form_location":"","composite_editable_in_cart":false,"composite_sold_individually_context":"","composite_shop_price_calc":"","composite_components":[],"composite_scenarios":[],"acf":[],"_links":{"self":[{"href":"https:\/\/adequat.eu\/fr-be\/wp-json\/wp\/v2\/product\/15420","targetHints":{"allow":["GET"]}}],"collection":[{"href":"https:\/\/adequat.eu\/fr-be\/wp-json\/wp\/v2\/product"}],"about":[{"href":"https:\/\/adequat.eu\/fr-be\/wp-json\/wp\/v2\/types\/product"}],"replies":[{"embeddable":true,"href":"https:\/\/adequat.eu\/fr-be\/wp-json\/wp\/v2\/comments?post=15420"}],"wp:featuredmedia":[{"embeddable":true,"href":"https:\/\/adequat.eu\/fr-be\/wp-json\/wp\/v2\/media\/15478"}],"wp:attachment":[{"href":"https:\/\/adequat.eu\/fr-be\/wp-json\/wp\/v2\/media?parent=15420"}],"wp:term":[{"taxonomy":"product_brand","embeddable":true,"href":"https:\/\/adequat.eu\/fr-be\/wp-json\/wp\/v2\/product_brand?post=15420"},{"taxonomy":"product_cat","embeddable":true,"href":"https:\/\/adequat.eu\/fr-be\/wp-json\/wp\/v2\/product_cat?post=15420"},{"taxonomy":"product_tag","embeddable":true,"href":"https:\/\/adequat.eu\/fr-be\/wp-json\/wp\/v2\/product_tag?post=15420"}],"curies":[{"name":"wp","href":"https:\/\/api.w.org\/{rel}","templated":true}]}}