{"id":15423,"date":"2025-03-12T12:52:03","date_gmt":"2025-03-12T11:52:03","guid":{"rendered":"https:\/\/adequat.eu\/fr-be\/?post_type=product&#038;p=15423"},"modified":"2026-03-31T23:12:38","modified_gmt":"2026-03-31T21:12:38","slug":"eindpost-kastanje-3-niveau-vierkant","status":"publish","type":"product","link":"https:\/\/adequat.eu\/fr-be\/product\/clotures\/post-et-rail\/piquet-dextremite-en-chataignier-3-niveaux-carre\/","title":{"rendered":"Piquet d&rsquo;extr\u00e9mit\u00e9 en ch\u00e2taignier 3 niveaux &#8211; carr\u00e9"},"content":{"rendered":"<h3 data-start=\"53\" data-end=\"123\">Piquet d&rsquo;extr\u00e9mit\u00e9 en ch\u00e2taignier 3 niveaux &#8211; carr\u00e9 (16 x 16 cm)<\/h3>\n<p data-start=\"125\" data-end=\"405\">Le piquet d&rsquo;extr\u00e9mit\u00e9 en ch\u00e2taignier 3 niveaux &#8211; carr\u00e9 est un piquet carr\u00e9 en ch\u00e2taignier d\u2019environ 200 cm de long. Lors de l\u2019installation, 80 cm sont enterr\u00e9s, laissant une hauteur effective de 120 cm. Naturellement durable, le bois de ch\u00e2taignier ne n\u00e9cessite aucun entretien.<\/p>\n<p data-start=\"407\" data-end=\"666\">Ce piquet fait partie de notre gamme de cl\u00f4tures <strong data-start=\"456\" data-end=\"471\">Post &amp; Rail<\/strong>, couramment utilis\u00e9es pour d\u00e9limiter des pr\u00e9s et p\u00e2turages accueillant des chevaux. Il permet d\u2019apporter une finition soign\u00e9e en cl\u00f4turant \u00e9l\u00e9gamment l\u2019extr\u00e9mit\u00e9 d\u2019une cl\u00f4ture <strong data-start=\"648\" data-end=\"663\">Post &amp; Rail<\/strong>.<\/p>\n<p data-start=\"668\" data-end=\"911\">Besoin d\u2019aide pour calculer le nombre de piquets n\u00e9cessaires ? Utilisez sans engagement notre <a href=\"https:\/\/adequat.eu\/fr-be\/assemblez-votre-cloture\/\"><strong data-start=\"762\" data-end=\"786\">calculateur pratique<\/strong><\/a>, qui vous fournira une estimation pr\u00e9cise adapt\u00e9e \u00e0 votre projet.<\/p>\n","protected":false},"excerpt":{"rendered":"<p>Piquet d&rsquo;extr\u00e9mit\u00e9 en ch\u00e2taignier 3 niveaux &#8211; carr\u00e9 (16 x 16 cm) Le piquet d&rsquo;extr\u00e9mit\u00e9 en ch\u00e2taignier 3 niveaux &#8211; carr\u00e9 est un piquet carr\u00e9&#8230;<\/p>\n","protected":false},"featured_media":15481,"comment_status":"closed","ping_status":"closed","template":"","meta":{"_acf_changed":false,"inline_featured_image":false,"_trash_the_other_posts":false,"ep_exclude_from_search":false,"iawp_total_views":14,"editor_notices":[]},"product_brand":[],"product_cat":[85,568,555,78,554,560],"product_tag":[],"class_list":{"0":"post-15423","1":"product","2":"type-product","3":"status-publish","4":"has-post-thumbnail","6":"product_cat-post-et-rail","7":"product_cat-cloture-post-et-rail-chataignier","8":"product_cat-cloture-pour-alpagas","9":"product_cat-clotures","10":"product_cat-clotures-pour-animaux","11":"product_cat-clotures-pour-chevaux","13":"first","14":"instock","15":"shipping-taxable","16":"purchasable","17":"product-type-simple"},"composite_virtual":false,"composite_layout":"","composite_add_to_cart_form_location":"","composite_editable_in_cart":false,"composite_sold_individually_context":"","composite_shop_price_calc":"","composite_components":[],"composite_scenarios":[],"acf":[],"_links":{"self":[{"href":"https:\/\/adequat.eu\/fr-be\/wp-json\/wp\/v2\/product\/15423","targetHints":{"allow":["GET"]}}],"collection":[{"href":"https:\/\/adequat.eu\/fr-be\/wp-json\/wp\/v2\/product"}],"about":[{"href":"https:\/\/adequat.eu\/fr-be\/wp-json\/wp\/v2\/types\/product"}],"replies":[{"embeddable":true,"href":"https:\/\/adequat.eu\/fr-be\/wp-json\/wp\/v2\/comments?post=15423"}],"wp:featuredmedia":[{"embeddable":true,"href":"https:\/\/adequat.eu\/fr-be\/wp-json\/wp\/v2\/media\/15481"}],"wp:attachment":[{"href":"https:\/\/adequat.eu\/fr-be\/wp-json\/wp\/v2\/media?parent=15423"}],"wp:term":[{"taxonomy":"product_brand","embeddable":true,"href":"https:\/\/adequat.eu\/fr-be\/wp-json\/wp\/v2\/product_brand?post=15423"},{"taxonomy":"product_cat","embeddable":true,"href":"https:\/\/adequat.eu\/fr-be\/wp-json\/wp\/v2\/product_cat?post=15423"},{"taxonomy":"product_tag","embeddable":true,"href":"https:\/\/adequat.eu\/fr-be\/wp-json\/wp\/v2\/product_tag?post=15423"}],"curies":[{"name":"wp","href":"https:\/\/api.w.org\/{rel}","templated":true}]}}