{"id":15425,"date":"2025-03-12T13:19:06","date_gmt":"2025-03-12T12:19:06","guid":{"rendered":"https:\/\/adequat.eu\/fr-be\/?post_type=product&#038;p=15425"},"modified":"2026-03-31T18:13:45","modified_gmt":"2026-03-31T16:13:45","slug":"eindpost-robinia-3-niveau-rond","status":"publish","type":"product","link":"https:\/\/adequat.eu\/fr-be\/product\/clotures\/post-et-rail\/piquet-dextremite-en-robinier-3-niveaux-rond\/","title":{"rendered":"Piquet d&rsquo;extr\u00e9mit\u00e9 en robinier 3 niveaux &#8211; rond"},"content":{"rendered":"<h3 data-start=\"51\" data-end=\"104\">Piquet d&rsquo;extr\u00e9mit\u00e9 en robinier 3 niveaux &#8211; rond<\/h3>\n<p data-start=\"106\" data-end=\"369\">Le piquet d&rsquo;extr\u00e9mit\u00e9 en robinier 3 niveaux &#8211; rond est un piquet rond en robinier d\u2019une longueur d\u2019environ 200 cm. Lors de l\u2019installation, 80 cm sont enterr\u00e9s, ce qui donne une hauteur effective de 120 cm. Tr\u00e8s durable, le robinier ne n\u00e9cessite aucun entretien.<\/p>\n<p data-start=\"371\" data-end=\"751\">Ce piquet fait partie de notre gamme de cl\u00f4tures <strong data-start=\"420\" data-end=\"435\">Post &amp; Rail<\/strong>. Il permet d\u2019arrondir agr\u00e9ablement une cl\u00f4ture, par exemple si vous souhaitez la prolonger jusqu\u2019\u00e0 un mur. Les trous sont semi-perc\u00e9s et l\u2019extr\u00e9mit\u00e9 des poutres est soigneusement dissimul\u00e9e dans le montant, assurant une finition nette et soign\u00e9e. Ce type de cl\u00f4ture est couramment utilis\u00e9 pour d\u00e9limiter des pr\u00e9s.<\/p>\n<p data-start=\"753\" data-end=\"1184\">Ce piquet est \u00e9galement disponible en <strong data-start=\"791\" data-end=\"823\">ch\u00e2taignier 2 niveaux &#8211; rond<\/strong>. Bien que le robinier soit un peu plus durable que le ch\u00e2taignier, il pr\u00e9sente une forme plus irr\u00e9guli\u00e8re. De plus, l\u2019\u00e9corce du robinier peut \u00eatre dangereuse pour les chevaux. Les avis sont partag\u00e9s \u00e0 ce sujet, mais si vous pr\u00e9voyez de maintenir des chevaux derri\u00e8re une cl\u00f4ture <strong data-start=\"1103\" data-end=\"1118\">Post &amp; Rail<\/strong>, nous vous recommandons vivement de choisir le <strong data-start=\"1166\" data-end=\"1181\">ch\u00e2taignier<\/strong>.<\/p>\n<p data-start=\"1186\" data-end=\"1426\">Besoin d\u2019aide pour calculer le nombre de poteaux n\u00e9cessaires ? Remplissez sans engagement notre <a href=\"https:\/\/adequat.eu\/fr-be\/assemblez-votre-cloture\/\"><strong data-start=\"1282\" data-end=\"1306\">calculateur pratique<\/strong><\/a>, qui vous permettra d\u2019obtenir une estimation pr\u00e9cise en fonction de votre situation, ou demandez un devis personnalis\u00e9.<\/p>\n","protected":false},"excerpt":{"rendered":"<p>Piquet d&rsquo;extr\u00e9mit\u00e9 en robinier 3 niveaux &#8211; rond Le piquet d&rsquo;extr\u00e9mit\u00e9 en robinier 3 niveaux &#8211; rond est un piquet rond en robinier d\u2019une longueur&#8230;<\/p>\n","protected":false},"featured_media":15486,"comment_status":"closed","ping_status":"closed","template":"","meta":{"_acf_changed":false,"inline_featured_image":false,"_trash_the_other_posts":false,"ep_exclude_from_search":false,"iawp_total_views":7,"editor_notices":[]},"product_brand":[],"product_cat":[85,567,78,554],"product_tag":[],"class_list":{"0":"post-15425","1":"product","2":"type-product","3":"status-publish","4":"has-post-thumbnail","6":"product_cat-post-et-rail","7":"product_cat-cloture-post-et-rail-robinier","8":"product_cat-clotures","9":"product_cat-clotures-pour-animaux","11":"first","12":"instock","13":"shipping-taxable","14":"purchasable","15":"product-type-simple"},"composite_virtual":false,"composite_layout":"","composite_add_to_cart_form_location":"","composite_editable_in_cart":false,"composite_sold_individually_context":"","composite_shop_price_calc":"","composite_components":[],"composite_scenarios":[],"acf":[],"_links":{"self":[{"href":"https:\/\/adequat.eu\/fr-be\/wp-json\/wp\/v2\/product\/15425","targetHints":{"allow":["GET"]}}],"collection":[{"href":"https:\/\/adequat.eu\/fr-be\/wp-json\/wp\/v2\/product"}],"about":[{"href":"https:\/\/adequat.eu\/fr-be\/wp-json\/wp\/v2\/types\/product"}],"replies":[{"embeddable":true,"href":"https:\/\/adequat.eu\/fr-be\/wp-json\/wp\/v2\/comments?post=15425"}],"wp:featuredmedia":[{"embeddable":true,"href":"https:\/\/adequat.eu\/fr-be\/wp-json\/wp\/v2\/media\/15486"}],"wp:attachment":[{"href":"https:\/\/adequat.eu\/fr-be\/wp-json\/wp\/v2\/media?parent=15425"}],"wp:term":[{"taxonomy":"product_brand","embeddable":true,"href":"https:\/\/adequat.eu\/fr-be\/wp-json\/wp\/v2\/product_brand?post=15425"},{"taxonomy":"product_cat","embeddable":true,"href":"https:\/\/adequat.eu\/fr-be\/wp-json\/wp\/v2\/product_cat?post=15425"},{"taxonomy":"product_tag","embeddable":true,"href":"https:\/\/adequat.eu\/fr-be\/wp-json\/wp\/v2\/product_tag?post=15425"}],"curies":[{"name":"wp","href":"https:\/\/api.w.org\/{rel}","templated":true}]}}