{"id":15426,"date":"2025-03-12T13:55:08","date_gmt":"2025-03-12T12:55:08","guid":{"rendered":"https:\/\/adequat.eu\/fr-be\/?post_type=product&#038;p=15426"},"modified":"2026-03-31T23:01:47","modified_gmt":"2026-03-31T21:01:47","slug":"post-kastanje-3-niveau-vierkant","status":"publish","type":"product","link":"https:\/\/adequat.eu\/fr-be\/product\/clotures\/post-et-rail\/piquet-en-chataignier-3-niveaux-carre\/","title":{"rendered":"Piquet en ch\u00e2taignier 3 niveaux &#8211; carr\u00e9"},"content":{"rendered":"<h2 data-start=\"51\" data-end=\"94\">Piquet en ch\u00e2taignier 3 niveaux &#8211; carr\u00e9<\/h2>\n<p data-start=\"96\" data-end=\"393\">Le piquet en ch\u00e2taignier 3 niveaux &#8211; carr\u00e9 est un piquet carr\u00e9 en ch\u00e2taignier (16 x 16 cm) d\u2019une longueur d\u2019environ 200 cm. Lors de l\u2019installation, 80 cm sont enterr\u00e9s, ce qui donne une hauteur effective de 120 cm. Le ch\u00e2taignier est un bois naturellement durable qui ne n\u00e9cessite aucun entretien.<\/p>\n<p data-start=\"395\" data-end=\"527\">Ce piquet fait partie de notre gamme de cl\u00f4tures <strong data-start=\"444\" data-end=\"459\">Post &amp; Rail<\/strong>, couramment utilis\u00e9es pour d\u00e9limiter les prairies et les p\u00e2turages pour chevaux.<\/p>\n<p data-start=\"574\" data-end=\"825\">Si vous souhaitez calculer le nombre de piquets n\u00e9cessaires, remplissez sans engagement notre <a href=\"https:\/\/adequat.eu\/fr-be\/assemblez-votre-cloture\/\"><strong data-start=\"668\" data-end=\"692\">calculateur pratique<\/strong><\/a>. Il vous fournira une estimation pr\u00e9cise en fonction de votre situation.<\/p>\n","protected":false},"excerpt":{"rendered":"<p>Piquet en ch\u00e2taignier 3 niveaux &#8211; carr\u00e9 Le piquet en ch\u00e2taignier 3 niveaux &#8211; carr\u00e9 est un piquet carr\u00e9 en ch\u00e2taignier (16 x 16 cm)&#8230;<\/p>\n","protected":false},"featured_media":15488,"comment_status":"closed","ping_status":"closed","template":"","meta":{"_acf_changed":false,"inline_featured_image":false,"_trash_the_other_posts":false,"ep_exclude_from_search":false,"iawp_total_views":9,"editor_notices":[]},"product_brand":[],"product_cat":[85,568,555,78,554,560],"product_tag":[],"class_list":{"0":"post-15426","1":"product","2":"type-product","3":"status-publish","4":"has-post-thumbnail","6":"product_cat-post-et-rail","7":"product_cat-cloture-post-et-rail-chataignier","8":"product_cat-cloture-pour-alpagas","9":"product_cat-clotures","10":"product_cat-clotures-pour-animaux","11":"product_cat-clotures-pour-chevaux","13":"first","14":"instock","15":"shipping-taxable","16":"purchasable","17":"product-type-simple"},"composite_virtual":false,"composite_layout":"","composite_add_to_cart_form_location":"","composite_editable_in_cart":false,"composite_sold_individually_context":"","composite_shop_price_calc":"","composite_components":[],"composite_scenarios":[],"acf":[],"_links":{"self":[{"href":"https:\/\/adequat.eu\/fr-be\/wp-json\/wp\/v2\/product\/15426","targetHints":{"allow":["GET"]}}],"collection":[{"href":"https:\/\/adequat.eu\/fr-be\/wp-json\/wp\/v2\/product"}],"about":[{"href":"https:\/\/adequat.eu\/fr-be\/wp-json\/wp\/v2\/types\/product"}],"replies":[{"embeddable":true,"href":"https:\/\/adequat.eu\/fr-be\/wp-json\/wp\/v2\/comments?post=15426"}],"wp:featuredmedia":[{"embeddable":true,"href":"https:\/\/adequat.eu\/fr-be\/wp-json\/wp\/v2\/media\/15488"}],"wp:attachment":[{"href":"https:\/\/adequat.eu\/fr-be\/wp-json\/wp\/v2\/media?parent=15426"}],"wp:term":[{"taxonomy":"product_brand","embeddable":true,"href":"https:\/\/adequat.eu\/fr-be\/wp-json\/wp\/v2\/product_brand?post=15426"},{"taxonomy":"product_cat","embeddable":true,"href":"https:\/\/adequat.eu\/fr-be\/wp-json\/wp\/v2\/product_cat?post=15426"},{"taxonomy":"product_tag","embeddable":true,"href":"https:\/\/adequat.eu\/fr-be\/wp-json\/wp\/v2\/product_tag?post=15426"}],"curies":[{"name":"wp","href":"https:\/\/api.w.org\/{rel}","templated":true}]}}