{"id":15439,"date":"2025-03-12T14:01:21","date_gmt":"2025-03-12T13:01:21","guid":{"rendered":"https:\/\/adequat.eu\/fr-be\/?post_type=product&#038;p=15439"},"modified":"2026-03-31T23:07:35","modified_gmt":"2026-03-31T21:07:35","slug":"kastanjehouten-rail-vierkant","status":"publish","type":"product","link":"https:\/\/adequat.eu\/fr-be\/product\/clotures\/post-et-rail\/rail-en-chataignier-carre\/","title":{"rendered":"Rail en ch\u00e2taignier carr\u00e9"},"content":{"rendered":"<h2 data-start=\"51\" data-end=\"89\">Rail en ch\u00e2taignier carr\u00e9 (7&#215;7 cm)<\/h2>\n<p data-start=\"91\" data-end=\"274\">Le rail carr\u00e9 en ch\u00e2taignier, \u00e9galement appel\u00e9 dormeur ou traverse, est une poutre carr\u00e9e qui mesure 7&#215;7 cm ayant une longueur d\u2019environ 250 cm et \u00e9tant sci\u00e9 de mani\u00e8re rustique.<\/p>\n<p data-start=\"276\" data-end=\"499\">Ce rail fait partie de notre gamme de cl\u00f4tures champ\u00eatres <strong data-start=\"331\" data-end=\"346\">Post &amp; Rail<\/strong>, et son sciage rustique lui conf\u00e8re un aspect authentique et naturel. Ces cl\u00f4tures robustes sont id\u00e9ales pour d\u00e9limiter des p\u00e2turages et des prairies.<\/p>\n<p>Sur notre site, vous trouverez un <a href=\"https:\/\/adequat.eu\/fr-be\/assemblez-votre-cloture\/\">outil de calcul<\/a> pratique\u00a0qui vous permet de calculer pr\u00e9cis\u00e9ment le nombre de traverses n\u00e9cessaires pour votre projet.<\/p>\n<p>&nbsp;<\/p>\n<p data-start=\"501\" data-end=\"674\">\n","protected":false},"excerpt":{"rendered":"<p>Rail en ch\u00e2taignier carr\u00e9 (7&#215;7 cm) Le rail carr\u00e9 en ch\u00e2taignier, \u00e9galement appel\u00e9 dormeur ou traverse, est une poutre carr\u00e9e qui mesure 7&#215;7 cm ayant&#8230;<\/p>\n","protected":false},"featured_media":15508,"comment_status":"closed","ping_status":"closed","template":"","meta":{"_acf_changed":false,"inline_featured_image":false,"_trash_the_other_posts":false,"ep_exclude_from_search":false,"iawp_total_views":9,"editor_notices":[]},"product_brand":[],"product_cat":[85,568,555,78,554,560],"product_tag":[],"class_list":{"0":"post-15439","1":"product","2":"type-product","3":"status-publish","4":"has-post-thumbnail","6":"product_cat-post-et-rail","7":"product_cat-cloture-post-et-rail-chataignier","8":"product_cat-cloture-pour-alpagas","9":"product_cat-clotures","10":"product_cat-clotures-pour-animaux","11":"product_cat-clotures-pour-chevaux","13":"first","14":"instock","15":"shipping-taxable","16":"purchasable","17":"product-type-simple"},"composite_virtual":false,"composite_layout":"","composite_add_to_cart_form_location":"","composite_editable_in_cart":false,"composite_sold_individually_context":"","composite_shop_price_calc":"","composite_components":[],"composite_scenarios":[],"acf":[],"_links":{"self":[{"href":"https:\/\/adequat.eu\/fr-be\/wp-json\/wp\/v2\/product\/15439","targetHints":{"allow":["GET"]}}],"collection":[{"href":"https:\/\/adequat.eu\/fr-be\/wp-json\/wp\/v2\/product"}],"about":[{"href":"https:\/\/adequat.eu\/fr-be\/wp-json\/wp\/v2\/types\/product"}],"replies":[{"embeddable":true,"href":"https:\/\/adequat.eu\/fr-be\/wp-json\/wp\/v2\/comments?post=15439"}],"wp:featuredmedia":[{"embeddable":true,"href":"https:\/\/adequat.eu\/fr-be\/wp-json\/wp\/v2\/media\/15508"}],"wp:attachment":[{"href":"https:\/\/adequat.eu\/fr-be\/wp-json\/wp\/v2\/media?parent=15439"}],"wp:term":[{"taxonomy":"product_brand","embeddable":true,"href":"https:\/\/adequat.eu\/fr-be\/wp-json\/wp\/v2\/product_brand?post=15439"},{"taxonomy":"product_cat","embeddable":true,"href":"https:\/\/adequat.eu\/fr-be\/wp-json\/wp\/v2\/product_cat?post=15439"},{"taxonomy":"product_tag","embeddable":true,"href":"https:\/\/adequat.eu\/fr-be\/wp-json\/wp\/v2\/product_tag?post=15439"}],"curies":[{"name":"wp","href":"https:\/\/api.w.org\/{rel}","templated":true}]}}