{"id":15442,"date":"2025-03-12T14:04:43","date_gmt":"2025-03-12T13:04:43","guid":{"rendered":"https:\/\/adequat.eu\/fr-be\/?post_type=product&#038;p=15442"},"modified":"2026-02-26T15:05:45","modified_gmt":"2026-02-26T14:05:45","slug":"houten-lantaarnpaal-victor","status":"publish","type":"product","link":"https:\/\/adequat.eu\/fr-be\/product\/eclairage\/lampadaire-rustique-en-bois-victor\/","title":{"rendered":"Lampadaire rustique en bois &#8211; Victor"},"content":{"rendered":"<h2 data-start=\"53\" data-end=\"100\">Lampadaire rustique en bois de ch\u00e2taignier &#8211; Victor<\/h2>\n<p data-start=\"82\" data-end=\"534\">Cr\u00e9ez une ambiance chaleureuse et accueillante dans votre jardin ou tout autre espace ext\u00e9rieur avec notre lampadaire Victor. Apportez charme et \u00e9l\u00e9gance \u00e0 votre environnement ou illuminez joliment votre all\u00e9e avec ce lampadaire en bois de ch\u00e2taignier. Con\u00e7u avec soin et une attention m\u00e9ticuleuse aux d\u00e9tails, ce luminaire classique allie la beaut\u00e9 naturelle du bois \u00e0 la lumi\u00e8re douce et chaleureuse d\u2019une lanterne, pour une atmosph\u00e8re conviviale.<\/p>\n<p data-start=\"536\" data-end=\"871\">Nos lampadaires en ch\u00e2taignier sont \u00e9galement parfaits pour l&rsquo;entr\u00e9e d\u2019un camping, d\u2019un parc de vacances, pour \u00e9clairer une all\u00e9e, un parking, ou encore le long de pistes cyclables et de sentiers de randonn\u00e9e. En plus de ces mod\u00e8les imposants, nous proposons aussi une gamme <a href=\"https:\/\/adequat.eu\/fr-be\/products\/eclairage\/\">luminaires de jardin<\/a>.<\/p>\n<h2 data-start=\"873\" data-end=\"932\">Caract\u00e9ristiques<\/h2>\n<ul data-start=\"934\" data-end=\"2302\">\n<li data-start=\"934\" data-end=\"1171\"><strong data-start=\"936\" data-end=\"981\">Fabriqu\u00e9 en bois de ch\u00e2taignier durable :<\/strong> ce lampadaire est con\u00e7u en bois de ch\u00e2taignier de haute qualit\u00e9, garantissant sa durabilit\u00e9 et sa long\u00e9vit\u00e9. Sa finition rustique apporte une touche d&rsquo;\u00e9l\u00e9gance vintage \u00e0 tout environnement.<\/li>\n<li data-start=\"1172\" data-end=\"1254\"><strong data-start=\"1174\" data-end=\"1188\">Longueur :<\/strong> le poteau mesure 300 cm, avec la possibilit\u00e9 de personnalisation.<\/li>\n<li data-start=\"1255\" data-end=\"1326\"><strong data-start=\"1257\" data-end=\"1272\">\u00c9paisseur :<\/strong> le poteau a une \u00e9paisseur comprise entre 16 et 20 cm.<\/li>\n<li data-start=\"1327\" data-end=\"1466\"><strong data-start=\"1329\" data-end=\"1371\">Lumi\u00e8re chaleureuse et atmosph\u00e9rique :<\/strong> le lampadaire est \u00e9quip\u00e9 d&rsquo;une bande LED de 60 cm de long, \u00e9mettant une lumi\u00e8re blanche douce.<\/li>\n<li data-start=\"1467\" data-end=\"1537\"><strong data-start=\"1469\" data-end=\"1481\">Driver :<\/strong> Driver LED IP67, 230V AC, sortie 24V DC (non dimmable).<\/li>\n<li data-start=\"1538\" data-end=\"1820\"><strong data-start=\"1540\" data-end=\"1558\">Installation :<\/strong> le lampadaire est fix\u00e9 sur un ancrage au sol galvanis\u00e9, qui doit \u00eatre coul\u00e9 dans le b\u00e9ton pr\u00e9alablement. Cela permet d&rsquo;\u00e9viter tout contact direct avec le sol, prot\u00e9geant ainsi la partie la plus vuln\u00e9rable du poteau, celle qui est la plus susceptible de pourrir.<\/li>\n<li data-start=\"1821\" data-end=\"2081\"><strong data-start=\"1823\" data-end=\"1855\">R\u00e9sistance aux intemp\u00e9ries :<\/strong> con\u00e7u pour r\u00e9sister aux conditions ext\u00e9rieures difficiles, ce lampadaire est fabriqu\u00e9 en bois de ch\u00e2taignier de classe de durabilit\u00e9 2, ce qui lui permet de conserver son int\u00e9grit\u00e9 et son aspect esth\u00e9tique, m\u00eame en plein air.<\/li>\n<li data-start=\"2082\" data-end=\"2302\"><strong data-start=\"2084\" data-end=\"2107\">Design intemporel :<\/strong> ce lampadaire pr\u00e9sente une structure \u00e9l\u00e9gante et robuste qui s&rsquo;int\u00e8gre parfaitement \u00e0 tous les types d&rsquo;environnements ext\u00e9rieurs, que ce soit pour un chalet rustique ou une maison contemporaine.<\/li>\n<\/ul>\n","protected":false},"excerpt":{"rendered":"<p>Lampadaire rustique en bois de ch\u00e2taignier &#8211; Victor Cr\u00e9ez une ambiance chaleureuse et accueillante dans votre jardin ou tout autre espace ext\u00e9rieur avec notre lampadaire&#8230;<\/p>\n","protected":false},"featured_media":15497,"comment_status":"closed","ping_status":"closed","template":"","meta":{"_acf_changed":false,"inline_featured_image":false,"_trash_the_other_posts":false,"ep_exclude_from_search":false,"iawp_total_views":14,"editor_notices":[]},"product_brand":[],"product_cat":[358,519],"product_tag":[],"class_list":{"0":"post-15442","1":"product","2":"type-product","3":"status-publish","4":"has-post-thumbnail","6":"product_cat-eclairage","7":"product_cat-lampadaires","9":"first","10":"instock","11":"shipping-taxable","12":"purchasable","13":"product-type-simple"},"composite_virtual":false,"composite_layout":"","composite_add_to_cart_form_location":"","composite_editable_in_cart":false,"composite_sold_individually_context":"","composite_shop_price_calc":"","composite_components":[],"composite_scenarios":[],"acf":[],"_links":{"self":[{"href":"https:\/\/adequat.eu\/fr-be\/wp-json\/wp\/v2\/product\/15442","targetHints":{"allow":["GET"]}}],"collection":[{"href":"https:\/\/adequat.eu\/fr-be\/wp-json\/wp\/v2\/product"}],"about":[{"href":"https:\/\/adequat.eu\/fr-be\/wp-json\/wp\/v2\/types\/product"}],"replies":[{"embeddable":true,"href":"https:\/\/adequat.eu\/fr-be\/wp-json\/wp\/v2\/comments?post=15442"}],"wp:featuredmedia":[{"embeddable":true,"href":"https:\/\/adequat.eu\/fr-be\/wp-json\/wp\/v2\/media\/15497"}],"wp:attachment":[{"href":"https:\/\/adequat.eu\/fr-be\/wp-json\/wp\/v2\/media?parent=15442"}],"wp:term":[{"taxonomy":"product_brand","embeddable":true,"href":"https:\/\/adequat.eu\/fr-be\/wp-json\/wp\/v2\/product_brand?post=15442"},{"taxonomy":"product_cat","embeddable":true,"href":"https:\/\/adequat.eu\/fr-be\/wp-json\/wp\/v2\/product_cat?post=15442"},{"taxonomy":"product_tag","embeddable":true,"href":"https:\/\/adequat.eu\/fr-be\/wp-json\/wp\/v2\/product_tag?post=15442"}],"curies":[{"name":"wp","href":"https:\/\/api.w.org\/{rel}","templated":true}]}}