{"id":15695,"date":"2026-03-31T19:01:03","date_gmt":"2026-03-31T17:01:03","guid":{"rendered":"https:\/\/adequat.eu\/fr-be\/?post_type=product&#038;p=15695"},"modified":"2026-04-02T09:48:34","modified_gmt":"2026-04-02T07:48:34","slug":"t-post-kastanje-1-niveau","status":"publish","type":"product","link":"https:\/\/adequat.eu\/fr-be\/product\/clotures\/post-et-rail\/piquet-t-en-chataignier-1-niveau-rond\/","title":{"rendered":"Piquet T en ch\u00e2taignier 1 niveau rond"},"content":{"rendered":"<p>Le <strong>piquet T en ch\u00e2taignier 1 niveau rond<\/strong> est un piquet rond en bois de ch\u00e2taignier d&rsquo;une longueur d&rsquo;environ 120 centim\u00e8tres. Lors de la pose, 40 \u00e0 50 centim\u00e8tres sont enfonc\u00e9s dans le sol, ce qui donne une longueur utile de soixante-dix ou quatre-vingts centim\u00e8tres. Ce <strong>piquet T en ch\u00e2taignier 1 niveau rond<\/strong> vous permet de r\u00e9aliser une bifurcation sur une ligne droite de votre cl\u00f4ture Post &amp; Rail, par exemple si vous souhaitez cr\u00e9er des trav\u00e9es suppl\u00e9mentaires.<\/p>\n<p>Le bois de ch\u00e2taignier est une essence durable et ne n\u00e9cessite aucun entretien. Le piquet en ch\u00e2taignier fait partie de notre syst\u00e8me de cl\u00f4ture Post &amp; Rail. Ce type de piquet est fr\u00e9quemment utilis\u00e9 comme d\u00e9limitation de massifs, par exemple pour indiquer des zones pi\u00e9tonnes ou comme support de stationnement pour v\u00e9los. Ces piquets sont \u00e9galement disponibles en robinier si souhait\u00e9.<\/p>\n<h2>De combien de piquets T ai-je besoin ?<\/h2>\n<p>Si vous souhaitez calculer le nombre de piquets n\u00e9cessaires, remplissez sans engagement notre pratique <a href=\"https:\/\/adequat.eu\/fr-be\/assemblez-votre-cloture\/post-rail\/\"><strong>outil de calcul<\/strong><\/a>. Celui-ci calcule pr\u00e9cis\u00e9ment ce dont vous avez besoin dans votre situation, ou demandez un <a href=\"https:\/\/adequat.eu\/fr-be\/service-et-contact\/\"><strong>devis<\/strong><\/a>.<\/p>\n","protected":false},"excerpt":{"rendered":"<p>Le piquet T en ch\u00e2taignier 1 niveau rond est un piquet rond en bois de ch\u00e2taignier d&rsquo;une longueur d&rsquo;environ 120 centim\u00e8tres. Lors de la pose,&#8230;<\/p>\n","protected":false},"featured_media":17084,"comment_status":"closed","ping_status":"closed","template":"","meta":{"_acf_changed":false,"inline_featured_image":false,"_trash_the_other_posts":false,"ep_exclude_from_search":false,"iawp_total_views":1,"editor_notices":[]},"product_brand":[],"product_cat":[85,568,78],"product_tag":[],"class_list":{"0":"post-15695","1":"product","2":"type-product","3":"status-publish","4":"has-post-thumbnail","6":"product_cat-post-et-rail","7":"product_cat-cloture-post-et-rail-chataignier","8":"product_cat-clotures","10":"first","11":"instock","12":"shipping-taxable","13":"purchasable","14":"product-type-simple"},"composite_virtual":false,"composite_layout":"","composite_add_to_cart_form_location":"","composite_editable_in_cart":false,"composite_sold_individually_context":"","composite_shop_price_calc":"","composite_components":[],"composite_scenarios":[],"acf":[],"_links":{"self":[{"href":"https:\/\/adequat.eu\/fr-be\/wp-json\/wp\/v2\/product\/15695","targetHints":{"allow":["GET"]}}],"collection":[{"href":"https:\/\/adequat.eu\/fr-be\/wp-json\/wp\/v2\/product"}],"about":[{"href":"https:\/\/adequat.eu\/fr-be\/wp-json\/wp\/v2\/types\/product"}],"replies":[{"embeddable":true,"href":"https:\/\/adequat.eu\/fr-be\/wp-json\/wp\/v2\/comments?post=15695"}],"wp:featuredmedia":[{"embeddable":true,"href":"https:\/\/adequat.eu\/fr-be\/wp-json\/wp\/v2\/media\/17084"}],"wp:attachment":[{"href":"https:\/\/adequat.eu\/fr-be\/wp-json\/wp\/v2\/media?parent=15695"}],"wp:term":[{"taxonomy":"product_brand","embeddable":true,"href":"https:\/\/adequat.eu\/fr-be\/wp-json\/wp\/v2\/product_brand?post=15695"},{"taxonomy":"product_cat","embeddable":true,"href":"https:\/\/adequat.eu\/fr-be\/wp-json\/wp\/v2\/product_cat?post=15695"},{"taxonomy":"product_tag","embeddable":true,"href":"https:\/\/adequat.eu\/fr-be\/wp-json\/wp\/v2\/product_tag?post=15695"}],"curies":[{"name":"wp","href":"https:\/\/api.w.org\/{rel}","templated":true}]}}