{"id":15697,"date":"2025-04-24T12:35:21","date_gmt":"2025-04-24T10:35:21","guid":{"rendered":"https:\/\/adequat.eu\/fr-be\/?post_type=product&#038;p=15697"},"modified":"2026-03-31T23:04:50","modified_gmt":"2026-03-31T21:04:50","slug":"t-post-kastanje-3-niveau-vierkant","status":"publish","type":"product","link":"https:\/\/adequat.eu\/fr-be\/product\/clotures\/post-et-rail\/piquet-t-en-chataignier-3-niveaux-carre-rustique\/","title":{"rendered":"Piquet T en ch\u00e2taignier 3 niveaux &#8211; carr\u00e9 rustique"},"content":{"rendered":"<p>Le <strong>piquet T en ch\u00e2taignier 3 niveaux carr\u00e9 rustique<\/strong> est un piquet carr\u00e9 en bois de ch\u00e2taignier d&rsquo;une longueur d&rsquo;environ 200 centim\u00e8tres. Lors de la pose, 80 centim\u00e8tres sont enfonc\u00e9s dans le sol, ce qui donne une longueur utile de 120 centim\u00e8tres. Ce <strong>piquet T en ch\u00e2taignier 3 niveaux<\/strong> <strong>carr\u00e9 rustique<\/strong> vous permet de r\u00e9aliser une bifurcation sur une ligne droite de votre cl\u00f4ture Post &amp; Rail, par exemple si vous souhaitez cr\u00e9er des trav\u00e9es suppl\u00e9mentaires.<\/p>\n<p>Le bois de ch\u00e2taignier est une essence durable et ne n\u00e9cessite aucun entretien. Le piquet en ch\u00e2taignier fait partie de notre syst\u00e8me de cl\u00f4ture Post &amp; Rail. Ce type de cl\u00f4ture est fr\u00e9quemment utilis\u00e9 comme cl\u00f4ture de p\u00e2turages et d&rsquo;enclos pour animaux. Ces piquets sont \u00e9galement disponibles en essensce de robinier: le <a href=\"https:\/\/adequat.eu\/fr\/product\/clotures\/post-et-rail\/post-t-en-robinier-3-niveaux\/\"><strong>piquet T en robinier 3 niveaux<\/strong><\/a>.<\/p>\n<p>Le terme rustique signifie, pour ce piquet, que celui-ci n&rsquo;est pas sci\u00e9 de fa\u00e7on parfaitement r\u00e9guli\u00e8re et rectiligne, mais qu&rsquo;il peut pr\u00e9senter une forme quelque peu organique due \u00e0 la pr\u00e9sence des flaches (parties de l&rsquo;aubier ou de l&rsquo;\u00e9corce visibles sur les ar\u00eates).<\/p>\n<h2>De combien de piquets ai-je besoin ?<\/h2>\n<p>Si vous souhaitez calculer le nombre de piquets n\u00e9cessaires, remplissez sans engagement notre pratique <a href=\"https:\/\/adequat.eu\/fr-be\/assemblez-votre-cloture\/post-rail\/\"><strong>outil de calcul<\/strong><\/a>. Celui-ci calcule pr\u00e9cis\u00e9ment ce dont vous avez besoin dans votre situation, ou bien demandez un <a href=\"https:\/\/adequat.eu\/fr-be\/service-et-contact\/\"><strong>devis<\/strong><\/a>.<\/p>\n","protected":false},"excerpt":{"rendered":"<p>Le piquet T en ch\u00e2taignier 3 niveaux carr\u00e9 rustique est un piquet carr\u00e9 en bois de ch\u00e2taignier d&rsquo;une longueur d&rsquo;environ 200 centim\u00e8tres. Lors de la&#8230;<\/p>\n","protected":false},"featured_media":17077,"comment_status":"closed","ping_status":"closed","template":"","meta":{"_acf_changed":false,"inline_featured_image":false,"_trash_the_other_posts":false,"ep_exclude_from_search":false,"iawp_total_views":1,"editor_notices":[]},"product_brand":[],"product_cat":[85,568,78],"product_tag":[],"class_list":{"0":"post-15697","1":"product","2":"type-product","3":"status-publish","4":"has-post-thumbnail","6":"product_cat-post-et-rail","7":"product_cat-cloture-post-et-rail-chataignier","8":"product_cat-clotures","10":"first","11":"instock","12":"shipping-taxable","13":"purchasable","14":"product-type-simple"},"composite_virtual":false,"composite_layout":"","composite_add_to_cart_form_location":"","composite_editable_in_cart":false,"composite_sold_individually_context":"","composite_shop_price_calc":"","composite_components":[],"composite_scenarios":[],"acf":[],"_links":{"self":[{"href":"https:\/\/adequat.eu\/fr-be\/wp-json\/wp\/v2\/product\/15697","targetHints":{"allow":["GET"]}}],"collection":[{"href":"https:\/\/adequat.eu\/fr-be\/wp-json\/wp\/v2\/product"}],"about":[{"href":"https:\/\/adequat.eu\/fr-be\/wp-json\/wp\/v2\/types\/product"}],"replies":[{"embeddable":true,"href":"https:\/\/adequat.eu\/fr-be\/wp-json\/wp\/v2\/comments?post=15697"}],"wp:featuredmedia":[{"embeddable":true,"href":"https:\/\/adequat.eu\/fr-be\/wp-json\/wp\/v2\/media\/17077"}],"wp:attachment":[{"href":"https:\/\/adequat.eu\/fr-be\/wp-json\/wp\/v2\/media?parent=15697"}],"wp:term":[{"taxonomy":"product_brand","embeddable":true,"href":"https:\/\/adequat.eu\/fr-be\/wp-json\/wp\/v2\/product_brand?post=15697"},{"taxonomy":"product_cat","embeddable":true,"href":"https:\/\/adequat.eu\/fr-be\/wp-json\/wp\/v2\/product_cat?post=15697"},{"taxonomy":"product_tag","embeddable":true,"href":"https:\/\/adequat.eu\/fr-be\/wp-json\/wp\/v2\/product_tag?post=15697"}],"curies":[{"name":"wp","href":"https:\/\/api.w.org\/{rel}","templated":true}]}}