{"id":15700,"date":"2026-01-23T18:35:48","date_gmt":"2026-01-23T17:35:48","guid":{"rendered":"https:\/\/adequat.eu\/fr-be\/?post_type=product&#038;p=15700"},"modified":"2026-03-31T18:13:18","modified_gmt":"2026-03-31T16:13:18","slug":"eindpost-kastanje-3-niveau-rond","status":"publish","type":"product","link":"https:\/\/adequat.eu\/fr-be\/product\/clotures\/post-et-rail\/piquet-dextremite-en-chataignier-3-niveaux-rond\/","title":{"rendered":"Piquet d\u2019extr\u00e9mit\u00e9 en ch\u00e2taignier 3 niveaux \u2013 rond"},"content":{"rendered":"<h3 data-start=\"51\" data-end=\"104\">Piquet d\u2019extr\u00e9mit\u00e9 en ch\u00e2taignier 3 niveaux \u2013 rond<\/h3>\n<p data-start=\"106\" data-end=\"369\">Le piquet d\u2019extr\u00e9mit\u00e9 en ch\u00e2taignier 3 niveaux \u2013 rond est un piquet rond en ch\u00e2taignier d\u2019une longueur d\u2019environ 200 cm. Lors de l\u2019installation, 80 cm sont enterr\u00e9s, ce qui donne une hauteur effective de 120 cm. Tr\u00e8s durable, le ch\u00e2taignier ne n\u00e9cessite aucun entretien.<\/p>\n<p data-start=\"371\" data-end=\"751\">Ce piquet fait partie de notre gamme de cl\u00f4tures\u00a0<strong data-start=\"420\" data-end=\"435\">Post &amp; Rail<\/strong>. Il permet d\u2019arrondir agr\u00e9ablement une cl\u00f4ture, par exemple si vous souhaitez la prolonger jusqu\u2019\u00e0 un mur. Les trous sont semi-perc\u00e9s et l\u2019extr\u00e9mit\u00e9 des poutres est soigneusement dissimul\u00e9e dans le montant, assurant une finition nette et soign\u00e9e. Ce type de cl\u00f4ture est couramment utilis\u00e9 pour d\u00e9limiter des pr\u00e9s.<\/p>\n<p data-start=\"753\" data-end=\"1184\">Ce piquet est \u00e9galement disponible en <strong>ch\u00e2taignier 3 niveaux \u2013 rond<\/strong>. Bien que le ch\u00e2taignier soit l\u00e9g\u00e8rement moins durable que le robinier, il pr\u00e9sente une forme plus r\u00e9guli\u00e8re. De plus, l\u2019\u00e9corce du ch\u00e2taignier peut \u00eatre dangereuse pour les chevaux. Les avis sont partag\u00e9s \u00e0 ce sujet, mais si vous pr\u00e9voyez de maintenir des chevaux derri\u00e8re une cl\u00f4ture <strong>Post &amp; Rail<\/strong>, nous vous recommandons vivement de choisir le <strong>ch\u00e2taignier<\/strong>.<\/p>\n<p data-start=\"1186\" data-end=\"1426\">Besoin d\u2019aide pour calculer le nombre de poteaux n\u00e9cessaires ? Remplissez sans engagement notre\u00a0<a href=\"https:\/\/adequat.eu\/fr-be\/assemblez-votre-cloture\/\"><strong data-start=\"1282\" data-end=\"1306\">calculateur pratique<\/strong><\/a>, qui vous permettra d\u2019obtenir une estimation pr\u00e9cise en fonction de votre situation, ou demandez un devis personnalis\u00e9.<\/p>\n","protected":false},"excerpt":{"rendered":"<p>Piquet d\u2019extr\u00e9mit\u00e9 en ch\u00e2taignier 3 niveaux \u2013 rond Le piquet d\u2019extr\u00e9mit\u00e9 en ch\u00e2taignier 3 niveaux \u2013 rond est un piquet rond en ch\u00e2taignier d\u2019une longueur&#8230;<\/p>\n","protected":false},"featured_media":15486,"comment_status":"closed","ping_status":"closed","template":"","meta":{"_acf_changed":false,"inline_featured_image":false,"_trash_the_other_posts":false,"ep_exclude_from_search":false,"iawp_total_views":4,"editor_notices":[]},"product_brand":[],"product_cat":[85,568,555,78,554,560],"product_tag":[],"class_list":{"0":"post-15700","1":"product","2":"type-product","3":"status-publish","4":"has-post-thumbnail","6":"product_cat-post-et-rail","7":"product_cat-cloture-post-et-rail-chataignier","8":"product_cat-cloture-pour-alpagas","9":"product_cat-clotures","10":"product_cat-clotures-pour-animaux","11":"product_cat-clotures-pour-chevaux","13":"first","14":"instock","15":"shipping-taxable","16":"purchasable","17":"product-type-simple"},"composite_virtual":false,"composite_layout":"","composite_add_to_cart_form_location":"","composite_editable_in_cart":false,"composite_sold_individually_context":"","composite_shop_price_calc":"","composite_components":[],"composite_scenarios":[],"acf":[],"_links":{"self":[{"href":"https:\/\/adequat.eu\/fr-be\/wp-json\/wp\/v2\/product\/15700","targetHints":{"allow":["GET"]}}],"collection":[{"href":"https:\/\/adequat.eu\/fr-be\/wp-json\/wp\/v2\/product"}],"about":[{"href":"https:\/\/adequat.eu\/fr-be\/wp-json\/wp\/v2\/types\/product"}],"replies":[{"embeddable":true,"href":"https:\/\/adequat.eu\/fr-be\/wp-json\/wp\/v2\/comments?post=15700"}],"wp:featuredmedia":[{"embeddable":true,"href":"https:\/\/adequat.eu\/fr-be\/wp-json\/wp\/v2\/media\/15486"}],"wp:attachment":[{"href":"https:\/\/adequat.eu\/fr-be\/wp-json\/wp\/v2\/media?parent=15700"}],"wp:term":[{"taxonomy":"product_brand","embeddable":true,"href":"https:\/\/adequat.eu\/fr-be\/wp-json\/wp\/v2\/product_brand?post=15700"},{"taxonomy":"product_cat","embeddable":true,"href":"https:\/\/adequat.eu\/fr-be\/wp-json\/wp\/v2\/product_cat?post=15700"},{"taxonomy":"product_tag","embeddable":true,"href":"https:\/\/adequat.eu\/fr-be\/wp-json\/wp\/v2\/product_tag?post=15700"}],"curies":[{"name":"wp","href":"https:\/\/api.w.org\/{rel}","templated":true}]}}