{"id":15930,"date":"2025-05-16T11:45:51","date_gmt":"2025-05-16T09:45:51","guid":{"rendered":"https:\/\/adequat.eu\/fr-be\/?post_type=product&#038;p=15930"},"modified":"2025-11-20T11:11:56","modified_gmt":"2025-11-20T10:11:56","slug":"borne-lumineuse-carree-rustique-bella-chataignier-preparee-pour-lampe-in-lite","status":"publish","type":"product","link":"https:\/\/adequat.eu\/fr-be\/product\/eclairage\/borne-lumineuse-carree-rustique-bella-chataignier-preparee-pour-lampe-in-lite\/","title":{"rendered":"Borne lumineuse carr\u00e9e rustique Bella ch\u00e2taignier, pr\u00e9par\u00e9e pour lampe In-lite FLUX"},"content":{"rendered":"<p><strong>Vous cherchez \u00e0 moderniser votre ext\u00e9rieur avec des solutions intelligentes et esth\u00e9tiques ? Cette borne lumineuse, pr\u00e9par\u00e9e pour lampe In-lite, s\u2019y pr\u00eate parfaitement. Gr\u00e2ce \u00e0 une application, vous pouvez facilement d\u00e9finir quand chaque lampe s\u2019allume, ajuster l\u2019intensit\u00e9 selon l\u2019ambiance souhait\u00e9e, et cr\u00e9er un plan d\u2019\u00e9clairage enti\u00e8rement personnalis\u00e9.<\/strong><\/p>\n<h2>Le syst\u00e8me In-lite pour un \u00e9clairage ext\u00e9rieur moderne<\/h2>\n<p>Fonctionnant en basse tension (12 volts), il est facile \u00e0 installer soi-m\u00eame. Pour ceux qui souhaitent combiner la chaleur naturelle du bois avec cette technologie moderne, nous avons sp\u00e9cialement con\u00e7u cette borne en ch\u00e2taignier, pr\u00e9par\u00e9e pour accueillir une lampe In-lite. Vous profitez ainsi du design authentique de nos gammes Billy, Bella en Bobby alli\u00e9 \u00e0 la flexibilit\u00e9 du syst\u00e8me In-lite. \u00c0 la fois ing\u00e9nieux et esth\u00e9tique !<\/p>\n<p><strong>Remarque : cette borne est livr\u00e9e sans \u00e9clairage ni technologie int\u00e9gr\u00e9e. Vous achetez un poteau en bois, enti\u00e8rement pr\u00e9par\u00e9 pour accueillir le spot au sol In-lite FLUX \u2013 \u00d8 60 mm.<\/strong><\/p>\n<h2>Plusieurs variantes disponibles<\/h2>\n<p>La borne lumineuse <em>pr\u00e9par\u00e9e pour lampe In-lite <\/em>est propos\u00e9e dans diff\u00e9rentes finitions, pour s\u2019adapter \u00e0 tous les styles de jardin :<\/p>\n<ul>\n<li><strong>borne carr\u00e9e en bois de ch\u00e2taignier Bobby<\/strong>, parfait pour un am\u00e9nagement moderne et \u00e9pur\u00e9.<\/li>\n<li><strong>borne ronde en bois de robinier Billy<\/strong>, une version tr\u00e8s durable, au charme naturel affirm\u00e9.<\/li>\n<li><strong>borne ronde en bois de ch\u00e2taignier Billy<\/strong>, une version intemporelle et naturelle.<\/li>\n<li><strong>borne carree rustique de ch\u00e2taignier Bella<\/strong>, laissant appara\u00eetre la forme naturelle de l\u2019arbre.<\/li>\n<\/ul>\n<h2>Bon \u00e0 savoir<\/h2>\n<p>Si vous souhaitez combiner cette borne lumineuse avec une borne de prise ext\u00e9rieure, pr\u00e9voyez deux c\u00e2bles d\u2019alimentation s\u00e9par\u00e9s.<\/p>\n<h2>Dimensions<\/h2>\n<p>Cette borne mesure entre 16 et 22 cm de diam\u00e8tre et 150 cm de long. Elle s\u2019enfonce g\u00e9n\u00e9ralement de 60 \u00e0 70 cm dans le sol, ce qui donne une hauteur apparente de 80 \u00e0 90 cm, ajustable selon vos pr\u00e9f\u00e9rences. Plus le luminaire est positionn\u00e9 haut, plus la lumi\u00e8re est diffuse et \u00e9tendue.<\/p>\n","protected":false},"excerpt":{"rendered":"<p>Vous cherchez \u00e0 moderniser votre ext\u00e9rieur avec des solutions intelligentes et esth\u00e9tiques ? Cette borne lumineuse, pr\u00e9par\u00e9e pour lampe In-lite, s\u2019y pr\u00eate parfaitement. Gr\u00e2ce \u00e0&#8230;<\/p>\n","protected":false},"featured_media":15889,"comment_status":"closed","ping_status":"closed","template":"","meta":{"_acf_changed":false,"inline_featured_image":false,"_trash_the_other_posts":false,"ep_exclude_from_search":false,"iawp_total_views":3,"editor_notices":[]},"product_brand":[],"product_cat":[358,518],"product_tag":[],"class_list":{"0":"post-15930","1":"product","2":"type-product","3":"status-publish","4":"has-post-thumbnail","6":"product_cat-eclairage","7":"product_cat-bornes-eclairage-exterieur","9":"first","10":"instock","11":"shipping-taxable","12":"purchasable","13":"product-type-simple"},"composite_virtual":false,"composite_layout":"","composite_add_to_cart_form_location":"","composite_editable_in_cart":false,"composite_sold_individually_context":"","composite_shop_price_calc":"","composite_components":[],"composite_scenarios":[],"acf":[],"_links":{"self":[{"href":"https:\/\/adequat.eu\/fr-be\/wp-json\/wp\/v2\/product\/15930","targetHints":{"allow":["GET"]}}],"collection":[{"href":"https:\/\/adequat.eu\/fr-be\/wp-json\/wp\/v2\/product"}],"about":[{"href":"https:\/\/adequat.eu\/fr-be\/wp-json\/wp\/v2\/types\/product"}],"replies":[{"embeddable":true,"href":"https:\/\/adequat.eu\/fr-be\/wp-json\/wp\/v2\/comments?post=15930"}],"wp:featuredmedia":[{"embeddable":true,"href":"https:\/\/adequat.eu\/fr-be\/wp-json\/wp\/v2\/media\/15889"}],"wp:attachment":[{"href":"https:\/\/adequat.eu\/fr-be\/wp-json\/wp\/v2\/media?parent=15930"}],"wp:term":[{"taxonomy":"product_brand","embeddable":true,"href":"https:\/\/adequat.eu\/fr-be\/wp-json\/wp\/v2\/product_brand?post=15930"},{"taxonomy":"product_cat","embeddable":true,"href":"https:\/\/adequat.eu\/fr-be\/wp-json\/wp\/v2\/product_cat?post=15930"},{"taxonomy":"product_tag","embeddable":true,"href":"https:\/\/adequat.eu\/fr-be\/wp-json\/wp\/v2\/product_tag?post=15930"}],"curies":[{"name":"wp","href":"https:\/\/api.w.org\/{rel}","templated":true}]}}