{"id":15934,"date":"2025-05-16T12:04:59","date_gmt":"2025-05-16T10:04:59","guid":{"rendered":"https:\/\/adequat.eu\/fr-be\/?post_type=product&#038;p=15934"},"modified":"2025-10-16T13:23:07","modified_gmt":"2025-10-16T11:23:07","slug":"prise-exterieure-sur-borne-caree-rustique-bella-chataignier","status":"publish","type":"product","link":"https:\/\/adequat.eu\/fr-be\/product\/eclairage\/prise-exterieure-sur-borne-caree-rustique-bella-chataignier\/","title":{"rendered":"Prise ext\u00e9rieure sur borne car\u00e9e rustique Bella ch\u00e2taignier"},"content":{"rendered":"<h2 data-start=\"155\" data-end=\"243\">Pratique, s\u00fbre et esth\u00e9tique<\/h2>\n<p class=\"\" data-start=\"245\" data-end=\"587\">Une prise ext\u00e9rieure sur borne, c\u2019est incroyablement pratique. Fini les rallonges interminables pour tailler votre haie avec un taille-haie \u00e9lectrique, ou les enrouleurs encombrants pour brancher un barbecue \u00e9lectrique. Et que dire d\u2019une prise pr\u00e8s de votre abri \u00e0 v\u00e9los ? Parfait pour recharger la batterie!<\/p>\n<p class=\"\" data-start=\"589\" data-end=\"968\">La s\u00e9curit\u00e9 avant tout : la prise ext\u00e9rieure est pr\u00e9install\u00e9e dans le poteau et discr\u00e8tement dissimul\u00e9e derri\u00e8re un petit volet en bois. Il ne vous reste plus qu\u2019\u00e0 raccorder votre c\u00e2ble d\u2019alimentation au c\u00e2ble d\u00e9j\u00e0 connect\u00e9 \u00e0 la prise. Des clips Wago et une bo\u00eete de raccordement Wago sont fournis pour garantir une connexion simple et parfaitement \u00e9tanche entre les deux c\u00e2bles.<\/p>\n<h2 data-start=\"142\" data-end=\"186\">Une borne styl\u00e9e<\/h2>\n<p class=\"\" data-start=\"188\" data-end=\"524\">En plus d\u2019\u00eatre fonctionnelle, cette borne de prise ext\u00e9rieure apporte une vraie valeur esth\u00e9tique \u00e0 votre jardin. Son design naturel et \u00e9pur\u00e9 lui permet de s\u2019int\u00e9grer harmonieusement dans tous les styles d\u2019am\u00e9nagement ext\u00e9rieur. Elle s\u2019accorde parfaitement avec notre gamme d\u2019\u00e9clairages ext\u00e9rieurs <strong data-start=\"486\" data-end=\"495\">Bella<\/strong>, con\u00e7ue dans le m\u00eame esprit.<\/p>\n<p class=\"\" data-start=\"526\" data-end=\"696\"><strong data-start=\"526\" data-end=\"537\">\u00c0 noter<\/strong> : si vous souhaitez installer \u00e0 la fois des bornes lumineuses et des bornes de prises dans votre jardin, veillez \u00e0 pr\u00e9voir des circuits \u00e9lectriques distincts.<\/p>\n<h2 data-start=\"1575\" data-end=\"1593\">Dimensions<\/h2>\n<ul data-start=\"1595\" data-end=\"2096\">\n<li class=\"\" data-start=\"1595\" data-end=\"1821\">\n<p class=\"\" data-start=\"1597\" data-end=\"1821\">Diam\u00e8tre de 16 \u00e0 22 cm et une longueur de 150 cm. La borne s\u2019enfonce dans le sol sur 60 \u00e0 70 cm, ce qui donne une hauteur visible d\u2019environ 80 \u00e0 90 cm, selon vos pr\u00e9f\u00e9rences.<\/p>\n<\/li>\n<li class=\"\" data-start=\"1822\" data-end=\"1939\">\n<p class=\"\" data-start=\"1824\" data-end=\"1939\">La prise est de forme carr\u00e9e, avec des dimensions de 7,5 x 7,5 cm, positionn\u00e9e \u00e0 environ 22 cm du sommet du poteau.<\/p>\n<\/li>\n<li class=\"\" data-start=\"1940\" data-end=\"2096\">\n<p class=\"\" data-start=\"1942\" data-end=\"2096\">En cas d\u2019option pour une <strong data-start=\"1967\" data-end=\"1983\">prise double<\/strong>, la seconde prise est plac\u00e9e juste en dessous de la premi\u00e8re. Les dimensions du bloc double sont de 15 x 7,5 cm.<\/p>\n<\/li>\n<\/ul>\n","protected":false},"excerpt":{"rendered":"<p>Pratique, s\u00fbre et esth\u00e9tique Une prise ext\u00e9rieure sur borne, c\u2019est incroyablement pratique. Fini les rallonges interminables pour tailler votre haie avec un taille-haie \u00e9lectrique, ou&#8230;<\/p>\n","protected":false},"featured_media":15898,"comment_status":"closed","ping_status":"closed","template":"","meta":{"_acf_changed":false,"inline_featured_image":false,"_trash_the_other_posts":false,"ep_exclude_from_search":false,"iawp_total_views":4,"editor_notices":[]},"product_brand":[],"product_cat":[358,517],"product_tag":[],"class_list":{"0":"post-15934","1":"product","2":"type-product","3":"status-publish","4":"has-post-thumbnail","6":"product_cat-eclairage","7":"product_cat-prise-de-courant-exterieur","9":"first","10":"instock","11":"shipping-taxable","12":"purchasable","13":"product-type-variable","14":"has-default-attributes"},"composite_virtual":false,"composite_layout":"","composite_add_to_cart_form_location":"","composite_editable_in_cart":false,"composite_sold_individually_context":"","composite_shop_price_calc":"","composite_components":[],"composite_scenarios":[],"acf":[],"_links":{"self":[{"href":"https:\/\/adequat.eu\/fr-be\/wp-json\/wp\/v2\/product\/15934","targetHints":{"allow":["GET"]}}],"collection":[{"href":"https:\/\/adequat.eu\/fr-be\/wp-json\/wp\/v2\/product"}],"about":[{"href":"https:\/\/adequat.eu\/fr-be\/wp-json\/wp\/v2\/types\/product"}],"replies":[{"embeddable":true,"href":"https:\/\/adequat.eu\/fr-be\/wp-json\/wp\/v2\/comments?post=15934"}],"wp:featuredmedia":[{"embeddable":true,"href":"https:\/\/adequat.eu\/fr-be\/wp-json\/wp\/v2\/media\/15898"}],"wp:attachment":[{"href":"https:\/\/adequat.eu\/fr-be\/wp-json\/wp\/v2\/media?parent=15934"}],"wp:term":[{"taxonomy":"product_brand","embeddable":true,"href":"https:\/\/adequat.eu\/fr-be\/wp-json\/wp\/v2\/product_brand?post=15934"},{"taxonomy":"product_cat","embeddable":true,"href":"https:\/\/adequat.eu\/fr-be\/wp-json\/wp\/v2\/product_cat?post=15934"},{"taxonomy":"product_tag","embeddable":true,"href":"https:\/\/adequat.eu\/fr-be\/wp-json\/wp\/v2\/product_tag?post=15934"}],"curies":[{"name":"wp","href":"https:\/\/api.w.org\/{rel}","templated":true}]}}